{"id":3923,"date":"2023-01-15T16:29:16","date_gmt":"2023-01-15T15:29:16","guid":{"rendered":"https:\/\/legrenierdelatour.be\/brocante\/?post_type=product&#038;p=3923"},"modified":"2023-01-15T16:29:16","modified_gmt":"2023-01-15T15:29:16","slug":"buste-dune-vierge-a-lenfant-depose-186","status":"publish","type":"product","link":"https:\/\/legrenierdelatour.be\/brocante\/produit\/buste-dune-vierge-a-lenfant-depose-186\/","title":{"rendered":"Buste d&rsquo;une Vierge \u00e0 l&rsquo;Enfant, D\u00e9pos\u00e9 186"},"content":{"rendered":"<p>Statuette de Vierge \u00e0 l\u2019enfant (13 cm de haut) en pl\u00e2tre cir\u00e9, marqu\u00e9 \u00ab\u00a0D\u00e9pos\u00e9 186\u00a0\u00bb \u00e0 l\u2019arri\u00e8re. Elle est en excellent \u00e9tat et est sans doute une production des ann\u00e9es 1950, en Belgique.<\/p>\n<div>R\u00e9f 16.14<\/div>\n","protected":false},"excerpt":{"rendered":"<p>Statuette de Vierge \u00e0 l\u2019enfant (13 cm de haut) en pl\u00e2tre cir\u00e9, marqu\u00e9 \u00ab\u00a0D\u00e9pos\u00e9 186\u00a0\u00bb \u00e0 l\u2019arri\u00e8re. Elle est en excellent \u00e9tat et est sans doute une production des ann\u00e9es 1950, en Belgique. R\u00e9f 16.14<\/p>\n","protected":false},"featured_media":3924,"comment_status":"open","ping_status":"closed","template":"","meta":{"neve_meta_sidebar":"","neve_meta_container":"","neve_meta_enable_content_width":"off","neve_meta_content_width":100,"neve_meta_title_alignment":"","neve_meta_author_avatar":"","neve_post_elements_order":"","neve_meta_disable_header":"","neve_meta_disable_footer":"","neve_meta_disable_title":""},"product_brand":[],"product_cat":[167,34],"product_tag":[79,35],"class_list":{"0":"post-3923","1":"product","2":"type-product","3":"status-publish","4":"has-post-thumbnail","6":"product_cat-peintures-et-sculptures","7":"product_cat-religiosa","8":"product_tag-art","9":"product_tag-religion","11":"first","12":"instock","13":"shipping-taxable","14":"purchasable","15":"product-type-simple"},"_links":{"self":[{"href":"https:\/\/legrenierdelatour.be\/brocante\/wp-json\/wp\/v2\/product\/3923","targetHints":{"allow":["GET"]}}],"collection":[{"href":"https:\/\/legrenierdelatour.be\/brocante\/wp-json\/wp\/v2\/product"}],"about":[{"href":"https:\/\/legrenierdelatour.be\/brocante\/wp-json\/wp\/v2\/types\/product"}],"replies":[{"embeddable":true,"href":"https:\/\/legrenierdelatour.be\/brocante\/wp-json\/wp\/v2\/comments?post=3923"}],"wp:featuredmedia":[{"embeddable":true,"href":"https:\/\/legrenierdelatour.be\/brocante\/wp-json\/wp\/v2\/media\/3924"}],"wp:attachment":[{"href":"https:\/\/legrenierdelatour.be\/brocante\/wp-json\/wp\/v2\/media?parent=3923"}],"wp:term":[{"taxonomy":"product_brand","embeddable":true,"href":"https:\/\/legrenierdelatour.be\/brocante\/wp-json\/wp\/v2\/product_brand?post=3923"},{"taxonomy":"product_cat","embeddable":true,"href":"https:\/\/legrenierdelatour.be\/brocante\/wp-json\/wp\/v2\/product_cat?post=3923"},{"taxonomy":"product_tag","embeddable":true,"href":"https:\/\/legrenierdelatour.be\/brocante\/wp-json\/wp\/v2\/product_tag?post=3923"}],"curies":[{"name":"wp","href":"https:\/\/api.w.org\/{rel}","templated":true}]}}