{"id":3916,"date":"2023-01-11T15:42:51","date_gmt":"2023-01-11T14:42:51","guid":{"rendered":"https:\/\/legrenierdelatour.be\/brocante\/?post_type=product&#038;p=3916"},"modified":"2023-01-11T15:42:51","modified_gmt":"2023-01-11T14:42:51","slug":"rangement-de-bureau-vintage","status":"publish","type":"product","link":"https:\/\/legrenierdelatour.be\/brocante\/produit\/rangement-de-bureau-vintage\/","title":{"rendered":"Rangement de bureau Vintage"},"content":{"rendered":"<p>Rangement pour bureau (20&#215;19 cm pour la fa\u00e7ade) constitu\u00e9 de 11 rangements pour petit mat\u00e9riel de bureau. Il est en plastique orange et date des ann\u00e9es 1970. Son \u00e9tat est tr\u00e8s bon si ce n\u2019est des traces de bic au fond de certains rangements.<\/p>\n<div>R\u00e9f 16.12<\/div>\n","protected":false},"excerpt":{"rendered":"<p>Rangement pour bureau (20&#215;19 cm pour la fa\u00e7ade) constitu\u00e9 de 11 rangements pour petit mat\u00e9riel de bureau. Il est en plastique orange et date des ann\u00e9es 1970. Son \u00e9tat est tr\u00e8s bon si ce n\u2019est des traces de bic au fond de certains rangements. R\u00e9f 16.12<\/p>\n","protected":false},"featured_media":3917,"comment_status":"open","ping_status":"closed","template":"","meta":{"neve_meta_sidebar":"","neve_meta_container":"","neve_meta_enable_content_width":"off","neve_meta_content_width":100,"neve_meta_title_alignment":"","neve_meta_author_avatar":"","neve_post_elements_order":"","neve_meta_disable_header":"","neve_meta_disable_footer":"","neve_meta_disable_title":""},"product_brand":[],"product_cat":[183],"product_tag":[122,28],"class_list":{"0":"post-3916","1":"product","2":"type-product","3":"status-publish","4":"has-post-thumbnail","6":"product_cat-bureau-et-fumoir","7":"product_tag-bureau","8":"product_tag-vintage","10":"first","11":"instock","12":"shipping-taxable","13":"purchasable","14":"product-type-simple"},"_links":{"self":[{"href":"https:\/\/legrenierdelatour.be\/brocante\/wp-json\/wp\/v2\/product\/3916","targetHints":{"allow":["GET"]}}],"collection":[{"href":"https:\/\/legrenierdelatour.be\/brocante\/wp-json\/wp\/v2\/product"}],"about":[{"href":"https:\/\/legrenierdelatour.be\/brocante\/wp-json\/wp\/v2\/types\/product"}],"replies":[{"embeddable":true,"href":"https:\/\/legrenierdelatour.be\/brocante\/wp-json\/wp\/v2\/comments?post=3916"}],"wp:featuredmedia":[{"embeddable":true,"href":"https:\/\/legrenierdelatour.be\/brocante\/wp-json\/wp\/v2\/media\/3917"}],"wp:attachment":[{"href":"https:\/\/legrenierdelatour.be\/brocante\/wp-json\/wp\/v2\/media?parent=3916"}],"wp:term":[{"taxonomy":"product_brand","embeddable":true,"href":"https:\/\/legrenierdelatour.be\/brocante\/wp-json\/wp\/v2\/product_brand?post=3916"},{"taxonomy":"product_cat","embeddable":true,"href":"https:\/\/legrenierdelatour.be\/brocante\/wp-json\/wp\/v2\/product_cat?post=3916"},{"taxonomy":"product_tag","embeddable":true,"href":"https:\/\/legrenierdelatour.be\/brocante\/wp-json\/wp\/v2\/product_tag?post=3916"}],"curies":[{"name":"wp","href":"https:\/\/api.w.org\/{rel}","templated":true}]}}