{"id":3909,"date":"2023-01-11T14:15:16","date_gmt":"2023-01-11T13:15:16","guid":{"rendered":"https:\/\/legrenierdelatour.be\/brocante\/?post_type=product&#038;p=3909"},"modified":"2023-01-11T14:15:16","modified_gmt":"2023-01-11T13:15:16","slug":"deux-vases-16-cerf-hubert-bequet","status":"publish","type":"product","link":"https:\/\/legrenierdelatour.be\/brocante\/produit\/deux-vases-16-cerf-hubert-bequet\/","title":{"rendered":"Deux vases 16 \u00ab\u00a0Cerf\u00a0\u00bb Hubert Bequet"},"content":{"rendered":"<p>Deux vases (22 cm de haut) issus de la manufacture Hubert Bequet \u00e0 Quaregnon en Belgique. Ils font partie d\u2019une garniture de chemin\u00e9e dont il manque l\u2019horloge. Ils sont en parfait \u00e9tat, et porte la repr\u00e9sentation \u00ab\u00a0Cerf\u00a0\u00bb, d\u00e9cor cr\u00e9\u00e9 par M.Demaude en 1957. Peints \u00e0 la main, ils sont le t\u00e9moin d\u2019une production de la fin des ann\u00e9es 1950-d\u00e9but des ann\u00e9es 1960.<\/p>\n<div>R\u00e9f 16.10<\/div>\n","protected":false},"excerpt":{"rendered":"<p>Deux vases (22 cm de haut) issus de la manufacture Hubert Bequet \u00e0 Quaregnon en Belgique. Ils font partie d\u2019une garniture de chemin\u00e9e dont il manque l\u2019horloge. Ils sont en parfait \u00e9tat, et porte la repr\u00e9sentation \u00ab\u00a0Cerf\u00a0\u00bb, d\u00e9cor cr\u00e9\u00e9 par M.Demaude en 1957. Peints \u00e0 la main, ils sont le t\u00e9moin d\u2019une production de la&hellip;&nbsp;<a href=\"https:\/\/legrenierdelatour.be\/brocante\/produit\/deux-vases-16-cerf-hubert-bequet\/\" class=\"\" rel=\"bookmark\">Lire la suite &raquo;<span class=\"screen-reader-text\">Deux vases 16 \u00ab\u00a0Cerf\u00a0\u00bb Hubert Bequet<\/span><\/a><\/p>\n","protected":false},"featured_media":3910,"comment_status":"open","ping_status":"closed","template":"","meta":{"neve_meta_sidebar":"","neve_meta_container":"","neve_meta_enable_content_width":"off","neve_meta_content_width":100,"neve_meta_title_alignment":"","neve_meta_author_avatar":"","neve_post_elements_order":"","neve_meta_disable_header":"","neve_meta_disable_footer":"","neve_meta_disable_title":""},"product_brand":[],"product_cat":[37,16,36],"product_tag":[40,19,38,39,28],"class_list":{"0":"post-3909","1":"product","2":"type-product","3":"status-publish","4":"has-post-thumbnail","6":"product_cat-belgique","7":"product_cat-ceramique","8":"product_cat-hubert-bequet","9":"product_tag-belgique","10":"product_tag-faience","11":"product_tag-hubert-bequet","12":"product_tag-quaregnon","13":"product_tag-vintage","15":"first","16":"instock","17":"shipping-taxable","18":"purchasable","19":"product-type-simple"},"_links":{"self":[{"href":"https:\/\/legrenierdelatour.be\/brocante\/wp-json\/wp\/v2\/product\/3909","targetHints":{"allow":["GET"]}}],"collection":[{"href":"https:\/\/legrenierdelatour.be\/brocante\/wp-json\/wp\/v2\/product"}],"about":[{"href":"https:\/\/legrenierdelatour.be\/brocante\/wp-json\/wp\/v2\/types\/product"}],"replies":[{"embeddable":true,"href":"https:\/\/legrenierdelatour.be\/brocante\/wp-json\/wp\/v2\/comments?post=3909"}],"wp:featuredmedia":[{"embeddable":true,"href":"https:\/\/legrenierdelatour.be\/brocante\/wp-json\/wp\/v2\/media\/3910"}],"wp:attachment":[{"href":"https:\/\/legrenierdelatour.be\/brocante\/wp-json\/wp\/v2\/media?parent=3909"}],"wp:term":[{"taxonomy":"product_brand","embeddable":true,"href":"https:\/\/legrenierdelatour.be\/brocante\/wp-json\/wp\/v2\/product_brand?post=3909"},{"taxonomy":"product_cat","embeddable":true,"href":"https:\/\/legrenierdelatour.be\/brocante\/wp-json\/wp\/v2\/product_cat?post=3909"},{"taxonomy":"product_tag","embeddable":true,"href":"https:\/\/legrenierdelatour.be\/brocante\/wp-json\/wp\/v2\/product_tag?post=3909"}],"curies":[{"name":"wp","href":"https:\/\/api.w.org\/{rel}","templated":true}]}}