{"id":3904,"date":"2023-01-11T14:04:29","date_gmt":"2023-01-11T13:04:29","guid":{"rendered":"https:\/\/legrenierdelatour.be\/brocante\/?post_type=product&#038;p=3904"},"modified":"2024-03-14T16:00:19","modified_gmt":"2024-03-14T15:00:19","slug":"tirelire-cger-1970","status":"publish","type":"product","link":"https:\/\/legrenierdelatour.be\/brocante\/produit\/tirelire-cger-1970\/","title":{"rendered":"Tirelire CGER 1970"},"content":{"rendered":"<p>Tirelire de la Caisse G\u00e9n\u00e9rale d\u2019Epargne et de Retraite CGER, fabriqu\u00e9e par la firme Geobra en Allemagne de l\u2019Ouest, qui fabrique \u00e9galement depuis 1975, les Playmobil. Une est l\u00e9g\u00e8rement ab\u00eem\u00e9e dessous et pr\u00e9sente des griffes. C\u2019est un \u00e9l\u00e9ment iconique des ann\u00e9es 70 en Belgique.<\/p>\n<div>R\u00e9f 16.09<\/div>\n","protected":false},"excerpt":{"rendered":"<p>Tirelire de la Caisse G\u00e9n\u00e9rale d\u2019Epargne et de Retraite CGER, fabriqu\u00e9e par la firme Geobra en Allemagne de l\u2019Ouest, qui fabrique \u00e9galement depuis 1975, les Playmobil. Une est l\u00e9g\u00e8rement ab\u00eem\u00e9e dessous et pr\u00e9sente des griffes. C\u2019est un \u00e9l\u00e9ment iconique des ann\u00e9es 70 en Belgique. R\u00e9f 16.09<\/p>\n","protected":false},"featured_media":6309,"comment_status":"open","ping_status":"closed","template":"","meta":{"neve_meta_sidebar":"","neve_meta_container":"","neve_meta_enable_content_width":"off","neve_meta_content_width":100,"neve_meta_title_alignment":"","neve_meta_author_avatar":"","neve_post_elements_order":"","neve_meta_disable_header":"","neve_meta_disable_footer":"","neve_meta_disable_title":""},"product_brand":[],"product_cat":[173],"product_tag":[40,68,28],"class_list":{"0":"post-3904","1":"product","2":"type-product","3":"status-publish","4":"has-post-thumbnail","6":"product_cat-objets-de-publicite","7":"product_tag-belgique","8":"product_tag-publicite","9":"product_tag-vintage","11":"first","12":"instock","13":"shipping-taxable","14":"purchasable","15":"product-type-simple"},"_links":{"self":[{"href":"https:\/\/legrenierdelatour.be\/brocante\/wp-json\/wp\/v2\/product\/3904","targetHints":{"allow":["GET"]}}],"collection":[{"href":"https:\/\/legrenierdelatour.be\/brocante\/wp-json\/wp\/v2\/product"}],"about":[{"href":"https:\/\/legrenierdelatour.be\/brocante\/wp-json\/wp\/v2\/types\/product"}],"replies":[{"embeddable":true,"href":"https:\/\/legrenierdelatour.be\/brocante\/wp-json\/wp\/v2\/comments?post=3904"}],"wp:featuredmedia":[{"embeddable":true,"href":"https:\/\/legrenierdelatour.be\/brocante\/wp-json\/wp\/v2\/media\/6309"}],"wp:attachment":[{"href":"https:\/\/legrenierdelatour.be\/brocante\/wp-json\/wp\/v2\/media?parent=3904"}],"wp:term":[{"taxonomy":"product_brand","embeddable":true,"href":"https:\/\/legrenierdelatour.be\/brocante\/wp-json\/wp\/v2\/product_brand?post=3904"},{"taxonomy":"product_cat","embeddable":true,"href":"https:\/\/legrenierdelatour.be\/brocante\/wp-json\/wp\/v2\/product_cat?post=3904"},{"taxonomy":"product_tag","embeddable":true,"href":"https:\/\/legrenierdelatour.be\/brocante\/wp-json\/wp\/v2\/product_tag?post=3904"}],"curies":[{"name":"wp","href":"https:\/\/api.w.org\/{rel}","templated":true}]}}