{"id":3902,"date":"2023-01-11T13:42:14","date_gmt":"2023-01-11T12:42:14","guid":{"rendered":"https:\/\/legrenierdelatour.be\/brocante\/?post_type=product&#038;p=3902"},"modified":"2023-01-11T13:43:05","modified_gmt":"2023-01-11T12:43:05","slug":"salerons-en-verre-et-argent","status":"publish","type":"product","link":"https:\/\/legrenierdelatour.be\/brocante\/produit\/salerons-en-verre-et-argent\/","title":{"rendered":"Salerons en verre et argent"},"content":{"rendered":"<p>Deux salerons en verre (5 cm de diam\u00e8tre) dans un support sans doute en m\u00e9tal argent\u00e9. Pas de marque visible. Ils sont accompagn\u00e9s d\u2019une mini pince. Ils sont en tr\u00e8s bon \u00e9tat.<\/p>\n<div>R\u00e9f 16.07<\/div>\n","protected":false},"excerpt":{"rendered":"<p>Deux salerons en verre (5 cm de diam\u00e8tre) dans un support sans doute en m\u00e9tal argent\u00e9. Pas de marque visible. Ils sont accompagn\u00e9s d\u2019une mini pince. Ils sont en tr\u00e8s bon \u00e9tat. R\u00e9f 16.07<\/p>\n","protected":false},"featured_media":3903,"comment_status":"open","ping_status":"closed","template":"","meta":{"neve_meta_sidebar":"","neve_meta_container":"","neve_meta_enable_content_width":"off","neve_meta_content_width":100,"neve_meta_title_alignment":"","neve_meta_author_avatar":"","neve_post_elements_order":"","neve_meta_disable_header":"","neve_meta_disable_footer":"","neve_meta_disable_title":""},"product_brand":[],"product_cat":[172,109,22],"product_tag":[28],"class_list":{"0":"post-3902","1":"product","2":"type-product","3":"status-publish","4":"has-post-thumbnail","6":"product_cat-en-cuisine","7":"product_cat-metal","8":"product_cat-verrerie","9":"product_tag-vintage","11":"first","12":"instock","13":"shipping-taxable","14":"purchasable","15":"product-type-simple"},"_links":{"self":[{"href":"https:\/\/legrenierdelatour.be\/brocante\/wp-json\/wp\/v2\/product\/3902","targetHints":{"allow":["GET"]}}],"collection":[{"href":"https:\/\/legrenierdelatour.be\/brocante\/wp-json\/wp\/v2\/product"}],"about":[{"href":"https:\/\/legrenierdelatour.be\/brocante\/wp-json\/wp\/v2\/types\/product"}],"replies":[{"embeddable":true,"href":"https:\/\/legrenierdelatour.be\/brocante\/wp-json\/wp\/v2\/comments?post=3902"}],"wp:featuredmedia":[{"embeddable":true,"href":"https:\/\/legrenierdelatour.be\/brocante\/wp-json\/wp\/v2\/media\/3903"}],"wp:attachment":[{"href":"https:\/\/legrenierdelatour.be\/brocante\/wp-json\/wp\/v2\/media?parent=3902"}],"wp:term":[{"taxonomy":"product_brand","embeddable":true,"href":"https:\/\/legrenierdelatour.be\/brocante\/wp-json\/wp\/v2\/product_brand?post=3902"},{"taxonomy":"product_cat","embeddable":true,"href":"https:\/\/legrenierdelatour.be\/brocante\/wp-json\/wp\/v2\/product_cat?post=3902"},{"taxonomy":"product_tag","embeddable":true,"href":"https:\/\/legrenierdelatour.be\/brocante\/wp-json\/wp\/v2\/product_tag?post=3902"}],"curies":[{"name":"wp","href":"https:\/\/api.w.org\/{rel}","templated":true}]}}