{"id":3892,"date":"2023-01-11T12:06:38","date_gmt":"2023-01-11T11:06:38","guid":{"rendered":"https:\/\/legrenierdelatour.be\/brocante\/?post_type=product&#038;p=3892"},"modified":"2023-01-11T12:06:38","modified_gmt":"2023-01-11T11:06:38","slug":"petit-plat-aperitif-a-anse-scoubidou","status":"publish","type":"product","link":"https:\/\/legrenierdelatour.be\/brocante\/produit\/petit-plat-aperitif-a-anse-scoubidou\/","title":{"rendered":"Petit plat ap\u00e9ritif \u00e0 anse scoubidou"},"content":{"rendered":"<p>Assiette-plat (19 cm de diam\u00e8tre) avec anse en m\u00e9tal et scoubidou, amovible. Elle porte le num\u00e9ro 4222 DS en creux, ainsi que 2341 en impression, sous l\u2019assiette. Elle est en parfait \u00e9tat date sans doute des ann\u00e9es 1970.<\/p>\n<div>R\u00e9f 16.02<\/div>\n","protected":false},"excerpt":{"rendered":"<p>Assiette-plat (19 cm de diam\u00e8tre) avec anse en m\u00e9tal et scoubidou, amovible. Elle porte le num\u00e9ro 4222 DS en creux, ainsi que 2341 en impression, sous l\u2019assiette. Elle est en parfait \u00e9tat date sans doute des ann\u00e9es 1970. R\u00e9f 16.02<\/p>\n","protected":false},"featured_media":3893,"comment_status":"open","ping_status":"closed","template":"","meta":{"neve_meta_sidebar":"","neve_meta_container":"","neve_meta_enable_content_width":"off","neve_meta_content_width":100,"neve_meta_title_alignment":"","neve_meta_author_avatar":"","neve_post_elements_order":"","neve_meta_disable_header":"","neve_meta_disable_footer":"","neve_meta_disable_title":""},"product_brand":[],"product_cat":[172,16],"product_tag":[19,28],"class_list":{"0":"post-3892","1":"product","2":"type-product","3":"status-publish","4":"has-post-thumbnail","6":"product_cat-en-cuisine","7":"product_cat-ceramique","8":"product_tag-faience","9":"product_tag-vintage","11":"first","12":"instock","13":"shipping-taxable","14":"purchasable","15":"product-type-simple"},"_links":{"self":[{"href":"https:\/\/legrenierdelatour.be\/brocante\/wp-json\/wp\/v2\/product\/3892","targetHints":{"allow":["GET"]}}],"collection":[{"href":"https:\/\/legrenierdelatour.be\/brocante\/wp-json\/wp\/v2\/product"}],"about":[{"href":"https:\/\/legrenierdelatour.be\/brocante\/wp-json\/wp\/v2\/types\/product"}],"replies":[{"embeddable":true,"href":"https:\/\/legrenierdelatour.be\/brocante\/wp-json\/wp\/v2\/comments?post=3892"}],"wp:featuredmedia":[{"embeddable":true,"href":"https:\/\/legrenierdelatour.be\/brocante\/wp-json\/wp\/v2\/media\/3893"}],"wp:attachment":[{"href":"https:\/\/legrenierdelatour.be\/brocante\/wp-json\/wp\/v2\/media?parent=3892"}],"wp:term":[{"taxonomy":"product_brand","embeddable":true,"href":"https:\/\/legrenierdelatour.be\/brocante\/wp-json\/wp\/v2\/product_brand?post=3892"},{"taxonomy":"product_cat","embeddable":true,"href":"https:\/\/legrenierdelatour.be\/brocante\/wp-json\/wp\/v2\/product_cat?post=3892"},{"taxonomy":"product_tag","embeddable":true,"href":"https:\/\/legrenierdelatour.be\/brocante\/wp-json\/wp\/v2\/product_tag?post=3892"}],"curies":[{"name":"wp","href":"https:\/\/api.w.org\/{rel}","templated":true}]}}