{"id":389,"date":"2022-02-16T10:56:05","date_gmt":"2022-02-16T09:56:05","guid":{"rendered":"https:\/\/legrenierdelatour.be\/brocante\/?post_type=product&#038;p=389"},"modified":"2022-05-19T17:30:05","modified_gmt":"2022-05-19T15:30:05","slug":"pots-a-epices-myosotis-nimy","status":"publish","type":"product","link":"https:\/\/legrenierdelatour.be\/brocante\/produit\/pots-a-epices-myosotis-nimy\/","title":{"rendered":"Pots \u00e0 \u00e9pices \u00ab\u00a0Myosotis\u00a0\u00bb Nimy"},"content":{"rendered":"<p>Deux pots \u00e0 \u00e9pices : sucre (17 cm haut) et huile (23 cm haut), avec le d\u00e9cor sans doute peint \u00e0 la main \u00ab\u00a0Myosotis\u00a0\u00bb, produit par la fa\u00efencerie de Nimy-lez-Mons (cachet brun) qui connut une production de 1789 \u00e0 1950. Ces pots \u00e0 \u00e9pices datent sans doute de la fin du 19\u00e8-d\u00e9but 20\u00e8 si\u00e8cle.<\/p>\n<p>r\u00e9f 5.33<\/p>\n","protected":false},"excerpt":{"rendered":"<p>Deux pots \u00e0 \u00e9pices : sucre (17 cm haut) et huile (23 cm haut), avec le d\u00e9cor sans doute peint \u00e0 la main \u00ab\u00a0Myosotis\u00a0\u00bb, produit par la fa\u00efencerie de Nimy-lez-Mons (cachet brun) qui connut une production de 1789 \u00e0 1950. Ces pots \u00e0 \u00e9pices datent sans doute de la fin du 19\u00e8-d\u00e9but 20\u00e8 si\u00e8cle. r\u00e9f&hellip;&nbsp;<a href=\"https:\/\/legrenierdelatour.be\/brocante\/produit\/pots-a-epices-myosotis-nimy\/\" class=\"\" rel=\"bookmark\">Lire la suite &raquo;<span class=\"screen-reader-text\">Pots \u00e0 \u00e9pices \u00ab\u00a0Myosotis\u00a0\u00bb Nimy<\/span><\/a><\/p>\n","protected":false},"featured_media":390,"comment_status":"open","ping_status":"closed","template":"","meta":{"neve_meta_sidebar":"","neve_meta_container":"","neve_meta_enable_content_width":"off","neve_meta_content_width":100,"neve_meta_title_alignment":"","neve_meta_author_avatar":"","neve_post_elements_order":"","neve_meta_disable_header":"","neve_meta_disable_footer":"","neve_meta_disable_title":""},"product_brand":[],"product_cat":[15,37,16,188],"product_tag":[40,19,43],"class_list":{"0":"post-389","1":"product","2":"type-product","3":"status-publish","4":"has-post-thumbnail","6":"product_cat-non-classe","7":"product_cat-belgique","8":"product_cat-ceramique","9":"product_cat-nimy","10":"product_tag-belgique","11":"product_tag-faience","12":"product_tag-nimy","14":"first","15":"instock","16":"shipping-taxable","17":"purchasable","18":"product-type-simple"},"_links":{"self":[{"href":"https:\/\/legrenierdelatour.be\/brocante\/wp-json\/wp\/v2\/product\/389","targetHints":{"allow":["GET"]}}],"collection":[{"href":"https:\/\/legrenierdelatour.be\/brocante\/wp-json\/wp\/v2\/product"}],"about":[{"href":"https:\/\/legrenierdelatour.be\/brocante\/wp-json\/wp\/v2\/types\/product"}],"replies":[{"embeddable":true,"href":"https:\/\/legrenierdelatour.be\/brocante\/wp-json\/wp\/v2\/comments?post=389"}],"wp:featuredmedia":[{"embeddable":true,"href":"https:\/\/legrenierdelatour.be\/brocante\/wp-json\/wp\/v2\/media\/390"}],"wp:attachment":[{"href":"https:\/\/legrenierdelatour.be\/brocante\/wp-json\/wp\/v2\/media?parent=389"}],"wp:term":[{"taxonomy":"product_brand","embeddable":true,"href":"https:\/\/legrenierdelatour.be\/brocante\/wp-json\/wp\/v2\/product_brand?post=389"},{"taxonomy":"product_cat","embeddable":true,"href":"https:\/\/legrenierdelatour.be\/brocante\/wp-json\/wp\/v2\/product_cat?post=389"},{"taxonomy":"product_tag","embeddable":true,"href":"https:\/\/legrenierdelatour.be\/brocante\/wp-json\/wp\/v2\/product_tag?post=389"}],"curies":[{"name":"wp","href":"https:\/\/api.w.org\/{rel}","templated":true}]}}