{"id":3864,"date":"2023-01-10T17:51:51","date_gmt":"2023-01-10T16:51:51","guid":{"rendered":"https:\/\/legrenierdelatour.be\/brocante\/?post_type=product&#038;p=3864"},"modified":"2023-01-10T17:51:51","modified_gmt":"2023-01-10T16:51:51","slug":"vase-819-21-es-ehmons-sohne-west-germany","status":"publish","type":"product","link":"https:\/\/legrenierdelatour.be\/brocante\/produit\/vase-819-21-es-ehmons-sohne-west-germany\/","title":{"rendered":"Vase 819-21 ES, Ehmons &#038; S\u00f6hne West Germany"},"content":{"rendered":"<p>Tr\u00e8s beau vase Fat Lava (21 cm de haut), West Germany, produit en Allemagne par la manufacture ES,Ehmons &amp; S\u00f6hne (1921-1974), vraisemblablement dans les ann\u00e9es 1970. Cette manufacture fond\u00e9e en 1921 \u00e0 Reinbach par Josef Emons &amp; S\u00f6hne est s\u00e9par\u00e9e en deux entit\u00e9s en 1948 : ES et Marei. En 1954, la manufacture commen\u00e7a \u00e0 produire de la c\u00e9ramique d\u2019art, avec comme designer Willi Hack (1954-74) et Hans Kraemer (1952-1968). Ce vase est en parfait \u00e9tat. Il ne porte ni num\u00e9ro, ni marque , mais il a la forme 819-21.<\/p>\n<div>R\u00e9f 15.99<\/div>\n","protected":false},"excerpt":{"rendered":"<p>Tr\u00e8s beau vase Fat Lava (21 cm de haut), West Germany, produit en Allemagne par la manufacture ES,Ehmons &amp; S\u00f6hne (1921-1974), vraisemblablement dans les ann\u00e9es 1970. Cette manufacture fond\u00e9e en 1921 \u00e0 Reinbach par Josef Emons &amp; S\u00f6hne est s\u00e9par\u00e9e en deux entit\u00e9s en 1948 : ES et Marei. En 1954, la manufacture commen\u00e7a \u00e0&hellip;&nbsp;<a href=\"https:\/\/legrenierdelatour.be\/brocante\/produit\/vase-819-21-es-ehmons-sohne-west-germany\/\" class=\"\" rel=\"bookmark\">Lire la suite &raquo;<span class=\"screen-reader-text\">Vase 819-21 ES, Ehmons &#038; S\u00f6hne West Germany<\/span><\/a><\/p>\n","protected":false},"featured_media":3865,"comment_status":"open","ping_status":"closed","template":"","meta":{"neve_meta_sidebar":"","neve_meta_container":"","neve_meta_enable_content_width":"off","neve_meta_content_width":100,"neve_meta_title_alignment":"","neve_meta_author_avatar":"","neve_post_elements_order":"","neve_meta_disable_header":"","neve_meta_disable_footer":"","neve_meta_disable_title":""},"product_brand":[],"product_cat":[48,16,47],"product_tag":[19,50,28,49],"class_list":{"0":"post-3864","1":"product","2":"type-product","3":"status-publish","4":"has-post-thumbnail","6":"product_cat-allemagne","7":"product_cat-ceramique","8":"product_cat-west-germany","9":"product_tag-faience","10":"product_tag-fat-lava","11":"product_tag-vintage","12":"product_tag-west-germany","14":"first","15":"instock","16":"shipping-taxable","17":"purchasable","18":"product-type-simple"},"_links":{"self":[{"href":"https:\/\/legrenierdelatour.be\/brocante\/wp-json\/wp\/v2\/product\/3864","targetHints":{"allow":["GET"]}}],"collection":[{"href":"https:\/\/legrenierdelatour.be\/brocante\/wp-json\/wp\/v2\/product"}],"about":[{"href":"https:\/\/legrenierdelatour.be\/brocante\/wp-json\/wp\/v2\/types\/product"}],"replies":[{"embeddable":true,"href":"https:\/\/legrenierdelatour.be\/brocante\/wp-json\/wp\/v2\/comments?post=3864"}],"wp:featuredmedia":[{"embeddable":true,"href":"https:\/\/legrenierdelatour.be\/brocante\/wp-json\/wp\/v2\/media\/3865"}],"wp:attachment":[{"href":"https:\/\/legrenierdelatour.be\/brocante\/wp-json\/wp\/v2\/media?parent=3864"}],"wp:term":[{"taxonomy":"product_brand","embeddable":true,"href":"https:\/\/legrenierdelatour.be\/brocante\/wp-json\/wp\/v2\/product_brand?post=3864"},{"taxonomy":"product_cat","embeddable":true,"href":"https:\/\/legrenierdelatour.be\/brocante\/wp-json\/wp\/v2\/product_cat?post=3864"},{"taxonomy":"product_tag","embeddable":true,"href":"https:\/\/legrenierdelatour.be\/brocante\/wp-json\/wp\/v2\/product_tag?post=3864"}],"curies":[{"name":"wp","href":"https:\/\/api.w.org\/{rel}","templated":true}]}}