{"id":3858,"date":"2023-01-10T16:41:20","date_gmt":"2023-01-10T15:41:20","guid":{"rendered":"https:\/\/legrenierdelatour.be\/brocante\/?post_type=product&#038;p=3858"},"modified":"2023-01-10T16:41:20","modified_gmt":"2023-01-10T15:41:20","slug":"vase-vintage-517-30","status":"publish","type":"product","link":"https:\/\/legrenierdelatour.be\/brocante\/produit\/vase-vintage-517-30\/","title":{"rendered":"Vase vintage 517-30"},"content":{"rendered":"<p>Tr\u00e8s beau vase (30 cm de haut) sans doute de fabrication allemande (West Germany) ou belge. Il porte le num\u00e9ro de forme 517, taille 30, et a un d\u00e9cor r\u00e9solument vintage. Il est en parfait \u00e9tat et date sans doute des ann\u00e9es 1970.<\/p>\n<div>R\u00e9f 15.95<\/div>\n","protected":false},"excerpt":{"rendered":"<p>Tr\u00e8s beau vase (30 cm de haut) sans doute de fabrication allemande (West Germany) ou belge. Il porte le num\u00e9ro de forme 517, taille 30, et a un d\u00e9cor r\u00e9solument vintage. Il est en parfait \u00e9tat et date sans doute des ann\u00e9es 1970. R\u00e9f 15.95<\/p>\n","protected":false},"featured_media":3859,"comment_status":"open","ping_status":"closed","template":"","meta":{"neve_meta_sidebar":"","neve_meta_container":"","neve_meta_enable_content_width":"off","neve_meta_content_width":100,"neve_meta_title_alignment":"","neve_meta_author_avatar":"","neve_post_elements_order":"","neve_meta_disable_header":"","neve_meta_disable_footer":"","neve_meta_disable_title":""},"product_brand":[],"product_cat":[48,37,16,47],"product_tag":[40,19,28,49],"class_list":{"0":"post-3858","1":"product","2":"type-product","3":"status-publish","4":"has-post-thumbnail","6":"product_cat-allemagne","7":"product_cat-belgique","8":"product_cat-ceramique","9":"product_cat-west-germany","10":"product_tag-belgique","11":"product_tag-faience","12":"product_tag-vintage","13":"product_tag-west-germany","15":"first","16":"instock","17":"shipping-taxable","18":"purchasable","19":"product-type-simple"},"_links":{"self":[{"href":"https:\/\/legrenierdelatour.be\/brocante\/wp-json\/wp\/v2\/product\/3858","targetHints":{"allow":["GET"]}}],"collection":[{"href":"https:\/\/legrenierdelatour.be\/brocante\/wp-json\/wp\/v2\/product"}],"about":[{"href":"https:\/\/legrenierdelatour.be\/brocante\/wp-json\/wp\/v2\/types\/product"}],"replies":[{"embeddable":true,"href":"https:\/\/legrenierdelatour.be\/brocante\/wp-json\/wp\/v2\/comments?post=3858"}],"wp:featuredmedia":[{"embeddable":true,"href":"https:\/\/legrenierdelatour.be\/brocante\/wp-json\/wp\/v2\/media\/3859"}],"wp:attachment":[{"href":"https:\/\/legrenierdelatour.be\/brocante\/wp-json\/wp\/v2\/media?parent=3858"}],"wp:term":[{"taxonomy":"product_brand","embeddable":true,"href":"https:\/\/legrenierdelatour.be\/brocante\/wp-json\/wp\/v2\/product_brand?post=3858"},{"taxonomy":"product_cat","embeddable":true,"href":"https:\/\/legrenierdelatour.be\/brocante\/wp-json\/wp\/v2\/product_cat?post=3858"},{"taxonomy":"product_tag","embeddable":true,"href":"https:\/\/legrenierdelatour.be\/brocante\/wp-json\/wp\/v2\/product_tag?post=3858"}],"curies":[{"name":"wp","href":"https:\/\/api.w.org\/{rel}","templated":true}]}}