{"id":384,"date":"2022-02-16T10:33:57","date_gmt":"2022-02-16T09:33:57","guid":{"rendered":"https:\/\/legrenierdelatour.be\/brocante\/?post_type=product&#038;p=384"},"modified":"2022-05-19T17:30:22","modified_gmt":"2022-05-19T15:30:22","slug":"bonbonniere-824-motifs-floraux-ceramique-montoise","status":"publish","type":"product","link":"https:\/\/legrenierdelatour.be\/brocante\/produit\/bonbonniere-824-motifs-floraux-ceramique-montoise\/","title":{"rendered":"Bonbonni\u00e8re 824 \u00ab\u00a0Motifs floraux\u00a0\u00bb C\u00e9ramique Montoise"},"content":{"rendered":"<p>Large bonbonni\u00e8re (7 cm haut) peinte \u00e0 la main de motifs floraux, produite par la fa\u00efencerie \u00ab\u00a0C\u00e9ramique Montoise.\u00a0Cette fa\u00efencerie fond\u00e9e en 1920 par Antoine Dubois et associ\u00e9s \u00e0 Mons sera active jusqu&rsquo;en 1950. le mod\u00e8le \u00ab\u00a0824\u00a0\u00bb est en creux sur le culot, avec un cachet reprenant les mentions \u00ab\u00a0Fabriqu\u00e9 en Belgique \/ C.M.\/ M.\u00a0\u00bb. tr\u00e8s bon \u00e9tat g\u00e9n\u00e9ral.<\/p>\n<p>R\u00e9f 7.21<\/p>\n","protected":false},"excerpt":{"rendered":"<p>Large bonbonni\u00e8re (7 cm haut) peinte \u00e0 la main de motifs floraux, produite par la fa\u00efencerie \u00ab\u00a0C\u00e9ramique Montoise.\u00a0Cette fa\u00efencerie fond\u00e9e en 1920 par Antoine Dubois et associ\u00e9s \u00e0 Mons sera active jusqu&rsquo;en 1950. le mod\u00e8le \u00ab\u00a0824\u00a0\u00bb est en creux sur le culot, avec un cachet reprenant les mentions \u00ab\u00a0Fabriqu\u00e9 en Belgique \/ C.M.\/ M.\u00a0\u00bb. tr\u00e8s&hellip;&nbsp;<a href=\"https:\/\/legrenierdelatour.be\/brocante\/produit\/bonbonniere-824-motifs-floraux-ceramique-montoise\/\" class=\"\" rel=\"bookmark\">Lire la suite &raquo;<span class=\"screen-reader-text\">Bonbonni\u00e8re 824 \u00ab\u00a0Motifs floraux\u00a0\u00bb C\u00e9ramique Montoise<\/span><\/a><\/p>\n","protected":false},"featured_media":387,"comment_status":"open","ping_status":"closed","template":"","meta":{"neve_meta_sidebar":"","neve_meta_container":"","neve_meta_enable_content_width":"off","neve_meta_content_width":100,"neve_meta_title_alignment":"","neve_meta_author_avatar":"","neve_post_elements_order":"","neve_meta_disable_header":"","neve_meta_disable_footer":"","neve_meta_disable_title":""},"product_brand":[],"product_cat":[15,37,187,16],"product_tag":[40,42,19,28],"class_list":{"0":"post-384","1":"product","2":"type-product","3":"status-publish","4":"has-post-thumbnail","6":"product_cat-non-classe","7":"product_cat-belgique","8":"product_cat-ceramique-montoise","9":"product_cat-ceramique","10":"product_tag-belgique","11":"product_tag-ceramique-montoise","12":"product_tag-faience","13":"product_tag-vintage","15":"first","16":"instock","17":"shipping-taxable","18":"purchasable","19":"product-type-simple"},"_links":{"self":[{"href":"https:\/\/legrenierdelatour.be\/brocante\/wp-json\/wp\/v2\/product\/384","targetHints":{"allow":["GET"]}}],"collection":[{"href":"https:\/\/legrenierdelatour.be\/brocante\/wp-json\/wp\/v2\/product"}],"about":[{"href":"https:\/\/legrenierdelatour.be\/brocante\/wp-json\/wp\/v2\/types\/product"}],"replies":[{"embeddable":true,"href":"https:\/\/legrenierdelatour.be\/brocante\/wp-json\/wp\/v2\/comments?post=384"}],"wp:featuredmedia":[{"embeddable":true,"href":"https:\/\/legrenierdelatour.be\/brocante\/wp-json\/wp\/v2\/media\/387"}],"wp:attachment":[{"href":"https:\/\/legrenierdelatour.be\/brocante\/wp-json\/wp\/v2\/media?parent=384"}],"wp:term":[{"taxonomy":"product_brand","embeddable":true,"href":"https:\/\/legrenierdelatour.be\/brocante\/wp-json\/wp\/v2\/product_brand?post=384"},{"taxonomy":"product_cat","embeddable":true,"href":"https:\/\/legrenierdelatour.be\/brocante\/wp-json\/wp\/v2\/product_cat?post=384"},{"taxonomy":"product_tag","embeddable":true,"href":"https:\/\/legrenierdelatour.be\/brocante\/wp-json\/wp\/v2\/product_tag?post=384"}],"curies":[{"name":"wp","href":"https:\/\/api.w.org\/{rel}","templated":true}]}}