{"id":3834,"date":"2023-01-07T21:17:08","date_gmt":"2023-01-07T20:17:08","guid":{"rendered":"https:\/\/legrenierdelatour.be\/brocante\/?post_type=product&#038;p=3834"},"modified":"2023-01-07T21:17:08","modified_gmt":"2023-01-07T20:17:08","slug":"vierge-de-lourdes-signee-dupont","status":"publish","type":"product","link":"https:\/\/legrenierdelatour.be\/brocante\/produit\/vierge-de-lourdes-signee-dupont\/","title":{"rendered":"Vierge de Lourdes sign\u00e9e Dupont"},"content":{"rendered":"<p>Belle Vierge de Lourdes en pl\u00e2tre (30 cm de haut) sign\u00e9e Dupont et annot\u00e9e dessous au crayon \u00ab\u00a0Lourdes le 12-9-1954 Jeanne Gonry\u00a0\u00bb. Elle est relativement en bon \u00e9tat, avec quelques griffes et un coup sur le c\u00f4t\u00e9.<\/p>\n<div>R\u00e9f 15.87<\/div>\n","protected":false},"excerpt":{"rendered":"<p>Belle Vierge de Lourdes en pl\u00e2tre (30 cm de haut) sign\u00e9e Dupont et annot\u00e9e dessous au crayon \u00ab\u00a0Lourdes le 12-9-1954 Jeanne Gonry\u00a0\u00bb. Elle est relativement en bon \u00e9tat, avec quelques griffes et un coup sur le c\u00f4t\u00e9. R\u00e9f 15.87<\/p>\n","protected":false},"featured_media":3835,"comment_status":"open","ping_status":"closed","template":"","meta":{"neve_meta_sidebar":"","neve_meta_container":"","neve_meta_enable_content_width":"off","neve_meta_content_width":100,"neve_meta_title_alignment":"","neve_meta_author_avatar":"","neve_post_elements_order":"","neve_meta_disable_header":"","neve_meta_disable_footer":"","neve_meta_disable_title":""},"product_brand":[],"product_cat":[167,34],"product_tag":[79,35],"class_list":{"0":"post-3834","1":"product","2":"type-product","3":"status-publish","4":"has-post-thumbnail","6":"product_cat-peintures-et-sculptures","7":"product_cat-religiosa","8":"product_tag-art","9":"product_tag-religion","11":"first","12":"instock","13":"shipping-taxable","14":"purchasable","15":"product-type-simple"},"_links":{"self":[{"href":"https:\/\/legrenierdelatour.be\/brocante\/wp-json\/wp\/v2\/product\/3834","targetHints":{"allow":["GET"]}}],"collection":[{"href":"https:\/\/legrenierdelatour.be\/brocante\/wp-json\/wp\/v2\/product"}],"about":[{"href":"https:\/\/legrenierdelatour.be\/brocante\/wp-json\/wp\/v2\/types\/product"}],"replies":[{"embeddable":true,"href":"https:\/\/legrenierdelatour.be\/brocante\/wp-json\/wp\/v2\/comments?post=3834"}],"wp:featuredmedia":[{"embeddable":true,"href":"https:\/\/legrenierdelatour.be\/brocante\/wp-json\/wp\/v2\/media\/3835"}],"wp:attachment":[{"href":"https:\/\/legrenierdelatour.be\/brocante\/wp-json\/wp\/v2\/media?parent=3834"}],"wp:term":[{"taxonomy":"product_brand","embeddable":true,"href":"https:\/\/legrenierdelatour.be\/brocante\/wp-json\/wp\/v2\/product_brand?post=3834"},{"taxonomy":"product_cat","embeddable":true,"href":"https:\/\/legrenierdelatour.be\/brocante\/wp-json\/wp\/v2\/product_cat?post=3834"},{"taxonomy":"product_tag","embeddable":true,"href":"https:\/\/legrenierdelatour.be\/brocante\/wp-json\/wp\/v2\/product_tag?post=3834"}],"curies":[{"name":"wp","href":"https:\/\/api.w.org\/{rel}","templated":true}]}}