{"id":3798,"date":"2023-01-04T17:47:08","date_gmt":"2023-01-04T16:47:08","guid":{"rendered":"https:\/\/legrenierdelatour.be\/brocante\/?post_type=product&#038;p=3798"},"modified":"2023-01-04T17:47:08","modified_gmt":"2023-01-04T16:47:08","slug":"vase-thulin-1960-vintage","status":"publish","type":"product","link":"https:\/\/legrenierdelatour.be\/brocante\/produit\/vase-thulin-1960-vintage\/","title":{"rendered":"Vase Thulin 1960 Vintage"},"content":{"rendered":"<p>Tr\u00e8s beau vase issu de la manufacture de Thulin et produit avant 1961. Il est numerot\u00e9 \u20264 1 (non d\u00e9termin\u00e9). Il a un tr\u00e8s beau d\u00e9cor et l\u2019int\u00e9rieur est \u00e9maill\u00e9 de vert tendre. Not\u00e9 dessous au bic : \u00ab\u00a0Jeannot \u00e0 sa marraine Villers le 15 ao\u00fbt 1961\u00a0\u00bb . Il est en excellent \u00e9tat.<\/p>\n<div>R\u00e9f 15.70<\/div>\n","protected":false},"excerpt":{"rendered":"<p>Tr\u00e8s beau vase issu de la manufacture de Thulin et produit avant 1961. Il est numerot\u00e9 \u20264 1 (non d\u00e9termin\u00e9). Il a un tr\u00e8s beau d\u00e9cor et l\u2019int\u00e9rieur est \u00e9maill\u00e9 de vert tendre. Not\u00e9 dessous au bic : \u00ab\u00a0Jeannot \u00e0 sa marraine Villers le 15 ao\u00fbt 1961\u00a0\u00bb . Il est en excellent \u00e9tat. R\u00e9f 15.70<\/p>\n","protected":false},"featured_media":3799,"comment_status":"open","ping_status":"closed","template":"","meta":{"neve_meta_sidebar":"","neve_meta_container":"","neve_meta_enable_content_width":"off","neve_meta_content_width":100,"neve_meta_title_alignment":"","neve_meta_author_avatar":"","neve_post_elements_order":"","neve_meta_disable_header":"","neve_meta_disable_footer":"","neve_meta_disable_title":""},"product_brand":[],"product_cat":[37,16,177],"product_tag":[40,19,46,28],"class_list":{"0":"post-3798","1":"product","2":"type-product","3":"status-publish","4":"has-post-thumbnail","6":"product_cat-belgique","7":"product_cat-ceramique","8":"product_cat-thulin","9":"product_tag-belgique","10":"product_tag-faience","11":"product_tag-thulin","12":"product_tag-vintage","14":"first","15":"instock","16":"shipping-taxable","17":"purchasable","18":"product-type-simple"},"_links":{"self":[{"href":"https:\/\/legrenierdelatour.be\/brocante\/wp-json\/wp\/v2\/product\/3798","targetHints":{"allow":["GET"]}}],"collection":[{"href":"https:\/\/legrenierdelatour.be\/brocante\/wp-json\/wp\/v2\/product"}],"about":[{"href":"https:\/\/legrenierdelatour.be\/brocante\/wp-json\/wp\/v2\/types\/product"}],"replies":[{"embeddable":true,"href":"https:\/\/legrenierdelatour.be\/brocante\/wp-json\/wp\/v2\/comments?post=3798"}],"wp:featuredmedia":[{"embeddable":true,"href":"https:\/\/legrenierdelatour.be\/brocante\/wp-json\/wp\/v2\/media\/3799"}],"wp:attachment":[{"href":"https:\/\/legrenierdelatour.be\/brocante\/wp-json\/wp\/v2\/media?parent=3798"}],"wp:term":[{"taxonomy":"product_brand","embeddable":true,"href":"https:\/\/legrenierdelatour.be\/brocante\/wp-json\/wp\/v2\/product_brand?post=3798"},{"taxonomy":"product_cat","embeddable":true,"href":"https:\/\/legrenierdelatour.be\/brocante\/wp-json\/wp\/v2\/product_cat?post=3798"},{"taxonomy":"product_tag","embeddable":true,"href":"https:\/\/legrenierdelatour.be\/brocante\/wp-json\/wp\/v2\/product_tag?post=3798"}],"curies":[{"name":"wp","href":"https:\/\/api.w.org\/{rel}","templated":true}]}}