{"id":3791,"date":"2023-01-03T18:39:58","date_gmt":"2023-01-03T17:39:58","guid":{"rendered":"https:\/\/legrenierdelatour.be\/brocante\/?post_type=product&#038;p=3791"},"modified":"2023-01-03T18:39:59","modified_gmt":"2023-01-03T17:39:59","slug":"coquetier-villeroy-et-boch-amsterdam","status":"publish","type":"product","link":"https:\/\/legrenierdelatour.be\/brocante\/produit\/coquetier-villeroy-et-boch-amsterdam\/","title":{"rendered":"Coquetier Villeroy et Boch Amsterdam"},"content":{"rendered":"<p>Coquetier (4,5 cm de haut) avec impression de la ville de Prinseneiland, produite par Villeroy et Boch sans doute dans les ann\u00e9es 1960, d\u2019apr\u00e8s le cachet. Il fait partie d\u2019un ensemble de fa\u00efence \u00e9dit\u00e9e sur Amsterdam<\/p>\n<div>R\u00e9f 15.73<\/div>\n","protected":false},"excerpt":{"rendered":"<p>Coquetier (4,5 cm de haut) avec impression de la ville de Prinseneiland, produite par Villeroy et Boch sans doute dans les ann\u00e9es 1960, d\u2019apr\u00e8s le cachet. Il fait partie d\u2019un ensemble de fa\u00efence \u00e9dit\u00e9e sur Amsterdam R\u00e9f 15.73<\/p>\n","protected":false},"featured_media":3792,"comment_status":"open","ping_status":"closed","template":"","meta":{"neve_meta_sidebar":"","neve_meta_container":"","neve_meta_enable_content_width":"off","neve_meta_content_width":100,"neve_meta_title_alignment":"","neve_meta_author_avatar":"","neve_post_elements_order":"","neve_meta_disable_header":"","neve_meta_disable_footer":"","neve_meta_disable_title":""},"product_brand":[],"product_cat":[16,165,29],"product_tag":[19,32,28],"class_list":{"0":"post-3791","1":"product","2":"type-product","3":"status-publish","4":"has-post-thumbnail","6":"product_cat-ceramique","7":"product_cat-luxembourg","8":"product_cat-villeroy-boch","9":"product_tag-faience","10":"product_tag-villeroy-et-boch","11":"product_tag-vintage","13":"first","14":"instock","15":"shipping-taxable","16":"purchasable","17":"product-type-simple"},"_links":{"self":[{"href":"https:\/\/legrenierdelatour.be\/brocante\/wp-json\/wp\/v2\/product\/3791","targetHints":{"allow":["GET"]}}],"collection":[{"href":"https:\/\/legrenierdelatour.be\/brocante\/wp-json\/wp\/v2\/product"}],"about":[{"href":"https:\/\/legrenierdelatour.be\/brocante\/wp-json\/wp\/v2\/types\/product"}],"replies":[{"embeddable":true,"href":"https:\/\/legrenierdelatour.be\/brocante\/wp-json\/wp\/v2\/comments?post=3791"}],"wp:featuredmedia":[{"embeddable":true,"href":"https:\/\/legrenierdelatour.be\/brocante\/wp-json\/wp\/v2\/media\/3792"}],"wp:attachment":[{"href":"https:\/\/legrenierdelatour.be\/brocante\/wp-json\/wp\/v2\/media?parent=3791"}],"wp:term":[{"taxonomy":"product_brand","embeddable":true,"href":"https:\/\/legrenierdelatour.be\/brocante\/wp-json\/wp\/v2\/product_brand?post=3791"},{"taxonomy":"product_cat","embeddable":true,"href":"https:\/\/legrenierdelatour.be\/brocante\/wp-json\/wp\/v2\/product_cat?post=3791"},{"taxonomy":"product_tag","embeddable":true,"href":"https:\/\/legrenierdelatour.be\/brocante\/wp-json\/wp\/v2\/product_tag?post=3791"}],"curies":[{"name":"wp","href":"https:\/\/api.w.org\/{rel}","templated":true}]}}