{"id":3781,"date":"2023-01-03T13:53:12","date_gmt":"2023-01-03T12:53:12","guid":{"rendered":"https:\/\/legrenierdelatour.be\/brocante\/?post_type=product&#038;p=3781"},"modified":"2023-01-03T13:53:13","modified_gmt":"2023-01-03T12:53:13","slug":"plat-hutschenreuther-bavaria","status":"publish","type":"product","link":"https:\/\/legrenierdelatour.be\/brocante\/produit\/plat-hutschenreuther-bavaria\/","title":{"rendered":"Plat Hutschenreuther Bavaria"},"content":{"rendered":"<p>Joli plat en porcelaine allemande (21cm de diam\u00e8tre) de la manufacture Hutschenreuther (cr\u00e9\u00e9e en 1814) \u00e0 Hohenberg. D\u2019apr\u00e8s la marque, ce plat en parfait \u00e9tat et d\u00e9cor\u00e9 de fleurs des champs, il date des ann\u00e9es 1969 et apr\u00e8s.<\/p>\n<div>R\u00e9f 15.68<\/div>\n","protected":false},"excerpt":{"rendered":"<p>Joli plat en porcelaine allemande (21cm de diam\u00e8tre) de la manufacture Hutschenreuther (cr\u00e9\u00e9e en 1814) \u00e0 Hohenberg. D\u2019apr\u00e8s la marque, ce plat en parfait \u00e9tat et d\u00e9cor\u00e9 de fleurs des champs, il date des ann\u00e9es 1969 et apr\u00e8s. R\u00e9f 15.68<\/p>\n","protected":false},"featured_media":3779,"comment_status":"open","ping_status":"closed","template":"","meta":{"neve_meta_sidebar":"","neve_meta_container":"","neve_meta_enable_content_width":"off","neve_meta_content_width":100,"neve_meta_title_alignment":"","neve_meta_author_avatar":"","neve_post_elements_order":"","neve_meta_disable_header":"","neve_meta_disable_footer":"","neve_meta_disable_title":""},"product_brand":[],"product_cat":[48,168,172,16],"product_tag":[154,74,28],"class_list":{"0":"post-3781","1":"product","2":"type-product","3":"status-publish","4":"has-post-thumbnail","6":"product_cat-allemagne","7":"product_cat-bavaria","8":"product_cat-en-cuisine","9":"product_cat-ceramique","10":"product_tag-bavaria","11":"product_tag-porcelaine","12":"product_tag-vintage","14":"first","15":"instock","16":"shipping-taxable","17":"purchasable","18":"product-type-simple"},"_links":{"self":[{"href":"https:\/\/legrenierdelatour.be\/brocante\/wp-json\/wp\/v2\/product\/3781","targetHints":{"allow":["GET"]}}],"collection":[{"href":"https:\/\/legrenierdelatour.be\/brocante\/wp-json\/wp\/v2\/product"}],"about":[{"href":"https:\/\/legrenierdelatour.be\/brocante\/wp-json\/wp\/v2\/types\/product"}],"replies":[{"embeddable":true,"href":"https:\/\/legrenierdelatour.be\/brocante\/wp-json\/wp\/v2\/comments?post=3781"}],"wp:featuredmedia":[{"embeddable":true,"href":"https:\/\/legrenierdelatour.be\/brocante\/wp-json\/wp\/v2\/media\/3779"}],"wp:attachment":[{"href":"https:\/\/legrenierdelatour.be\/brocante\/wp-json\/wp\/v2\/media?parent=3781"}],"wp:term":[{"taxonomy":"product_brand","embeddable":true,"href":"https:\/\/legrenierdelatour.be\/brocante\/wp-json\/wp\/v2\/product_brand?post=3781"},{"taxonomy":"product_cat","embeddable":true,"href":"https:\/\/legrenierdelatour.be\/brocante\/wp-json\/wp\/v2\/product_cat?post=3781"},{"taxonomy":"product_tag","embeddable":true,"href":"https:\/\/legrenierdelatour.be\/brocante\/wp-json\/wp\/v2\/product_tag?post=3781"}],"curies":[{"name":"wp","href":"https:\/\/api.w.org\/{rel}","templated":true}]}}