{"id":3773,"date":"2023-01-03T13:36:32","date_gmt":"2023-01-03T12:36:32","guid":{"rendered":"https:\/\/legrenierdelatour.be\/brocante\/?post_type=product&#038;p=3773"},"modified":"2023-01-03T13:36:33","modified_gmt":"2023-01-03T12:36:33","slug":"plat-a-fruits-bavaria-schumann","status":"publish","type":"product","link":"https:\/\/legrenierdelatour.be\/brocante\/produit\/plat-a-fruits-bavaria-schumann\/","title":{"rendered":"Plat \u00e0 fruits Bavaria Schumann"},"content":{"rendered":"<p>Joli plat ovale en porcelaine allemande ajour\u00e9e (27cm de long) de la manufacture Schumann en Bavi\u00e8re (1881-1994). Ce joli plat d\u00e9cor\u00e9 de raisins, en parfait \u00e9tat, a sans doute \u00e9t\u00e9 produit autour des ann\u00e9es 1945 (d\u2019apr\u00e8s le cachet au dos).<\/p>\n<div>R\u00e9f 15.67<\/div>\n","protected":false},"excerpt":{"rendered":"<p>Joli plat ovale en porcelaine allemande ajour\u00e9e (27cm de long) de la manufacture Schumann en Bavi\u00e8re (1881-1994). Ce joli plat d\u00e9cor\u00e9 de raisins, en parfait \u00e9tat, a sans doute \u00e9t\u00e9 produit autour des ann\u00e9es 1945 (d\u2019apr\u00e8s le cachet au dos). R\u00e9f 15.67<\/p>\n","protected":false},"featured_media":3775,"comment_status":"open","ping_status":"closed","template":"","meta":{"neve_meta_sidebar":"","neve_meta_container":"","neve_meta_enable_content_width":"off","neve_meta_content_width":100,"neve_meta_title_alignment":"","neve_meta_author_avatar":"","neve_post_elements_order":"","neve_meta_disable_header":"","neve_meta_disable_footer":"","neve_meta_disable_title":""},"product_brand":[],"product_cat":[48,168,172,16],"product_tag":[154,74],"class_list":{"0":"post-3773","1":"product","2":"type-product","3":"status-publish","4":"has-post-thumbnail","6":"product_cat-allemagne","7":"product_cat-bavaria","8":"product_cat-en-cuisine","9":"product_cat-ceramique","10":"product_tag-bavaria","11":"product_tag-porcelaine","13":"first","14":"instock","15":"shipping-taxable","16":"purchasable","17":"product-type-simple"},"_links":{"self":[{"href":"https:\/\/legrenierdelatour.be\/brocante\/wp-json\/wp\/v2\/product\/3773","targetHints":{"allow":["GET"]}}],"collection":[{"href":"https:\/\/legrenierdelatour.be\/brocante\/wp-json\/wp\/v2\/product"}],"about":[{"href":"https:\/\/legrenierdelatour.be\/brocante\/wp-json\/wp\/v2\/types\/product"}],"replies":[{"embeddable":true,"href":"https:\/\/legrenierdelatour.be\/brocante\/wp-json\/wp\/v2\/comments?post=3773"}],"wp:featuredmedia":[{"embeddable":true,"href":"https:\/\/legrenierdelatour.be\/brocante\/wp-json\/wp\/v2\/media\/3775"}],"wp:attachment":[{"href":"https:\/\/legrenierdelatour.be\/brocante\/wp-json\/wp\/v2\/media?parent=3773"}],"wp:term":[{"taxonomy":"product_brand","embeddable":true,"href":"https:\/\/legrenierdelatour.be\/brocante\/wp-json\/wp\/v2\/product_brand?post=3773"},{"taxonomy":"product_cat","embeddable":true,"href":"https:\/\/legrenierdelatour.be\/brocante\/wp-json\/wp\/v2\/product_cat?post=3773"},{"taxonomy":"product_tag","embeddable":true,"href":"https:\/\/legrenierdelatour.be\/brocante\/wp-json\/wp\/v2\/product_tag?post=3773"}],"curies":[{"name":"wp","href":"https:\/\/api.w.org\/{rel}","templated":true}]}}