{"id":376,"date":"2022-02-15T20:59:08","date_gmt":"2022-02-15T19:59:08","guid":{"rendered":"https:\/\/legrenierdelatour.be\/brocante\/?post_type=product&#038;p=376"},"modified":"2022-03-12T17:27:29","modified_gmt":"2022-03-12T16:27:29","slug":"pichet-en-gres-flamme-558","status":"publish","type":"product","link":"https:\/\/legrenierdelatour.be\/brocante\/produit\/pichet-en-gres-flamme-558\/","title":{"rendered":"Pichet en \u00ab\u00a0gr\u00e8s flamm\u00e9\u00a0\u00bb 558"},"content":{"rendered":"<p>Petit pichet (16 cm haut) en gr\u00e8s flamm\u00e9 m\u00e9tallis\u00e9. Le mod\u00e8le du vase est 558 en relief sur le culot, fabrication belge, peut-\u00eatre de la r\u00e9gion montoise. Il date sans doute de la premi\u00e8re moiti\u00e9 du XX\u00e8me si\u00e8cle.<\/p>\n<p>R\u00e9f 4.51<\/p>\n","protected":false},"excerpt":{"rendered":"<p>Petit pichet (16 cm haut) en gr\u00e8s flamm\u00e9 m\u00e9tallis\u00e9. Le mod\u00e8le du vase est 558 en relief sur le culot, fabrication belge, peut-\u00eatre de la r\u00e9gion montoise. Il date sans doute de la premi\u00e8re moiti\u00e9 du XX\u00e8me si\u00e8cle. R\u00e9f 4.51<\/p>\n","protected":false},"featured_media":378,"comment_status":"open","ping_status":"closed","template":"","meta":{"neve_meta_sidebar":"","neve_meta_container":"","neve_meta_enable_content_width":"off","neve_meta_content_width":100,"neve_meta_title_alignment":"","neve_meta_author_avatar":"","neve_post_elements_order":"","neve_meta_disable_header":"","neve_meta_disable_footer":"","neve_meta_disable_title":""},"product_brand":[],"product_cat":[15,37,16],"product_tag":[40,19],"class_list":{"0":"post-376","1":"product","2":"type-product","3":"status-publish","4":"has-post-thumbnail","6":"product_cat-non-classe","7":"product_cat-belgique","8":"product_cat-ceramique","9":"product_tag-belgique","10":"product_tag-faience","12":"first","13":"instock","14":"shipping-taxable","15":"purchasable","16":"product-type-simple"},"_links":{"self":[{"href":"https:\/\/legrenierdelatour.be\/brocante\/wp-json\/wp\/v2\/product\/376","targetHints":{"allow":["GET"]}}],"collection":[{"href":"https:\/\/legrenierdelatour.be\/brocante\/wp-json\/wp\/v2\/product"}],"about":[{"href":"https:\/\/legrenierdelatour.be\/brocante\/wp-json\/wp\/v2\/types\/product"}],"replies":[{"embeddable":true,"href":"https:\/\/legrenierdelatour.be\/brocante\/wp-json\/wp\/v2\/comments?post=376"}],"wp:featuredmedia":[{"embeddable":true,"href":"https:\/\/legrenierdelatour.be\/brocante\/wp-json\/wp\/v2\/media\/378"}],"wp:attachment":[{"href":"https:\/\/legrenierdelatour.be\/brocante\/wp-json\/wp\/v2\/media?parent=376"}],"wp:term":[{"taxonomy":"product_brand","embeddable":true,"href":"https:\/\/legrenierdelatour.be\/brocante\/wp-json\/wp\/v2\/product_brand?post=376"},{"taxonomy":"product_cat","embeddable":true,"href":"https:\/\/legrenierdelatour.be\/brocante\/wp-json\/wp\/v2\/product_cat?post=376"},{"taxonomy":"product_tag","embeddable":true,"href":"https:\/\/legrenierdelatour.be\/brocante\/wp-json\/wp\/v2\/product_tag?post=376"}],"curies":[{"name":"wp","href":"https:\/\/api.w.org\/{rel}","templated":true}]}}