{"id":3743,"date":"2023-01-02T20:30:46","date_gmt":"2023-01-02T19:30:46","guid":{"rendered":"https:\/\/legrenierdelatour.be\/brocante\/?post_type=product&#038;p=3743"},"modified":"2023-01-02T20:50:02","modified_gmt":"2023-01-02T19:50:02","slug":"pipe-en-bois-lion-de-lucerne","status":"publish","type":"product","link":"https:\/\/legrenierdelatour.be\/brocante\/produit\/pipe-en-bois-lion-de-lucerne\/","title":{"rendered":"Pipe en bois \u00ab\u00a0Lion de Lucerne\u00a0\u00bb"},"content":{"rendered":"<p>Petite pipe en bois (13 cm de long) repr\u00e9sentant le lion de Lucerne. Elle est sans doute d\u2019origine suisse et devrait dater de la premi\u00e8re moiti\u00e9 du XX\u00e8 si\u00e8cle.<\/p>\n<div>R\u00e9f 15.59<\/div>\n","protected":false},"excerpt":{"rendered":"<p>Petite pipe en bois (13 cm de long) repr\u00e9sentant le lion de Lucerne. Elle est sans doute d\u2019origine suisse et devrait dater de la premi\u00e8re moiti\u00e9 du XX\u00e8 si\u00e8cle. R\u00e9f 15.59<\/p>\n","protected":false},"featured_media":3744,"comment_status":"open","ping_status":"closed","template":"","meta":{"neve_meta_sidebar":"","neve_meta_container":"","neve_meta_enable_content_width":"off","neve_meta_content_width":100,"neve_meta_title_alignment":"","neve_meta_author_avatar":"","neve_post_elements_order":"","neve_meta_disable_header":"","neve_meta_disable_footer":"","neve_meta_disable_title":""},"product_brand":[],"product_cat":[183],"product_tag":[121],"class_list":{"0":"post-3743","1":"product","2":"type-product","3":"status-publish","4":"has-post-thumbnail","6":"product_cat-bureau-et-fumoir","7":"product_tag-fumoir","9":"first","10":"instock","11":"shipping-taxable","12":"purchasable","13":"product-type-simple"},"_links":{"self":[{"href":"https:\/\/legrenierdelatour.be\/brocante\/wp-json\/wp\/v2\/product\/3743","targetHints":{"allow":["GET"]}}],"collection":[{"href":"https:\/\/legrenierdelatour.be\/brocante\/wp-json\/wp\/v2\/product"}],"about":[{"href":"https:\/\/legrenierdelatour.be\/brocante\/wp-json\/wp\/v2\/types\/product"}],"replies":[{"embeddable":true,"href":"https:\/\/legrenierdelatour.be\/brocante\/wp-json\/wp\/v2\/comments?post=3743"}],"wp:featuredmedia":[{"embeddable":true,"href":"https:\/\/legrenierdelatour.be\/brocante\/wp-json\/wp\/v2\/media\/3744"}],"wp:attachment":[{"href":"https:\/\/legrenierdelatour.be\/brocante\/wp-json\/wp\/v2\/media?parent=3743"}],"wp:term":[{"taxonomy":"product_brand","embeddable":true,"href":"https:\/\/legrenierdelatour.be\/brocante\/wp-json\/wp\/v2\/product_brand?post=3743"},{"taxonomy":"product_cat","embeddable":true,"href":"https:\/\/legrenierdelatour.be\/brocante\/wp-json\/wp\/v2\/product_cat?post=3743"},{"taxonomy":"product_tag","embeddable":true,"href":"https:\/\/legrenierdelatour.be\/brocante\/wp-json\/wp\/v2\/product_tag?post=3743"}],"curies":[{"name":"wp","href":"https:\/\/api.w.org\/{rel}","templated":true}]}}