{"id":3737,"date":"2022-12-18T20:49:07","date_gmt":"2022-12-18T19:49:07","guid":{"rendered":"https:\/\/legrenierdelatour.be\/brocante\/?post_type=product&#038;p=3737"},"modified":"2022-12-18T20:49:07","modified_gmt":"2022-12-18T19:49:07","slug":"vase-gdr-strehla-1442","status":"publish","type":"product","link":"https:\/\/legrenierdelatour.be\/brocante\/produit\/vase-gdr-strehla-1442\/","title":{"rendered":"Vase GDR Strehla 1442"},"content":{"rendered":"<p>Beau vase (18 cm de haut) en fa\u00efence verniss\u00e9e, produit en Allemagne de l\u2019Est (GDR, German Democratic Republic 1949-1990) par la fa\u00efencerie Strehla (VEB \u2018Volkseigene Betrieb&rsquo; Steingutfabrik Strehla, 1828-1989 Dresden). Ce vase est en excellent \u00e9tat et porte le num\u00e9ro de forme 1442, et date sans doute des ann\u00e9es 1970.<\/p>\n<div>R\u00e9f 15.57<\/div>\n","protected":false},"excerpt":{"rendered":"<p>Beau vase (18 cm de haut) en fa\u00efence verniss\u00e9e, produit en Allemagne de l\u2019Est (GDR, German Democratic Republic 1949-1990) par la fa\u00efencerie Strehla (VEB \u2018Volkseigene Betrieb&rsquo; Steingutfabrik Strehla, 1828-1989 Dresden). Ce vase est en excellent \u00e9tat et porte le num\u00e9ro de forme 1442, et date sans doute des ann\u00e9es 1970. R\u00e9f 15.57<\/p>\n","protected":false},"featured_media":3738,"comment_status":"open","ping_status":"closed","template":"","meta":{"neve_meta_sidebar":"","neve_meta_container":"","neve_meta_enable_content_width":"off","neve_meta_content_width":100,"neve_meta_title_alignment":"","neve_meta_author_avatar":"","neve_post_elements_order":"","neve_meta_disable_header":"","neve_meta_disable_footer":"","neve_meta_disable_title":""},"product_brand":[],"product_cat":[48,16,47],"product_tag":[19,50,28,49],"class_list":{"0":"post-3737","1":"product","2":"type-product","3":"status-publish","4":"has-post-thumbnail","6":"product_cat-allemagne","7":"product_cat-ceramique","8":"product_cat-west-germany","9":"product_tag-faience","10":"product_tag-fat-lava","11":"product_tag-vintage","12":"product_tag-west-germany","14":"first","15":"instock","16":"shipping-taxable","17":"purchasable","18":"product-type-simple"},"_links":{"self":[{"href":"https:\/\/legrenierdelatour.be\/brocante\/wp-json\/wp\/v2\/product\/3737","targetHints":{"allow":["GET"]}}],"collection":[{"href":"https:\/\/legrenierdelatour.be\/brocante\/wp-json\/wp\/v2\/product"}],"about":[{"href":"https:\/\/legrenierdelatour.be\/brocante\/wp-json\/wp\/v2\/types\/product"}],"replies":[{"embeddable":true,"href":"https:\/\/legrenierdelatour.be\/brocante\/wp-json\/wp\/v2\/comments?post=3737"}],"wp:featuredmedia":[{"embeddable":true,"href":"https:\/\/legrenierdelatour.be\/brocante\/wp-json\/wp\/v2\/media\/3738"}],"wp:attachment":[{"href":"https:\/\/legrenierdelatour.be\/brocante\/wp-json\/wp\/v2\/media?parent=3737"}],"wp:term":[{"taxonomy":"product_brand","embeddable":true,"href":"https:\/\/legrenierdelatour.be\/brocante\/wp-json\/wp\/v2\/product_brand?post=3737"},{"taxonomy":"product_cat","embeddable":true,"href":"https:\/\/legrenierdelatour.be\/brocante\/wp-json\/wp\/v2\/product_cat?post=3737"},{"taxonomy":"product_tag","embeddable":true,"href":"https:\/\/legrenierdelatour.be\/brocante\/wp-json\/wp\/v2\/product_tag?post=3737"}],"curies":[{"name":"wp","href":"https:\/\/api.w.org\/{rel}","templated":true}]}}