{"id":3723,"date":"2022-12-18T19:05:26","date_gmt":"2022-12-18T18:05:26","guid":{"rendered":"https:\/\/legrenierdelatour.be\/brocante\/?post_type=product&#038;p=3723"},"modified":"2022-12-18T19:07:15","modified_gmt":"2022-12-18T18:07:15","slug":"grand-chandelier-jules-guerin-gres-de-bouffioulx","status":"publish","type":"product","link":"https:\/\/legrenierdelatour.be\/brocante\/produit\/grand-chandelier-jules-guerin-gres-de-bouffioulx\/","title":{"rendered":"Grand chandelier Jules Guerin Gr\u00e8s de Bouffioulx"},"content":{"rendered":"<p>Grand chandelier (32 cm de haut) en gr\u00e8s de Bouffioulx, portant l\u2019\u00e9tiquette Guerin Bouffioulx ainsi que la signature \u00e0 la pointe Guerin et , \u00e9galement \u00e0 la point L.BOM 2. Il est en excellent \u00e9tat et porte la fleur de lys en d\u00e9coration. Il est en excellent \u00e9tat et a sans doute \u00e9t\u00e9 produit par Jules Gu\u00e9rin (1919-1999) dans les ann\u00e9es 1970.<\/p>\n<div>R\u00e9f 15.54<\/div>\n","protected":false},"excerpt":{"rendered":"<p>Grand chandelier (32 cm de haut) en gr\u00e8s de Bouffioulx, portant l\u2019\u00e9tiquette Guerin Bouffioulx ainsi que la signature \u00e0 la pointe Guerin et , \u00e9galement \u00e0 la point L.BOM 2. Il est en excellent \u00e9tat et porte la fleur de lys en d\u00e9coration. Il est en excellent \u00e9tat et a sans doute \u00e9t\u00e9 produit par&hellip;&nbsp;<a href=\"https:\/\/legrenierdelatour.be\/brocante\/produit\/grand-chandelier-jules-guerin-gres-de-bouffioulx\/\" class=\"\" rel=\"bookmark\">Lire la suite &raquo;<span class=\"screen-reader-text\">Grand chandelier Jules Guerin Gr\u00e8s de Bouffioulx<\/span><\/a><\/p>\n","protected":false},"featured_media":3724,"comment_status":"open","ping_status":"closed","template":"","meta":{"neve_meta_sidebar":"","neve_meta_container":"","neve_meta_enable_content_width":"off","neve_meta_content_width":100,"neve_meta_title_alignment":"","neve_meta_author_avatar":"","neve_post_elements_order":"","neve_meta_disable_header":"","neve_meta_disable_footer":"","neve_meta_disable_title":""},"product_brand":[],"product_cat":[37,202,183,16],"product_tag":[],"class_list":{"0":"post-3723","1":"product","2":"type-product","3":"status-publish","4":"has-post-thumbnail","6":"product_cat-belgique","7":"product_cat-bouffioulx","8":"product_cat-bureau-et-fumoir","9":"product_cat-ceramique","11":"first","12":"instock","13":"shipping-taxable","14":"purchasable","15":"product-type-simple"},"_links":{"self":[{"href":"https:\/\/legrenierdelatour.be\/brocante\/wp-json\/wp\/v2\/product\/3723","targetHints":{"allow":["GET"]}}],"collection":[{"href":"https:\/\/legrenierdelatour.be\/brocante\/wp-json\/wp\/v2\/product"}],"about":[{"href":"https:\/\/legrenierdelatour.be\/brocante\/wp-json\/wp\/v2\/types\/product"}],"replies":[{"embeddable":true,"href":"https:\/\/legrenierdelatour.be\/brocante\/wp-json\/wp\/v2\/comments?post=3723"}],"wp:featuredmedia":[{"embeddable":true,"href":"https:\/\/legrenierdelatour.be\/brocante\/wp-json\/wp\/v2\/media\/3724"}],"wp:attachment":[{"href":"https:\/\/legrenierdelatour.be\/brocante\/wp-json\/wp\/v2\/media?parent=3723"}],"wp:term":[{"taxonomy":"product_brand","embeddable":true,"href":"https:\/\/legrenierdelatour.be\/brocante\/wp-json\/wp\/v2\/product_brand?post=3723"},{"taxonomy":"product_cat","embeddable":true,"href":"https:\/\/legrenierdelatour.be\/brocante\/wp-json\/wp\/v2\/product_cat?post=3723"},{"taxonomy":"product_tag","embeddable":true,"href":"https:\/\/legrenierdelatour.be\/brocante\/wp-json\/wp\/v2\/product_tag?post=3723"}],"curies":[{"name":"wp","href":"https:\/\/api.w.org\/{rel}","templated":true}]}}