{"id":371,"date":"2022-02-15T20:23:43","date_gmt":"2022-02-15T19:23:43","guid":{"rendered":"https:\/\/legrenierdelatour.be\/brocante\/?post_type=product&#038;p=371"},"modified":"2022-05-19T17:31:12","modified_gmt":"2022-05-19T15:31:12","slug":"horloge-et-vases-421-paysage-wasmuel","status":"publish","type":"product","link":"https:\/\/legrenierdelatour.be\/brocante\/produit\/horloge-et-vases-421-paysage-wasmuel\/","title":{"rendered":"Horloge et vases 421 \u00ab\u00a0Paysage\u00a0\u00bb Wasmu\u00ebl"},"content":{"rendered":"<p>Horloge (22 cm haut) et vases (20 cm haut), produits sans doute par la fa\u00efencerie Majolique Wasmu\u00ebl (M.W dans un triangle sur chaque pi\u00e8ce), active de 1904 \u00e0 1950. D&rsquo;apr\u00e8s la marque , l&rsquo;ensemble daterait de 1920 plus ou moins. L&rsquo;horloge a en creux le chiffre \u00ab\u00a0421\u00a0\u00bb correspondant \u00e0 la forme du moule. L&rsquo;horloge ne fonctionne plus et un des deux vases a une fissure.<\/p>\n<p>R\u00e9f 6.68<\/p>\n","protected":false},"excerpt":{"rendered":"<p>Horloge (22 cm haut) et vases (20 cm haut), produits sans doute par la fa\u00efencerie Majolique Wasmu\u00ebl (M.W dans un triangle sur chaque pi\u00e8ce), active de 1904 \u00e0 1950. D&rsquo;apr\u00e8s la marque , l&rsquo;ensemble daterait de 1920 plus ou moins. L&rsquo;horloge a en creux le chiffre \u00ab\u00a0421\u00a0\u00bb correspondant \u00e0 la forme du moule. L&rsquo;horloge ne&hellip;&nbsp;<a href=\"https:\/\/legrenierdelatour.be\/brocante\/produit\/horloge-et-vases-421-paysage-wasmuel\/\" class=\"\" rel=\"bookmark\">Lire la suite &raquo;<span class=\"screen-reader-text\">Horloge et vases 421 \u00ab\u00a0Paysage\u00a0\u00bb Wasmu\u00ebl<\/span><\/a><\/p>\n","protected":false},"featured_media":373,"comment_status":"open","ping_status":"closed","template":"","meta":{"neve_meta_sidebar":"","neve_meta_container":"","neve_meta_enable_content_width":"off","neve_meta_content_width":100,"neve_meta_title_alignment":"","neve_meta_author_avatar":"","neve_post_elements_order":"","neve_meta_disable_header":"","neve_meta_disable_footer":"","neve_meta_disable_title":""},"product_brand":[],"product_cat":[15,37,16,176,23,178],"product_tag":[40,19,41],"class_list":{"0":"post-371","1":"product","2":"type-product","3":"status-publish","4":"has-post-thumbnail","6":"product_cat-non-classe","7":"product_cat-belgique","8":"product_cat-ceramique","9":"product_cat-horloges","10":"product_cat-mobilier","11":"product_cat-waesmuel","12":"product_tag-belgique","13":"product_tag-faience","14":"product_tag-wasmuel","16":"first","17":"instock","18":"shipping-taxable","19":"purchasable","20":"product-type-simple"},"_links":{"self":[{"href":"https:\/\/legrenierdelatour.be\/brocante\/wp-json\/wp\/v2\/product\/371","targetHints":{"allow":["GET"]}}],"collection":[{"href":"https:\/\/legrenierdelatour.be\/brocante\/wp-json\/wp\/v2\/product"}],"about":[{"href":"https:\/\/legrenierdelatour.be\/brocante\/wp-json\/wp\/v2\/types\/product"}],"replies":[{"embeddable":true,"href":"https:\/\/legrenierdelatour.be\/brocante\/wp-json\/wp\/v2\/comments?post=371"}],"wp:featuredmedia":[{"embeddable":true,"href":"https:\/\/legrenierdelatour.be\/brocante\/wp-json\/wp\/v2\/media\/373"}],"wp:attachment":[{"href":"https:\/\/legrenierdelatour.be\/brocante\/wp-json\/wp\/v2\/media?parent=371"}],"wp:term":[{"taxonomy":"product_brand","embeddable":true,"href":"https:\/\/legrenierdelatour.be\/brocante\/wp-json\/wp\/v2\/product_brand?post=371"},{"taxonomy":"product_cat","embeddable":true,"href":"https:\/\/legrenierdelatour.be\/brocante\/wp-json\/wp\/v2\/product_cat?post=371"},{"taxonomy":"product_tag","embeddable":true,"href":"https:\/\/legrenierdelatour.be\/brocante\/wp-json\/wp\/v2\/product_tag?post=371"}],"curies":[{"name":"wp","href":"https:\/\/api.w.org\/{rel}","templated":true}]}}