{"id":3691,"date":"2022-12-05T14:06:58","date_gmt":"2022-12-05T13:06:58","guid":{"rendered":"https:\/\/legrenierdelatour.be\/brocante\/?post_type=product&#038;p=3691"},"modified":"2022-12-05T14:06:59","modified_gmt":"2022-12-05T13:06:59","slug":"christ-en-croix-faience-yvette-manoy","status":"publish","type":"product","link":"https:\/\/legrenierdelatour.be\/brocante\/produit\/christ-en-croix-faience-yvette-manoy\/","title":{"rendered":"Christ en croix fa\u00efence, Yvette Manoy"},"content":{"rendered":"<p>Christ en croix en fa\u00efence (21&#215;15 cm) vintage, dans les couleurs jaune et turquoise. cette fa\u00efence st sign\u00e9e de Yvette Manoy (1929-2018), c\u00e9ramiste namuroise (La C\u00e9ramique de Namur). Le crucifix est en parfait \u00e9tat et date sans doute des ann\u00e9es 1970.<\/p>\n<div>R\u00e9f 15.40<\/div>\n","protected":false},"excerpt":{"rendered":"<p>Christ en croix en fa\u00efence (21&#215;15 cm) vintage, dans les couleurs jaune et turquoise. cette fa\u00efence st sign\u00e9e de Yvette Manoy (1929-2018), c\u00e9ramiste namuroise (La C\u00e9ramique de Namur). Le crucifix est en parfait \u00e9tat et date sans doute des ann\u00e9es 1970. R\u00e9f 15.40<\/p>\n","protected":false},"featured_media":3692,"comment_status":"open","ping_status":"closed","template":"","meta":{"neve_meta_sidebar":"","neve_meta_container":"","neve_meta_enable_content_width":"off","neve_meta_content_width":100,"neve_meta_title_alignment":"","neve_meta_author_avatar":"","neve_post_elements_order":"","neve_meta_disable_header":"","neve_meta_disable_footer":"","neve_meta_disable_title":""},"product_brand":[],"product_cat":[37,16,167,34],"product_tag":[79,40,19,28],"class_list":{"0":"post-3691","1":"product","2":"type-product","3":"status-publish","4":"has-post-thumbnail","6":"product_cat-belgique","7":"product_cat-ceramique","8":"product_cat-peintures-et-sculptures","9":"product_cat-religiosa","10":"product_tag-art","11":"product_tag-belgique","12":"product_tag-faience","13":"product_tag-vintage","15":"first","16":"instock","17":"shipping-taxable","18":"purchasable","19":"product-type-simple"},"_links":{"self":[{"href":"https:\/\/legrenierdelatour.be\/brocante\/wp-json\/wp\/v2\/product\/3691","targetHints":{"allow":["GET"]}}],"collection":[{"href":"https:\/\/legrenierdelatour.be\/brocante\/wp-json\/wp\/v2\/product"}],"about":[{"href":"https:\/\/legrenierdelatour.be\/brocante\/wp-json\/wp\/v2\/types\/product"}],"replies":[{"embeddable":true,"href":"https:\/\/legrenierdelatour.be\/brocante\/wp-json\/wp\/v2\/comments?post=3691"}],"wp:featuredmedia":[{"embeddable":true,"href":"https:\/\/legrenierdelatour.be\/brocante\/wp-json\/wp\/v2\/media\/3692"}],"wp:attachment":[{"href":"https:\/\/legrenierdelatour.be\/brocante\/wp-json\/wp\/v2\/media?parent=3691"}],"wp:term":[{"taxonomy":"product_brand","embeddable":true,"href":"https:\/\/legrenierdelatour.be\/brocante\/wp-json\/wp\/v2\/product_brand?post=3691"},{"taxonomy":"product_cat","embeddable":true,"href":"https:\/\/legrenierdelatour.be\/brocante\/wp-json\/wp\/v2\/product_cat?post=3691"},{"taxonomy":"product_tag","embeddable":true,"href":"https:\/\/legrenierdelatour.be\/brocante\/wp-json\/wp\/v2\/product_tag?post=3691"}],"curies":[{"name":"wp","href":"https:\/\/api.w.org\/{rel}","templated":true}]}}