{"id":3678,"date":"2022-12-01T17:18:06","date_gmt":"2022-12-01T16:18:06","guid":{"rendered":"https:\/\/legrenierdelatour.be\/brocante\/?post_type=product&#038;p=3678"},"modified":"2022-12-01T17:18:06","modified_gmt":"2022-12-01T16:18:06","slug":"peinture-a-lhuile-eglise-de-tavigny-1972","status":"publish","type":"product","link":"https:\/\/legrenierdelatour.be\/brocante\/produit\/peinture-a-lhuile-eglise-de-tavigny-1972\/","title":{"rendered":"Peinture \u00e0 l&rsquo;huile, Eglise de Tavigny, 1972"},"content":{"rendered":"<p>Belle peinture \u00e0 l\u2019huile repr\u00e9sentant l\u2019\u00e9glise de Tavigny (30&#215;40 cm hors cadre), de belle facture, avec une grande \u00e9pargne de mati\u00e8re. Elle est sign\u00e9e, mais c\u2019est assez illisible (Symairiat) et dat\u00e9e 1972.<\/p>\n<div>R\u00e9f 15.36<\/div>\n","protected":false},"excerpt":{"rendered":"<p>Belle peinture \u00e0 l\u2019huile repr\u00e9sentant l\u2019\u00e9glise de Tavigny (30&#215;40 cm hors cadre), de belle facture, avec une grande \u00e9pargne de mati\u00e8re. Elle est sign\u00e9e, mais c\u2019est assez illisible (Symairiat) et dat\u00e9e 1972. R\u00e9f 15.36<\/p>\n","protected":false},"featured_media":3666,"comment_status":"open","ping_status":"closed","template":"","meta":{"neve_meta_sidebar":"","neve_meta_container":"","neve_meta_enable_content_width":"off","neve_meta_content_width":100,"neve_meta_title_alignment":"","neve_meta_author_avatar":"","neve_post_elements_order":"","neve_meta_disable_header":"","neve_meta_disable_footer":"","neve_meta_disable_title":""},"product_brand":[],"product_cat":[30,167],"product_tag":[79,40],"class_list":{"0":"post-3678","1":"product","2":"type-product","3":"status-publish","4":"has-post-thumbnail","6":"product_cat-luxemburgensia","7":"product_cat-peintures-et-sculptures","8":"product_tag-art","9":"product_tag-belgique","11":"first","12":"instock","13":"shipping-taxable","14":"purchasable","15":"product-type-simple"},"_links":{"self":[{"href":"https:\/\/legrenierdelatour.be\/brocante\/wp-json\/wp\/v2\/product\/3678","targetHints":{"allow":["GET"]}}],"collection":[{"href":"https:\/\/legrenierdelatour.be\/brocante\/wp-json\/wp\/v2\/product"}],"about":[{"href":"https:\/\/legrenierdelatour.be\/brocante\/wp-json\/wp\/v2\/types\/product"}],"replies":[{"embeddable":true,"href":"https:\/\/legrenierdelatour.be\/brocante\/wp-json\/wp\/v2\/comments?post=3678"}],"wp:featuredmedia":[{"embeddable":true,"href":"https:\/\/legrenierdelatour.be\/brocante\/wp-json\/wp\/v2\/media\/3666"}],"wp:attachment":[{"href":"https:\/\/legrenierdelatour.be\/brocante\/wp-json\/wp\/v2\/media?parent=3678"}],"wp:term":[{"taxonomy":"product_brand","embeddable":true,"href":"https:\/\/legrenierdelatour.be\/brocante\/wp-json\/wp\/v2\/product_brand?post=3678"},{"taxonomy":"product_cat","embeddable":true,"href":"https:\/\/legrenierdelatour.be\/brocante\/wp-json\/wp\/v2\/product_cat?post=3678"},{"taxonomy":"product_tag","embeddable":true,"href":"https:\/\/legrenierdelatour.be\/brocante\/wp-json\/wp\/v2\/product_tag?post=3678"}],"curies":[{"name":"wp","href":"https:\/\/api.w.org\/{rel}","templated":true}]}}