{"id":3677,"date":"2022-11-29T17:12:50","date_gmt":"2022-11-29T16:12:50","guid":{"rendered":"https:\/\/legrenierdelatour.be\/brocante\/?post_type=product&#038;p=3677"},"modified":"2022-12-18T18:09:08","modified_gmt":"2022-12-18T17:09:08","slug":"paysage-interieur-dun-village-ardennais-charles-deloite-1921-1997","status":"publish","type":"product","link":"https:\/\/legrenierdelatour.be\/brocante\/produit\/paysage-interieur-dun-village-ardennais-charles-deloite-1921-1997\/","title":{"rendered":"Paysage int\u00e9rieur d&rsquo;un village ardennais Charles Delaite (1921-1997)"},"content":{"rendered":"<p>Paysage int\u00e9rieur d\u2019un village ardennais (37x31cm avec cadre) r\u00e9alis\u00e9 par Charles Delaite (1921-1997). Cette peinture \u00e0 l\u2019huile est en tr\u00e8s bon \u00e9tat de conservation.<\/p>\n<div>R\u00e9f 15.35<\/div>\n","protected":false},"excerpt":{"rendered":"<p>Paysage int\u00e9rieur d\u2019un village ardennais (37x31cm avec cadre) r\u00e9alis\u00e9 par Charles Delaite (1921-1997). Cette peinture \u00e0 l\u2019huile est en tr\u00e8s bon \u00e9tat de conservation. R\u00e9f 15.35<\/p>\n","protected":false},"featured_media":3674,"comment_status":"open","ping_status":"closed","template":"","meta":{"neve_meta_sidebar":"","neve_meta_container":"","neve_meta_enable_content_width":"off","neve_meta_content_width":100,"neve_meta_title_alignment":"","neve_meta_author_avatar":"","neve_post_elements_order":"","neve_meta_disable_header":"","neve_meta_disable_footer":"","neve_meta_disable_title":""},"product_brand":[],"product_cat":[30,31,167],"product_tag":[79,40,112],"class_list":{"0":"post-3677","1":"product","2":"type-product","3":"status-publish","4":"has-post-thumbnail","6":"product_cat-luxemburgensia","7":"product_cat-pays-darlon","8":"product_cat-peintures-et-sculptures","9":"product_tag-art","10":"product_tag-belgique","11":"product_tag-pays-darlon","13":"first","14":"instock","15":"shipping-taxable","16":"purchasable","17":"product-type-simple"},"_links":{"self":[{"href":"https:\/\/legrenierdelatour.be\/brocante\/wp-json\/wp\/v2\/product\/3677","targetHints":{"allow":["GET"]}}],"collection":[{"href":"https:\/\/legrenierdelatour.be\/brocante\/wp-json\/wp\/v2\/product"}],"about":[{"href":"https:\/\/legrenierdelatour.be\/brocante\/wp-json\/wp\/v2\/types\/product"}],"replies":[{"embeddable":true,"href":"https:\/\/legrenierdelatour.be\/brocante\/wp-json\/wp\/v2\/comments?post=3677"}],"wp:featuredmedia":[{"embeddable":true,"href":"https:\/\/legrenierdelatour.be\/brocante\/wp-json\/wp\/v2\/media\/3674"}],"wp:attachment":[{"href":"https:\/\/legrenierdelatour.be\/brocante\/wp-json\/wp\/v2\/media?parent=3677"}],"wp:term":[{"taxonomy":"product_brand","embeddable":true,"href":"https:\/\/legrenierdelatour.be\/brocante\/wp-json\/wp\/v2\/product_brand?post=3677"},{"taxonomy":"product_cat","embeddable":true,"href":"https:\/\/legrenierdelatour.be\/brocante\/wp-json\/wp\/v2\/product_cat?post=3677"},{"taxonomy":"product_tag","embeddable":true,"href":"https:\/\/legrenierdelatour.be\/brocante\/wp-json\/wp\/v2\/product_tag?post=3677"}],"curies":[{"name":"wp","href":"https:\/\/api.w.org\/{rel}","templated":true}]}}