{"id":3641,"date":"2022-11-28T14:23:14","date_gmt":"2022-11-28T13:23:14","guid":{"rendered":"https:\/\/legrenierdelatour.be\/brocante\/?post_type=product&#038;p=3641"},"modified":"2022-11-28T14:23:14","modified_gmt":"2022-11-28T13:23:14","slug":"coupelle-a-decor-asiatique","status":"publish","type":"product","link":"https:\/\/legrenierdelatour.be\/brocante\/produit\/coupelle-a-decor-asiatique\/","title":{"rendered":"Coupelle \u00e0 d\u00e9cor asiatique"},"content":{"rendered":"<p>Petite coupelle en faience (14,5 cm de diam\u00e8tre), avec motifs asiatiques bleu et blanc. Cette coupelle est en bon \u00e9tat si ce ne sont les craquelures d\u2019\u00e2ge. Cette coupelle date sans doute de la fin du 19\u00e8-d\u00e9but du 20\u00e8 si\u00e8cle. Je n\u2019ai pas pu estimer le lieu de production.<\/p>\n<div>R\u00e9f 15.29<\/div>\n","protected":false},"excerpt":{"rendered":"<p>Petite coupelle en faience (14,5 cm de diam\u00e8tre), avec motifs asiatiques bleu et blanc. Cette coupelle est en bon \u00e9tat si ce ne sont les craquelures d\u2019\u00e2ge. Cette coupelle date sans doute de la fin du 19\u00e8-d\u00e9but du 20\u00e8 si\u00e8cle. Je n\u2019ai pas pu estimer le lieu de production. R\u00e9f 15.29<\/p>\n","protected":false},"featured_media":3642,"comment_status":"open","ping_status":"closed","template":"","meta":{"neve_meta_sidebar":"","neve_meta_container":"","neve_meta_enable_content_width":"off","neve_meta_content_width":100,"neve_meta_title_alignment":"","neve_meta_author_avatar":"","neve_post_elements_order":"","neve_meta_disable_header":"","neve_meta_disable_footer":"","neve_meta_disable_title":""},"product_brand":[],"product_cat":[159,16],"product_tag":[79,19],"class_list":{"0":"post-3641","1":"product","2":"type-product","3":"status-publish","4":"has-post-thumbnail","6":"product_cat-autres-pays","7":"product_cat-ceramique","8":"product_tag-art","9":"product_tag-faience","11":"first","12":"instock","13":"shipping-taxable","14":"purchasable","15":"product-type-simple"},"_links":{"self":[{"href":"https:\/\/legrenierdelatour.be\/brocante\/wp-json\/wp\/v2\/product\/3641","targetHints":{"allow":["GET"]}}],"collection":[{"href":"https:\/\/legrenierdelatour.be\/brocante\/wp-json\/wp\/v2\/product"}],"about":[{"href":"https:\/\/legrenierdelatour.be\/brocante\/wp-json\/wp\/v2\/types\/product"}],"replies":[{"embeddable":true,"href":"https:\/\/legrenierdelatour.be\/brocante\/wp-json\/wp\/v2\/comments?post=3641"}],"wp:featuredmedia":[{"embeddable":true,"href":"https:\/\/legrenierdelatour.be\/brocante\/wp-json\/wp\/v2\/media\/3642"}],"wp:attachment":[{"href":"https:\/\/legrenierdelatour.be\/brocante\/wp-json\/wp\/v2\/media?parent=3641"}],"wp:term":[{"taxonomy":"product_brand","embeddable":true,"href":"https:\/\/legrenierdelatour.be\/brocante\/wp-json\/wp\/v2\/product_brand?post=3641"},{"taxonomy":"product_cat","embeddable":true,"href":"https:\/\/legrenierdelatour.be\/brocante\/wp-json\/wp\/v2\/product_cat?post=3641"},{"taxonomy":"product_tag","embeddable":true,"href":"https:\/\/legrenierdelatour.be\/brocante\/wp-json\/wp\/v2\/product_tag?post=3641"}],"curies":[{"name":"wp","href":"https:\/\/api.w.org\/{rel}","templated":true}]}}