{"id":364,"date":"2022-02-15T18:53:10","date_gmt":"2022-02-15T17:53:10","guid":{"rendered":"https:\/\/legrenierdelatour.be\/brocante\/?post_type=product&#038;p=364"},"modified":"2022-03-12T17:29:28","modified_gmt":"2022-03-12T16:29:28","slug":"vase-tapisserie-hubert-bequet","status":"publish","type":"product","link":"https:\/\/legrenierdelatour.be\/brocante\/produit\/vase-tapisserie-hubert-bequet\/","title":{"rendered":"Vase 386 \u00ab\u00a0Tapisserie?\u00a0\u00bb Hubert Bequet"},"content":{"rendered":"<p>Grand vase (26 cm de haut) de mod\u00e8le 386, peut-\u00eatre de dessin \u00ab\u00a0Tapisserie \u00e0 confirmer\u00a0\u00bb, produit par Hubert Bequet Quaregnon sans doute dans les ann\u00e9es 1970, \u00ab\u00a0P\u00e9riode de la Fa\u00efencerie Artistique 1965-1976\u00a0\u00bb. Cachet vert de la fa\u00efencerie. Petit coup sur le bord sup\u00e9rieur du vase.<\/p>\n<p>R\u00e9f 8.29<\/p>\n","protected":false},"excerpt":{"rendered":"<p>Grand vase (26 cm de haut) de mod\u00e8le 386, peut-\u00eatre de dessin \u00ab\u00a0Tapisserie \u00e0 confirmer\u00a0\u00bb, produit par Hubert Bequet Quaregnon sans doute dans les ann\u00e9es 1970, \u00ab\u00a0P\u00e9riode de la Fa\u00efencerie Artistique 1965-1976\u00a0\u00bb. Cachet vert de la fa\u00efencerie. Petit coup sur le bord sup\u00e9rieur du vase. R\u00e9f 8.29<\/p>\n","protected":false},"featured_media":357,"comment_status":"open","ping_status":"closed","template":"","meta":{"neve_meta_sidebar":"","neve_meta_container":"","neve_meta_enable_content_width":"off","neve_meta_content_width":100,"neve_meta_title_alignment":"","neve_meta_author_avatar":"","neve_post_elements_order":"","neve_meta_disable_header":"","neve_meta_disable_footer":"","neve_meta_disable_title":""},"product_brand":[],"product_cat":[15,37,16,36],"product_tag":[40,19,38,39],"class_list":{"0":"post-364","1":"product","2":"type-product","3":"status-publish","4":"has-post-thumbnail","6":"product_cat-non-classe","7":"product_cat-belgique","8":"product_cat-ceramique","9":"product_cat-hubert-bequet","10":"product_tag-belgique","11":"product_tag-faience","12":"product_tag-hubert-bequet","13":"product_tag-quaregnon","15":"first","16":"instock","17":"shipping-taxable","18":"purchasable","19":"product-type-simple"},"_links":{"self":[{"href":"https:\/\/legrenierdelatour.be\/brocante\/wp-json\/wp\/v2\/product\/364","targetHints":{"allow":["GET"]}}],"collection":[{"href":"https:\/\/legrenierdelatour.be\/brocante\/wp-json\/wp\/v2\/product"}],"about":[{"href":"https:\/\/legrenierdelatour.be\/brocante\/wp-json\/wp\/v2\/types\/product"}],"replies":[{"embeddable":true,"href":"https:\/\/legrenierdelatour.be\/brocante\/wp-json\/wp\/v2\/comments?post=364"}],"wp:featuredmedia":[{"embeddable":true,"href":"https:\/\/legrenierdelatour.be\/brocante\/wp-json\/wp\/v2\/media\/357"}],"wp:attachment":[{"href":"https:\/\/legrenierdelatour.be\/brocante\/wp-json\/wp\/v2\/media?parent=364"}],"wp:term":[{"taxonomy":"product_brand","embeddable":true,"href":"https:\/\/legrenierdelatour.be\/brocante\/wp-json\/wp\/v2\/product_brand?post=364"},{"taxonomy":"product_cat","embeddable":true,"href":"https:\/\/legrenierdelatour.be\/brocante\/wp-json\/wp\/v2\/product_cat?post=364"},{"taxonomy":"product_tag","embeddable":true,"href":"https:\/\/legrenierdelatour.be\/brocante\/wp-json\/wp\/v2\/product_tag?post=364"}],"curies":[{"name":"wp","href":"https:\/\/api.w.org\/{rel}","templated":true}]}}