{"id":362,"date":"2022-02-15T15:34:31","date_gmt":"2022-02-15T14:34:31","guid":{"rendered":"https:\/\/legrenierdelatour.be\/brocante\/?post_type=product&#038;p=362"},"modified":"2022-03-12T17:30:03","modified_gmt":"2022-03-12T16:30:03","slug":"aiguiere-133-royal-teralfene-hubert-bequet","status":"publish","type":"product","link":"https:\/\/legrenierdelatour.be\/brocante\/produit\/aiguiere-133-royal-teralfene-hubert-bequet\/","title":{"rendered":"Aigui\u00e8re 133 \u00ab\u00a0Royal &#8211; Teralfene\u00a0\u00bb Hubert Bequet"},"content":{"rendered":"<p>Aigui\u00e8re (25 cm haut) produite par Hubert Bequet d&rsquo;apr\u00e8s le mod\u00e8le 133 en creux, et avec le d\u00e9cor \u00ab\u00a0Royal\u00a0\u00bb de la \u00ab\u00a0P\u00e9riode de la Fa\u00efencerie artistique 1945- 1976\u00a0\u00bb sign\u00e9 ici de \u00ab\u00a0JC\u00a0\u00bb. Peut-\u00eatre un souvenir de Teralf\u00e8ne, inscrit dans l&rsquo;\u00e9cusson, une petite ville du Brabant flamant.<\/p>\n<p>R\u00e9f 7.73<\/p>\n","protected":false},"excerpt":{"rendered":"<p>Aigui\u00e8re (25 cm haut) produite par Hubert Bequet d&rsquo;apr\u00e8s le mod\u00e8le 133 en creux, et avec le d\u00e9cor \u00ab\u00a0Royal\u00a0\u00bb de la \u00ab\u00a0P\u00e9riode de la Fa\u00efencerie artistique 1945- 1976\u00a0\u00bb sign\u00e9 ici de \u00ab\u00a0JC\u00a0\u00bb. Peut-\u00eatre un souvenir de Teralf\u00e8ne, inscrit dans l&rsquo;\u00e9cusson, une petite ville du Brabant flamant. R\u00e9f 7.73<\/p>\n","protected":false},"featured_media":350,"comment_status":"open","ping_status":"closed","template":"","meta":{"neve_meta_sidebar":"","neve_meta_container":"","neve_meta_enable_content_width":"off","neve_meta_content_width":100,"neve_meta_title_alignment":"","neve_meta_author_avatar":"","neve_post_elements_order":"","neve_meta_disable_header":"","neve_meta_disable_footer":"","neve_meta_disable_title":""},"product_brand":[],"product_cat":[15,37,16,36],"product_tag":[40,19,38,39],"class_list":{"0":"post-362","1":"product","2":"type-product","3":"status-publish","4":"has-post-thumbnail","6":"product_cat-non-classe","7":"product_cat-belgique","8":"product_cat-ceramique","9":"product_cat-hubert-bequet","10":"product_tag-belgique","11":"product_tag-faience","12":"product_tag-hubert-bequet","13":"product_tag-quaregnon","15":"first","16":"instock","17":"shipping-taxable","18":"purchasable","19":"product-type-simple"},"_links":{"self":[{"href":"https:\/\/legrenierdelatour.be\/brocante\/wp-json\/wp\/v2\/product\/362","targetHints":{"allow":["GET"]}}],"collection":[{"href":"https:\/\/legrenierdelatour.be\/brocante\/wp-json\/wp\/v2\/product"}],"about":[{"href":"https:\/\/legrenierdelatour.be\/brocante\/wp-json\/wp\/v2\/types\/product"}],"replies":[{"embeddable":true,"href":"https:\/\/legrenierdelatour.be\/brocante\/wp-json\/wp\/v2\/comments?post=362"}],"wp:featuredmedia":[{"embeddable":true,"href":"https:\/\/legrenierdelatour.be\/brocante\/wp-json\/wp\/v2\/media\/350"}],"wp:attachment":[{"href":"https:\/\/legrenierdelatour.be\/brocante\/wp-json\/wp\/v2\/media?parent=362"}],"wp:term":[{"taxonomy":"product_brand","embeddable":true,"href":"https:\/\/legrenierdelatour.be\/brocante\/wp-json\/wp\/v2\/product_brand?post=362"},{"taxonomy":"product_cat","embeddable":true,"href":"https:\/\/legrenierdelatour.be\/brocante\/wp-json\/wp\/v2\/product_cat?post=362"},{"taxonomy":"product_tag","embeddable":true,"href":"https:\/\/legrenierdelatour.be\/brocante\/wp-json\/wp\/v2\/product_tag?post=362"}],"curies":[{"name":"wp","href":"https:\/\/api.w.org\/{rel}","templated":true}]}}