{"id":361,"date":"2022-02-15T15:20:51","date_gmt":"2022-02-15T14:20:51","guid":{"rendered":"https:\/\/legrenierdelatour.be\/brocante\/?post_type=product&#038;p=361"},"modified":"2022-03-12T17:30:15","modified_gmt":"2022-03-12T16:30:15","slug":"aiguiere-279-paon-hubert-bequet","status":"publish","type":"product","link":"https:\/\/legrenierdelatour.be\/brocante\/produit\/aiguiere-279-paon-hubert-bequet\/","title":{"rendered":"Aigui\u00e8re 279 \u00ab\u00a0Paon\u00a0\u00bb Hubert Bequet"},"content":{"rendered":"<p>Aigui\u00e8re (26 cm haut) produite par la fa\u00efencerie Hubert Bequet \u00e0 Quaregnon, avec un d\u00e9cor de \u00ab\u00a0Paon\u00a0\u00bb, d\u00e9cor utilis\u00e9 durant la \u00ab\u00a0P\u00e9riode de la Fa\u00efencerie Artistique 1945-1976\u00a0\u00bb. Le mod\u00e8le est attest\u00e9 par \u00ab\u00a0279\u00a0\u00bb en creux, et une signature est grav\u00e9e sous le vase \u00ab\u00a0C ou 6\u00a0\u00bb.<\/p>\n<p>R\u00e9f 7.31<\/p>\n","protected":false},"excerpt":{"rendered":"<p>Aigui\u00e8re (26 cm haut) produite par la fa\u00efencerie Hubert Bequet \u00e0 Quaregnon, avec un d\u00e9cor de \u00ab\u00a0Paon\u00a0\u00bb, d\u00e9cor utilis\u00e9 durant la \u00ab\u00a0P\u00e9riode de la Fa\u00efencerie Artistique 1945-1976\u00a0\u00bb. Le mod\u00e8le est attest\u00e9 par \u00ab\u00a0279\u00a0\u00bb en creux, et une signature est grav\u00e9e sous le vase \u00ab\u00a0C ou 6\u00a0\u00bb. R\u00e9f 7.31<\/p>\n","protected":false},"featured_media":347,"comment_status":"open","ping_status":"closed","template":"","meta":{"neve_meta_sidebar":"","neve_meta_container":"","neve_meta_enable_content_width":"off","neve_meta_content_width":100,"neve_meta_title_alignment":"","neve_meta_author_avatar":"","neve_post_elements_order":"","neve_meta_disable_header":"","neve_meta_disable_footer":"","neve_meta_disable_title":""},"product_brand":[],"product_cat":[15,37,16,36],"product_tag":[40,19,38,39],"class_list":{"0":"post-361","1":"product","2":"type-product","3":"status-publish","4":"has-post-thumbnail","6":"product_cat-non-classe","7":"product_cat-belgique","8":"product_cat-ceramique","9":"product_cat-hubert-bequet","10":"product_tag-belgique","11":"product_tag-faience","12":"product_tag-hubert-bequet","13":"product_tag-quaregnon","15":"first","16":"instock","17":"shipping-taxable","18":"purchasable","19":"product-type-simple"},"_links":{"self":[{"href":"https:\/\/legrenierdelatour.be\/brocante\/wp-json\/wp\/v2\/product\/361","targetHints":{"allow":["GET"]}}],"collection":[{"href":"https:\/\/legrenierdelatour.be\/brocante\/wp-json\/wp\/v2\/product"}],"about":[{"href":"https:\/\/legrenierdelatour.be\/brocante\/wp-json\/wp\/v2\/types\/product"}],"replies":[{"embeddable":true,"href":"https:\/\/legrenierdelatour.be\/brocante\/wp-json\/wp\/v2\/comments?post=361"}],"wp:featuredmedia":[{"embeddable":true,"href":"https:\/\/legrenierdelatour.be\/brocante\/wp-json\/wp\/v2\/media\/347"}],"wp:attachment":[{"href":"https:\/\/legrenierdelatour.be\/brocante\/wp-json\/wp\/v2\/media?parent=361"}],"wp:term":[{"taxonomy":"product_brand","embeddable":true,"href":"https:\/\/legrenierdelatour.be\/brocante\/wp-json\/wp\/v2\/product_brand?post=361"},{"taxonomy":"product_cat","embeddable":true,"href":"https:\/\/legrenierdelatour.be\/brocante\/wp-json\/wp\/v2\/product_cat?post=361"},{"taxonomy":"product_tag","embeddable":true,"href":"https:\/\/legrenierdelatour.be\/brocante\/wp-json\/wp\/v2\/product_tag?post=361"}],"curies":[{"name":"wp","href":"https:\/\/api.w.org\/{rel}","templated":true}]}}