{"id":3593,"date":"2022-11-22T12:01:38","date_gmt":"2022-11-22T11:01:38","guid":{"rendered":"https:\/\/legrenierdelatour.be\/brocante\/?post_type=product&#038;p=3593"},"modified":"2022-11-22T12:01:38","modified_gmt":"2022-11-22T11:01:38","slug":"plat-en-peau-de-vache-70","status":"publish","type":"product","link":"https:\/\/legrenierdelatour.be\/brocante\/produit\/plat-en-peau-de-vache-70\/","title":{"rendered":"Plat en \u00ab\u00a0Peau de vache\u00a0\u00bb &rsquo;70"},"content":{"rendered":"<p>Dessous de plat ou plat (24,5 cm de diam\u00e8tre) en \u00ab Peau de vache\u00a0\u00bb, soit un patchwork de morceaux de cuir cousus entre eux. En assez bon \u00e9tat si ce n&rsquo;est certaines parties de couture, cette pi\u00e8ce vintage date certainement des ann\u00e9es 1970.<\/p>\n<div>R\u00e9f 15.12<\/div>\n","protected":false},"excerpt":{"rendered":"<p>Dessous de plat ou plat (24,5 cm de diam\u00e8tre) en \u00ab Peau de vache\u00a0\u00bb, soit un patchwork de morceaux de cuir cousus entre eux. En assez bon \u00e9tat si ce n&rsquo;est certaines parties de couture, cette pi\u00e8ce vintage date certainement des ann\u00e9es 1970. R\u00e9f 15.12<\/p>\n","protected":false},"featured_media":3582,"comment_status":"open","ping_status":"closed","template":"","meta":{"neve_meta_sidebar":"","neve_meta_container":"","neve_meta_enable_content_width":"off","neve_meta_content_width":100,"neve_meta_title_alignment":"","neve_meta_author_avatar":"","neve_post_elements_order":"","neve_meta_disable_header":"","neve_meta_disable_footer":"","neve_meta_disable_title":""},"product_brand":[],"product_cat":[182],"product_tag":[28],"class_list":{"0":"post-3593","1":"product","2":"type-product","3":"status-publish","4":"has-post-thumbnail","6":"product_cat-trophee-de-chasse","7":"product_tag-vintage","9":"first","10":"instock","11":"shipping-taxable","12":"purchasable","13":"product-type-simple"},"_links":{"self":[{"href":"https:\/\/legrenierdelatour.be\/brocante\/wp-json\/wp\/v2\/product\/3593","targetHints":{"allow":["GET"]}}],"collection":[{"href":"https:\/\/legrenierdelatour.be\/brocante\/wp-json\/wp\/v2\/product"}],"about":[{"href":"https:\/\/legrenierdelatour.be\/brocante\/wp-json\/wp\/v2\/types\/product"}],"replies":[{"embeddable":true,"href":"https:\/\/legrenierdelatour.be\/brocante\/wp-json\/wp\/v2\/comments?post=3593"}],"wp:featuredmedia":[{"embeddable":true,"href":"https:\/\/legrenierdelatour.be\/brocante\/wp-json\/wp\/v2\/media\/3582"}],"wp:attachment":[{"href":"https:\/\/legrenierdelatour.be\/brocante\/wp-json\/wp\/v2\/media?parent=3593"}],"wp:term":[{"taxonomy":"product_brand","embeddable":true,"href":"https:\/\/legrenierdelatour.be\/brocante\/wp-json\/wp\/v2\/product_brand?post=3593"},{"taxonomy":"product_cat","embeddable":true,"href":"https:\/\/legrenierdelatour.be\/brocante\/wp-json\/wp\/v2\/product_cat?post=3593"},{"taxonomy":"product_tag","embeddable":true,"href":"https:\/\/legrenierdelatour.be\/brocante\/wp-json\/wp\/v2\/product_tag?post=3593"}],"curies":[{"name":"wp","href":"https:\/\/api.w.org\/{rel}","templated":true}]}}