{"id":3573,"date":"2022-11-21T17:48:07","date_gmt":"2022-11-21T16:48:07","guid":{"rendered":"https:\/\/legrenierdelatour.be\/brocante\/?post_type=product&#038;p=3573"},"modified":"2022-11-21T17:48:31","modified_gmt":"2022-11-21T16:48:31","slug":"vase-amc-wasmuel-208-743-art-deco","status":"publish","type":"product","link":"https:\/\/legrenierdelatour.be\/brocante\/produit\/vase-amc-wasmuel-208-743-art-deco\/","title":{"rendered":"Vase AMC Wasmu\u00ebl 208 743 Art D\u00e9co"},"content":{"rendered":"<p>Vase en fa\u00efence (21 cm de haut) \u00e0 d\u00e9cor Art D\u00e9co craquel\u00e9, datant sans doute des ann\u00e9es 1920-30. Il a \u00e9t\u00e9 produit par l\u2019atelier Auguste Mouzin et Cie (AMC \u00e0 partir de 1886) de la Faiencerie Mouzin \u00e0 Wasmu\u00ebl (1840-1951). En tr\u00e8s bon \u00e9tat, il porte le num\u00e9ro de forme 208\/0 et le num\u00e9ro de d\u00e9cor 743.<\/p>\n<div>R\u00e9f 15.8<\/div>\n","protected":false},"excerpt":{"rendered":"<p>Vase en fa\u00efence (21 cm de haut) \u00e0 d\u00e9cor Art D\u00e9co craquel\u00e9, datant sans doute des ann\u00e9es 1920-30. Il a \u00e9t\u00e9 produit par l\u2019atelier Auguste Mouzin et Cie (AMC \u00e0 partir de 1886) de la Faiencerie Mouzin \u00e0 Wasmu\u00ebl (1840-1951). En tr\u00e8s bon \u00e9tat, il porte le num\u00e9ro de forme 208\/0 et le num\u00e9ro de&hellip;&nbsp;<a href=\"https:\/\/legrenierdelatour.be\/brocante\/produit\/vase-amc-wasmuel-208-743-art-deco\/\" class=\"\" rel=\"bookmark\">Lire la suite &raquo;<span class=\"screen-reader-text\">Vase AMC Wasmu\u00ebl 208 743 Art D\u00e9co<\/span><\/a><\/p>\n","protected":false},"featured_media":3577,"comment_status":"open","ping_status":"closed","template":"","meta":{"neve_meta_sidebar":"","neve_meta_container":"","neve_meta_enable_content_width":"off","neve_meta_content_width":100,"neve_meta_title_alignment":"","neve_meta_author_avatar":"","neve_post_elements_order":"","neve_meta_disable_header":"","neve_meta_disable_footer":"","neve_meta_disable_title":""},"product_brand":[],"product_cat":[37,16,178],"product_tag":[21,40,19,41],"class_list":{"0":"post-3573","1":"product","2":"type-product","3":"status-publish","4":"has-post-thumbnail","6":"product_cat-belgique","7":"product_cat-ceramique","8":"product_cat-waesmuel","9":"product_tag-art-deco","10":"product_tag-belgique","11":"product_tag-faience","12":"product_tag-wasmuel","14":"first","15":"instock","16":"shipping-taxable","17":"purchasable","18":"product-type-simple"},"_links":{"self":[{"href":"https:\/\/legrenierdelatour.be\/brocante\/wp-json\/wp\/v2\/product\/3573","targetHints":{"allow":["GET"]}}],"collection":[{"href":"https:\/\/legrenierdelatour.be\/brocante\/wp-json\/wp\/v2\/product"}],"about":[{"href":"https:\/\/legrenierdelatour.be\/brocante\/wp-json\/wp\/v2\/types\/product"}],"replies":[{"embeddable":true,"href":"https:\/\/legrenierdelatour.be\/brocante\/wp-json\/wp\/v2\/comments?post=3573"}],"wp:featuredmedia":[{"embeddable":true,"href":"https:\/\/legrenierdelatour.be\/brocante\/wp-json\/wp\/v2\/media\/3577"}],"wp:attachment":[{"href":"https:\/\/legrenierdelatour.be\/brocante\/wp-json\/wp\/v2\/media?parent=3573"}],"wp:term":[{"taxonomy":"product_brand","embeddable":true,"href":"https:\/\/legrenierdelatour.be\/brocante\/wp-json\/wp\/v2\/product_brand?post=3573"},{"taxonomy":"product_cat","embeddable":true,"href":"https:\/\/legrenierdelatour.be\/brocante\/wp-json\/wp\/v2\/product_cat?post=3573"},{"taxonomy":"product_tag","embeddable":true,"href":"https:\/\/legrenierdelatour.be\/brocante\/wp-json\/wp\/v2\/product_tag?post=3573"}],"curies":[{"name":"wp","href":"https:\/\/api.w.org\/{rel}","templated":true}]}}