{"id":3572,"date":"2022-11-20T12:23:19","date_gmt":"2022-11-20T11:23:19","guid":{"rendered":"https:\/\/legrenierdelatour.be\/brocante\/?post_type=product&#038;p=3572"},"modified":"2022-11-21T16:13:08","modified_gmt":"2022-11-21T15:13:08","slug":"peinture-a-lhuile-paysage-bord-de-mer-puig","status":"publish","type":"product","link":"https:\/\/legrenierdelatour.be\/brocante\/produit\/peinture-a-lhuile-paysage-bord-de-mer-puig\/","title":{"rendered":"Peinture \u00e0 l&rsquo;huile, Paysage bord de mer, Puig"},"content":{"rendered":"<p>Deux petites peintures \u00e0 l\u2019huile (22x27cm hors cadre) repr\u00e9sentant un paysage de bord de mer. Elles sont sign\u00e9es Puig et datent sans doute de la fin du XX\u00e8me si\u00e8cle. Elles sont en parfait \u00e9tat et sont vendues s\u00e9par\u00e9ment pour 50\u20ac pi\u00e8ce.<\/p>\n<div>R\u00e9f 15.7<\/div>\n","protected":false},"excerpt":{"rendered":"<p>Deux petites peintures \u00e0 l\u2019huile (22x27cm hors cadre) repr\u00e9sentant un paysage de bord de mer. Elles sont sign\u00e9es Puig et datent sans doute de la fin du XX\u00e8me si\u00e8cle. Elles sont en parfait \u00e9tat et sont vendues s\u00e9par\u00e9ment pour 50\u20ac pi\u00e8ce. R\u00e9f 15.7<\/p>\n","protected":false},"featured_media":3563,"comment_status":"open","ping_status":"closed","template":"","meta":{"neve_meta_sidebar":"","neve_meta_container":"","neve_meta_enable_content_width":"off","neve_meta_content_width":100,"neve_meta_title_alignment":"","neve_meta_author_avatar":"","neve_post_elements_order":"","neve_meta_disable_header":"","neve_meta_disable_footer":"","neve_meta_disable_title":""},"product_brand":[],"product_cat":[167],"product_tag":[79],"class_list":{"0":"post-3572","1":"product","2":"type-product","3":"status-publish","4":"has-post-thumbnail","6":"product_cat-peintures-et-sculptures","7":"product_tag-art","9":"first","10":"instock","11":"shipping-taxable","12":"purchasable","13":"product-type-simple"},"_links":{"self":[{"href":"https:\/\/legrenierdelatour.be\/brocante\/wp-json\/wp\/v2\/product\/3572","targetHints":{"allow":["GET"]}}],"collection":[{"href":"https:\/\/legrenierdelatour.be\/brocante\/wp-json\/wp\/v2\/product"}],"about":[{"href":"https:\/\/legrenierdelatour.be\/brocante\/wp-json\/wp\/v2\/types\/product"}],"replies":[{"embeddable":true,"href":"https:\/\/legrenierdelatour.be\/brocante\/wp-json\/wp\/v2\/comments?post=3572"}],"wp:featuredmedia":[{"embeddable":true,"href":"https:\/\/legrenierdelatour.be\/brocante\/wp-json\/wp\/v2\/media\/3563"}],"wp:attachment":[{"href":"https:\/\/legrenierdelatour.be\/brocante\/wp-json\/wp\/v2\/media?parent=3572"}],"wp:term":[{"taxonomy":"product_brand","embeddable":true,"href":"https:\/\/legrenierdelatour.be\/brocante\/wp-json\/wp\/v2\/product_brand?post=3572"},{"taxonomy":"product_cat","embeddable":true,"href":"https:\/\/legrenierdelatour.be\/brocante\/wp-json\/wp\/v2\/product_cat?post=3572"},{"taxonomy":"product_tag","embeddable":true,"href":"https:\/\/legrenierdelatour.be\/brocante\/wp-json\/wp\/v2\/product_tag?post=3572"}],"curies":[{"name":"wp","href":"https:\/\/api.w.org\/{rel}","templated":true}]}}