{"id":3571,"date":"2022-11-20T11:16:08","date_gmt":"2022-11-20T10:16:08","guid":{"rendered":"https:\/\/legrenierdelatour.be\/brocante\/?post_type=product&#038;p=3571"},"modified":"2022-11-20T11:16:08","modified_gmt":"2022-11-20T10:16:08","slug":"mini-tasses-style-thulin","status":"publish","type":"product","link":"https:\/\/legrenierdelatour.be\/brocante\/produit\/mini-tasses-style-thulin\/","title":{"rendered":"Mini tasses style Thulin"},"content":{"rendered":"<p>Trois mini tasses (3 cm de haut) en parfait \u00e9tat. La fa\u00efence est \u00e9maill\u00e9e mat et pr\u00e9sente des diff\u00e9rences de couleur allant du vert p\u00e2le \u00e0 l\u2019orang\u00e9.<\/p>\n<div>R\u00e9f 15.5<\/div>\n","protected":false},"excerpt":{"rendered":"<p>Trois mini tasses (3 cm de haut) en parfait \u00e9tat. La fa\u00efence est \u00e9maill\u00e9e mat et pr\u00e9sente des diff\u00e9rences de couleur allant du vert p\u00e2le \u00e0 l\u2019orang\u00e9. R\u00e9f 15.5<\/p>\n","protected":false},"featured_media":3549,"comment_status":"open","ping_status":"closed","template":"","meta":{"neve_meta_sidebar":"","neve_meta_container":"","neve_meta_enable_content_width":"off","neve_meta_content_width":100,"neve_meta_title_alignment":"","neve_meta_author_avatar":"","neve_post_elements_order":"","neve_meta_disable_header":"","neve_meta_disable_footer":"","neve_meta_disable_title":""},"product_brand":[],"product_cat":[172,16],"product_tag":[19,28],"class_list":{"0":"post-3571","1":"product","2":"type-product","3":"status-publish","4":"has-post-thumbnail","6":"product_cat-en-cuisine","7":"product_cat-ceramique","8":"product_tag-faience","9":"product_tag-vintage","11":"first","12":"instock","13":"shipping-taxable","14":"purchasable","15":"product-type-simple"},"_links":{"self":[{"href":"https:\/\/legrenierdelatour.be\/brocante\/wp-json\/wp\/v2\/product\/3571","targetHints":{"allow":["GET"]}}],"collection":[{"href":"https:\/\/legrenierdelatour.be\/brocante\/wp-json\/wp\/v2\/product"}],"about":[{"href":"https:\/\/legrenierdelatour.be\/brocante\/wp-json\/wp\/v2\/types\/product"}],"replies":[{"embeddable":true,"href":"https:\/\/legrenierdelatour.be\/brocante\/wp-json\/wp\/v2\/comments?post=3571"}],"wp:featuredmedia":[{"embeddable":true,"href":"https:\/\/legrenierdelatour.be\/brocante\/wp-json\/wp\/v2\/media\/3549"}],"wp:attachment":[{"href":"https:\/\/legrenierdelatour.be\/brocante\/wp-json\/wp\/v2\/media?parent=3571"}],"wp:term":[{"taxonomy":"product_brand","embeddable":true,"href":"https:\/\/legrenierdelatour.be\/brocante\/wp-json\/wp\/v2\/product_brand?post=3571"},{"taxonomy":"product_cat","embeddable":true,"href":"https:\/\/legrenierdelatour.be\/brocante\/wp-json\/wp\/v2\/product_cat?post=3571"},{"taxonomy":"product_tag","embeddable":true,"href":"https:\/\/legrenierdelatour.be\/brocante\/wp-json\/wp\/v2\/product_tag?post=3571"}],"curies":[{"name":"wp","href":"https:\/\/api.w.org\/{rel}","templated":true}]}}