{"id":3548,"date":"2022-11-20T10:24:41","date_gmt":"2022-11-20T09:24:41","guid":{"rendered":"https:\/\/legrenierdelatour.be\/brocante\/?post_type=product&#038;p=3548"},"modified":"2022-11-20T10:26:25","modified_gmt":"2022-11-20T09:26:25","slug":"carreau-de-faience-chasse-made-in-belgium","status":"publish","type":"product","link":"https:\/\/legrenierdelatour.be\/brocante\/produit\/carreau-de-faience-chasse-made-in-belgium\/","title":{"rendered":"Carreau de fa\u00efence Chasse Made in Belgium"},"content":{"rendered":"<p>Carreau de fa\u00efence (15,5&#215;15,5cm) avec une repr\u00e9sentation de sc\u00e8ne de chasse. Ce carreau porte la mention Made in Belgium ainsi que les num\u00e9ros 502 S1FFEL. Le lieu de production n\u2019a pas pu \u00eatre d\u00e9termin\u00e9. Le carreau est en bon \u00e9tat si ce n&rsquo;est des craquelures d&rsquo;\u00e2ge.<\/p>\n<div>R\u00e9f 15.2<\/div>\n","protected":false},"excerpt":{"rendered":"<p>Carreau de fa\u00efence (15,5&#215;15,5cm) avec une repr\u00e9sentation de sc\u00e8ne de chasse. Ce carreau porte la mention Made in Belgium ainsi que les num\u00e9ros 502 S1FFEL. Le lieu de production n\u2019a pas pu \u00eatre d\u00e9termin\u00e9. Le carreau est en bon \u00e9tat si ce n&rsquo;est des craquelures d&rsquo;\u00e2ge. R\u00e9f 15.2<\/p>\n","protected":false},"featured_media":3560,"comment_status":"open","ping_status":"closed","template":"","meta":{"neve_meta_sidebar":"","neve_meta_container":"","neve_meta_enable_content_width":"off","neve_meta_content_width":100,"neve_meta_title_alignment":"","neve_meta_author_avatar":"","neve_post_elements_order":"","neve_meta_disable_header":"","neve_meta_disable_footer":"","neve_meta_disable_title":""},"product_brand":[],"product_cat":[37,16],"product_tag":[40,137,19,28],"class_list":{"0":"post-3548","1":"product","2":"type-product","3":"status-publish","4":"has-post-thumbnail","6":"product_cat-belgique","7":"product_cat-ceramique","8":"product_tag-belgique","9":"product_tag-chasse","10":"product_tag-faience","11":"product_tag-vintage","13":"first","14":"instock","15":"shipping-taxable","16":"purchasable","17":"product-type-simple"},"_links":{"self":[{"href":"https:\/\/legrenierdelatour.be\/brocante\/wp-json\/wp\/v2\/product\/3548","targetHints":{"allow":["GET"]}}],"collection":[{"href":"https:\/\/legrenierdelatour.be\/brocante\/wp-json\/wp\/v2\/product"}],"about":[{"href":"https:\/\/legrenierdelatour.be\/brocante\/wp-json\/wp\/v2\/types\/product"}],"replies":[{"embeddable":true,"href":"https:\/\/legrenierdelatour.be\/brocante\/wp-json\/wp\/v2\/comments?post=3548"}],"wp:featuredmedia":[{"embeddable":true,"href":"https:\/\/legrenierdelatour.be\/brocante\/wp-json\/wp\/v2\/media\/3560"}],"wp:attachment":[{"href":"https:\/\/legrenierdelatour.be\/brocante\/wp-json\/wp\/v2\/media?parent=3548"}],"wp:term":[{"taxonomy":"product_brand","embeddable":true,"href":"https:\/\/legrenierdelatour.be\/brocante\/wp-json\/wp\/v2\/product_brand?post=3548"},{"taxonomy":"product_cat","embeddable":true,"href":"https:\/\/legrenierdelatour.be\/brocante\/wp-json\/wp\/v2\/product_cat?post=3548"},{"taxonomy":"product_tag","embeddable":true,"href":"https:\/\/legrenierdelatour.be\/brocante\/wp-json\/wp\/v2\/product_tag?post=3548"}],"curies":[{"name":"wp","href":"https:\/\/api.w.org\/{rel}","templated":true}]}}