{"id":3547,"date":"2022-11-20T08:50:41","date_gmt":"2022-11-20T07:50:41","guid":{"rendered":"https:\/\/legrenierdelatour.be\/brocante\/?post_type=product&#038;p=3547"},"modified":"2022-11-20T08:50:41","modified_gmt":"2022-11-20T07:50:41","slug":"vase-art-deco-style-thulin-113","status":"publish","type":"product","link":"https:\/\/legrenierdelatour.be\/brocante\/produit\/vase-art-deco-style-thulin-113\/","title":{"rendered":"Vase Art D\u00e9co Style Thulin 113"},"content":{"rendered":"<p>Grand vase (28cm de haut) de style Thulin mais sans doute de fabrication fran\u00e7aise. Il est sign\u00e9 MA et porte le num\u00e9ro de forme 113. Il date sans doute des ann\u00e9es 1930-50. Il est ab\u00eem\u00e9 \u00e0 la base, comme on peut le constater sur les photos.<\/p>\n<div>R\u00e9f 15.1<\/div>\n","protected":false},"excerpt":{"rendered":"<p>Grand vase (28cm de haut) de style Thulin mais sans doute de fabrication fran\u00e7aise. Il est sign\u00e9 MA et porte le num\u00e9ro de forme 113. Il date sans doute des ann\u00e9es 1930-50. Il est ab\u00eem\u00e9 \u00e0 la base, comme on peut le constater sur les photos. R\u00e9f 15.1<\/p>\n","protected":false},"featured_media":3515,"comment_status":"open","ping_status":"closed","template":"","meta":{"neve_meta_sidebar":"","neve_meta_container":"","neve_meta_enable_content_width":"off","neve_meta_content_width":100,"neve_meta_title_alignment":"","neve_meta_author_avatar":"","neve_post_elements_order":"","neve_meta_disable_header":"","neve_meta_disable_footer":"","neve_meta_disable_title":""},"product_brand":[],"product_cat":[16],"product_tag":[21,19],"class_list":{"0":"post-3547","1":"product","2":"type-product","3":"status-publish","4":"has-post-thumbnail","6":"product_cat-ceramique","7":"product_tag-art-deco","8":"product_tag-faience","10":"first","11":"instock","12":"shipping-taxable","13":"purchasable","14":"product-type-simple"},"_links":{"self":[{"href":"https:\/\/legrenierdelatour.be\/brocante\/wp-json\/wp\/v2\/product\/3547","targetHints":{"allow":["GET"]}}],"collection":[{"href":"https:\/\/legrenierdelatour.be\/brocante\/wp-json\/wp\/v2\/product"}],"about":[{"href":"https:\/\/legrenierdelatour.be\/brocante\/wp-json\/wp\/v2\/types\/product"}],"replies":[{"embeddable":true,"href":"https:\/\/legrenierdelatour.be\/brocante\/wp-json\/wp\/v2\/comments?post=3547"}],"wp:featuredmedia":[{"embeddable":true,"href":"https:\/\/legrenierdelatour.be\/brocante\/wp-json\/wp\/v2\/media\/3515"}],"wp:attachment":[{"href":"https:\/\/legrenierdelatour.be\/brocante\/wp-json\/wp\/v2\/media?parent=3547"}],"wp:term":[{"taxonomy":"product_brand","embeddable":true,"href":"https:\/\/legrenierdelatour.be\/brocante\/wp-json\/wp\/v2\/product_brand?post=3547"},{"taxonomy":"product_cat","embeddable":true,"href":"https:\/\/legrenierdelatour.be\/brocante\/wp-json\/wp\/v2\/product_cat?post=3547"},{"taxonomy":"product_tag","embeddable":true,"href":"https:\/\/legrenierdelatour.be\/brocante\/wp-json\/wp\/v2\/product_tag?post=3547"}],"curies":[{"name":"wp","href":"https:\/\/api.w.org\/{rel}","templated":true}]}}