{"id":3541,"date":"2022-11-16T16:32:43","date_gmt":"2022-11-16T15:32:43","guid":{"rendered":"https:\/\/legrenierdelatour.be\/brocante\/?post_type=product&#038;p=3541"},"modified":"2022-11-16T16:32:44","modified_gmt":"2022-11-16T15:32:44","slug":"vase-thulin-38-3","status":"publish","type":"product","link":"https:\/\/legrenierdelatour.be\/brocante\/produit\/vase-thulin-38-3\/","title":{"rendered":"Vase Thulin 38 3"},"content":{"rendered":"<p>Vase \u00a0(36,5 cm de haut), issu de la manufacture de Thulin (1887-1973). Il date sans doute des ann\u00e9es 1930-50 et est en bon \u00e9tat. Le vase ne porte que le num\u00e9ro de forme 38, ainsi que le chiffre 3.<\/p>\n<div>R\u00e9f 14.107<\/div>\n","protected":false},"excerpt":{"rendered":"<p>Vase \u00a0(36,5 cm de haut), issu de la manufacture de Thulin (1887-1973). Il date sans doute des ann\u00e9es 1930-50 et est en bon \u00e9tat. Le vase ne porte que le num\u00e9ro de forme 38, ainsi que le chiffre 3. R\u00e9f 14.107<\/p>\n","protected":false},"featured_media":3519,"comment_status":"open","ping_status":"closed","template":"","meta":{"neve_meta_sidebar":"","neve_meta_container":"","neve_meta_enable_content_width":"off","neve_meta_content_width":100,"neve_meta_title_alignment":"","neve_meta_author_avatar":"","neve_post_elements_order":"","neve_meta_disable_header":"","neve_meta_disable_footer":"","neve_meta_disable_title":""},"product_brand":[],"product_cat":[37,16,177],"product_tag":[21,40,19,46],"class_list":{"0":"post-3541","1":"product","2":"type-product","3":"status-publish","4":"has-post-thumbnail","6":"product_cat-belgique","7":"product_cat-ceramique","8":"product_cat-thulin","9":"product_tag-art-deco","10":"product_tag-belgique","11":"product_tag-faience","12":"product_tag-thulin","14":"first","15":"instock","16":"shipping-taxable","17":"purchasable","18":"product-type-simple"},"_links":{"self":[{"href":"https:\/\/legrenierdelatour.be\/brocante\/wp-json\/wp\/v2\/product\/3541","targetHints":{"allow":["GET"]}}],"collection":[{"href":"https:\/\/legrenierdelatour.be\/brocante\/wp-json\/wp\/v2\/product"}],"about":[{"href":"https:\/\/legrenierdelatour.be\/brocante\/wp-json\/wp\/v2\/types\/product"}],"replies":[{"embeddable":true,"href":"https:\/\/legrenierdelatour.be\/brocante\/wp-json\/wp\/v2\/comments?post=3541"}],"wp:featuredmedia":[{"embeddable":true,"href":"https:\/\/legrenierdelatour.be\/brocante\/wp-json\/wp\/v2\/media\/3519"}],"wp:attachment":[{"href":"https:\/\/legrenierdelatour.be\/brocante\/wp-json\/wp\/v2\/media?parent=3541"}],"wp:term":[{"taxonomy":"product_brand","embeddable":true,"href":"https:\/\/legrenierdelatour.be\/brocante\/wp-json\/wp\/v2\/product_brand?post=3541"},{"taxonomy":"product_cat","embeddable":true,"href":"https:\/\/legrenierdelatour.be\/brocante\/wp-json\/wp\/v2\/product_cat?post=3541"},{"taxonomy":"product_tag","embeddable":true,"href":"https:\/\/legrenierdelatour.be\/brocante\/wp-json\/wp\/v2\/product_tag?post=3541"}],"curies":[{"name":"wp","href":"https:\/\/api.w.org\/{rel}","templated":true}]}}