{"id":3524,"date":"2022-11-15T17:28:35","date_gmt":"2022-11-15T16:28:35","guid":{"rendered":"https:\/\/legrenierdelatour.be\/brocante\/?post_type=product&#038;p=3524"},"modified":"2023-08-06T15:47:17","modified_gmt":"2023-08-06T13:47:17","slug":"vases-thulin-n18","status":"publish","type":"product","link":"https:\/\/legrenierdelatour.be\/brocante\/produit\/vases-thulin-n18\/","title":{"rendered":"Vases Thulin n\u00b018?"},"content":{"rendered":"<p>Trois petits vases (12 cm de haut), issus de la manufacture de Thulin (1887-1973), de couleurs diff\u00e9rentes. Ils datent sans doute des ann\u00e9es 1930 et sont en parfait \u00e9tat. Seul un vase porte la mention Belgium et le num\u00e9ro de forme peut-\u00eatre 8 ou18? (\u00e0 confirmer).<\/p>\n<p>Seul le vase rouge est disponible.<\/p>\n<div>R\u00e9f 14.96<\/div>\n","protected":false},"excerpt":{"rendered":"<p>Trois petits vases (12 cm de haut), issus de la manufacture de Thulin (1887-1973), de couleurs diff\u00e9rentes. Ils datent sans doute des ann\u00e9es 1930 et sont en parfait \u00e9tat. Seul un vase porte la mention Belgium et le num\u00e9ro de forme peut-\u00eatre 8 ou18? (\u00e0 confirmer). Seul le vase rouge est disponible. R\u00e9f 14.96<\/p>\n","protected":false},"featured_media":3525,"comment_status":"open","ping_status":"closed","template":"","meta":{"neve_meta_sidebar":"","neve_meta_container":"","neve_meta_enable_content_width":"off","neve_meta_content_width":100,"neve_meta_title_alignment":"","neve_meta_author_avatar":"","neve_post_elements_order":"","neve_meta_disable_header":"","neve_meta_disable_footer":"","neve_meta_disable_title":""},"product_brand":[],"product_cat":[37,16,177],"product_tag":[21,40,19,46],"class_list":{"0":"post-3524","1":"product","2":"type-product","3":"status-publish","4":"has-post-thumbnail","6":"product_cat-belgique","7":"product_cat-ceramique","8":"product_cat-thulin","9":"product_tag-art-deco","10":"product_tag-belgique","11":"product_tag-faience","12":"product_tag-thulin","14":"first","15":"instock","16":"shipping-taxable","17":"purchasable","18":"product-type-simple"},"_links":{"self":[{"href":"https:\/\/legrenierdelatour.be\/brocante\/wp-json\/wp\/v2\/product\/3524","targetHints":{"allow":["GET"]}}],"collection":[{"href":"https:\/\/legrenierdelatour.be\/brocante\/wp-json\/wp\/v2\/product"}],"about":[{"href":"https:\/\/legrenierdelatour.be\/brocante\/wp-json\/wp\/v2\/types\/product"}],"replies":[{"embeddable":true,"href":"https:\/\/legrenierdelatour.be\/brocante\/wp-json\/wp\/v2\/comments?post=3524"}],"wp:featuredmedia":[{"embeddable":true,"href":"https:\/\/legrenierdelatour.be\/brocante\/wp-json\/wp\/v2\/media\/3525"}],"wp:attachment":[{"href":"https:\/\/legrenierdelatour.be\/brocante\/wp-json\/wp\/v2\/media?parent=3524"}],"wp:term":[{"taxonomy":"product_brand","embeddable":true,"href":"https:\/\/legrenierdelatour.be\/brocante\/wp-json\/wp\/v2\/product_brand?post=3524"},{"taxonomy":"product_cat","embeddable":true,"href":"https:\/\/legrenierdelatour.be\/brocante\/wp-json\/wp\/v2\/product_cat?post=3524"},{"taxonomy":"product_tag","embeddable":true,"href":"https:\/\/legrenierdelatour.be\/brocante\/wp-json\/wp\/v2\/product_tag?post=3524"}],"curies":[{"name":"wp","href":"https:\/\/api.w.org\/{rel}","templated":true}]}}