{"id":3458,"date":"2022-11-15T16:58:06","date_gmt":"2022-11-15T15:58:06","guid":{"rendered":"https:\/\/legrenierdelatour.be\/brocante\/?post_type=product&#038;p=3458"},"modified":"2024-08-04T18:45:27","modified_gmt":"2024-08-04T16:45:27","slug":"mini-vase-thulin-art-deco-n2","status":"publish","type":"product","link":"https:\/\/legrenierdelatour.be\/brocante\/produit\/mini-vase-thulin-art-deco-n2\/","title":{"rendered":"Mini vase Thulin Art D\u00e9co n\u00b02"},"content":{"rendered":"<p>Deux jolis mini vases (8,5 cm de haut) de couleurs diff\u00e9rentes, issus de la manufacture de Thulin (1887-1973). De style Art Nouveau, ils datent sans doute des ann\u00e9es 1920-30 et sont en parfait \u00e9tat. Ils sont num\u00e9rot\u00e9s 2. Le bleu n&rsquo;est plus disponible.<\/p>\n<div>\n<p>Ils sont vendus s\u00e9par\u00e9ment au prix de 12\u20ac pi\u00e8ce.<\/p>\n<div>R\u00e9f 14.94<\/div>\n<\/div>\n","protected":false},"excerpt":{"rendered":"<p>Deux jolis mini vases (8,5 cm de haut) de couleurs diff\u00e9rentes, issus de la manufacture de Thulin (1887-1973). De style Art Nouveau, ils datent sans doute des ann\u00e9es 1920-30 et sont en parfait \u00e9tat. Ils sont num\u00e9rot\u00e9s 2. Le bleu n&rsquo;est plus disponible. Ils sont vendus s\u00e9par\u00e9ment au prix de 12\u20ac pi\u00e8ce. R\u00e9f 14.94<\/p>\n","protected":false},"featured_media":3521,"comment_status":"open","ping_status":"closed","template":"","meta":{"neve_meta_sidebar":"","neve_meta_container":"","neve_meta_enable_content_width":"off","neve_meta_content_width":100,"neve_meta_title_alignment":"","neve_meta_author_avatar":"","neve_post_elements_order":"","neve_meta_disable_header":"","neve_meta_disable_footer":"","neve_meta_disable_title":""},"product_brand":[],"product_cat":[37,16,177],"product_tag":[123,40,19,46],"class_list":{"0":"post-3458","1":"product","2":"type-product","3":"status-publish","4":"has-post-thumbnail","6":"product_cat-belgique","7":"product_cat-ceramique","8":"product_cat-thulin","9":"product_tag-art-nouveau","10":"product_tag-belgique","11":"product_tag-faience","12":"product_tag-thulin","14":"first","15":"instock","16":"shipping-taxable","17":"purchasable","18":"product-type-simple"},"_links":{"self":[{"href":"https:\/\/legrenierdelatour.be\/brocante\/wp-json\/wp\/v2\/product\/3458","targetHints":{"allow":["GET"]}}],"collection":[{"href":"https:\/\/legrenierdelatour.be\/brocante\/wp-json\/wp\/v2\/product"}],"about":[{"href":"https:\/\/legrenierdelatour.be\/brocante\/wp-json\/wp\/v2\/types\/product"}],"replies":[{"embeddable":true,"href":"https:\/\/legrenierdelatour.be\/brocante\/wp-json\/wp\/v2\/comments?post=3458"}],"wp:featuredmedia":[{"embeddable":true,"href":"https:\/\/legrenierdelatour.be\/brocante\/wp-json\/wp\/v2\/media\/3521"}],"wp:attachment":[{"href":"https:\/\/legrenierdelatour.be\/brocante\/wp-json\/wp\/v2\/media?parent=3458"}],"wp:term":[{"taxonomy":"product_brand","embeddable":true,"href":"https:\/\/legrenierdelatour.be\/brocante\/wp-json\/wp\/v2\/product_brand?post=3458"},{"taxonomy":"product_cat","embeddable":true,"href":"https:\/\/legrenierdelatour.be\/brocante\/wp-json\/wp\/v2\/product_cat?post=3458"},{"taxonomy":"product_tag","embeddable":true,"href":"https:\/\/legrenierdelatour.be\/brocante\/wp-json\/wp\/v2\/product_tag?post=3458"}],"curies":[{"name":"wp","href":"https:\/\/api.w.org\/{rel}","templated":true}]}}