{"id":3456,"date":"2022-11-15T09:47:17","date_gmt":"2022-11-15T08:47:17","guid":{"rendered":"https:\/\/legrenierdelatour.be\/brocante\/?post_type=product&#038;p=3456"},"modified":"2022-11-15T09:47:17","modified_gmt":"2022-11-15T08:47:17","slug":"vase-double-carstens-tonnieshof","status":"publish","type":"product","link":"https:\/\/legrenierdelatour.be\/brocante\/produit\/vase-double-carstens-tonnieshof\/","title":{"rendered":"Vase double Carstens T\u00f6nnieshof"},"content":{"rendered":"<p>Vase double mural (15 cm de large) issu de la manufacture Carstens (1945-1987) \u00e0 T\u00f6nnieshof en Allemagne de l\u2019Ouest, produit sans doute dans les ann\u00e9es 1950-60. Il est en parfait \u00e9tat et pr\u00e9sente un d\u00e9cor typique des ann\u00e9es 50.<\/p>\n<div>R\u00e9f 14.92<\/div>\n","protected":false},"excerpt":{"rendered":"<p>Vase double mural (15 cm de large) issu de la manufacture Carstens (1945-1987) \u00e0 T\u00f6nnieshof en Allemagne de l\u2019Ouest, produit sans doute dans les ann\u00e9es 1950-60. Il est en parfait \u00e9tat et pr\u00e9sente un d\u00e9cor typique des ann\u00e9es 50. R\u00e9f 14.92<\/p>\n","protected":false},"featured_media":3434,"comment_status":"open","ping_status":"closed","template":"","meta":{"neve_meta_sidebar":"","neve_meta_container":"","neve_meta_enable_content_width":"off","neve_meta_content_width":100,"neve_meta_title_alignment":"","neve_meta_author_avatar":"","neve_post_elements_order":"","neve_meta_disable_header":"","neve_meta_disable_footer":"","neve_meta_disable_title":""},"product_brand":[],"product_cat":[48,16,47],"product_tag":[19,28,49],"class_list":{"0":"post-3456","1":"product","2":"type-product","3":"status-publish","4":"has-post-thumbnail","6":"product_cat-allemagne","7":"product_cat-ceramique","8":"product_cat-west-germany","9":"product_tag-faience","10":"product_tag-vintage","11":"product_tag-west-germany","13":"first","14":"instock","15":"shipping-taxable","16":"purchasable","17":"product-type-simple"},"_links":{"self":[{"href":"https:\/\/legrenierdelatour.be\/brocante\/wp-json\/wp\/v2\/product\/3456","targetHints":{"allow":["GET"]}}],"collection":[{"href":"https:\/\/legrenierdelatour.be\/brocante\/wp-json\/wp\/v2\/product"}],"about":[{"href":"https:\/\/legrenierdelatour.be\/brocante\/wp-json\/wp\/v2\/types\/product"}],"replies":[{"embeddable":true,"href":"https:\/\/legrenierdelatour.be\/brocante\/wp-json\/wp\/v2\/comments?post=3456"}],"wp:featuredmedia":[{"embeddable":true,"href":"https:\/\/legrenierdelatour.be\/brocante\/wp-json\/wp\/v2\/media\/3434"}],"wp:attachment":[{"href":"https:\/\/legrenierdelatour.be\/brocante\/wp-json\/wp\/v2\/media?parent=3456"}],"wp:term":[{"taxonomy":"product_brand","embeddable":true,"href":"https:\/\/legrenierdelatour.be\/brocante\/wp-json\/wp\/v2\/product_brand?post=3456"},{"taxonomy":"product_cat","embeddable":true,"href":"https:\/\/legrenierdelatour.be\/brocante\/wp-json\/wp\/v2\/product_cat?post=3456"},{"taxonomy":"product_tag","embeddable":true,"href":"https:\/\/legrenierdelatour.be\/brocante\/wp-json\/wp\/v2\/product_tag?post=3456"}],"curies":[{"name":"wp","href":"https:\/\/api.w.org\/{rel}","templated":true}]}}