{"id":3453,"date":"2022-11-15T09:17:48","date_gmt":"2022-11-15T08:17:48","guid":{"rendered":"https:\/\/legrenierdelatour.be\/brocante\/?post_type=product&#038;p=3453"},"modified":"2022-11-15T09:17:48","modified_gmt":"2022-11-15T08:17:48","slug":"pot-a-lait-paysage-keralux-boch","status":"publish","type":"product","link":"https:\/\/legrenierdelatour.be\/brocante\/produit\/pot-a-lait-paysage-keralux-boch\/","title":{"rendered":"Pot \u00e0 lait Paysage Keralux Boch"},"content":{"rendered":"<p>Joli pot \u00e0 lait (10 cm de haut) de la collection Paysage, produite par Keralux Boch La Louvi\u00e8re. Il est en tr\u00e8s bon \u00e9tat, si ce n\u2019est quelques craquelures d\u2019\u00e2ge. Il date sans doute des ann\u00e9es 1950-60.<\/p>\n<div>R\u00e9f 14.90<\/div>\n","protected":false},"excerpt":{"rendered":"<p>Joli pot \u00e0 lait (10 cm de haut) de la collection Paysage, produite par Keralux Boch La Louvi\u00e8re. Il est en tr\u00e8s bon \u00e9tat, si ce n\u2019est quelques craquelures d\u2019\u00e2ge. Il date sans doute des ann\u00e9es 1950-60. R\u00e9f 14.90<\/p>\n","protected":false},"featured_media":3439,"comment_status":"open","ping_status":"closed","template":"","meta":{"neve_meta_sidebar":"","neve_meta_container":"","neve_meta_enable_content_width":"off","neve_meta_content_width":100,"neve_meta_title_alignment":"","neve_meta_author_avatar":"","neve_post_elements_order":"","neve_meta_disable_header":"","neve_meta_disable_footer":"","neve_meta_disable_title":""},"product_brand":[],"product_cat":[37,175,172,16],"product_tag":[40,20,19,28],"class_list":{"0":"post-3453","1":"product","2":"type-product","3":"status-publish","4":"has-post-thumbnail","6":"product_cat-belgique","7":"product_cat-boch","8":"product_cat-en-cuisine","9":"product_cat-ceramique","10":"product_tag-belgique","11":"product_tag-boch","12":"product_tag-faience","13":"product_tag-vintage","15":"first","16":"instock","17":"shipping-taxable","18":"purchasable","19":"product-type-simple"},"_links":{"self":[{"href":"https:\/\/legrenierdelatour.be\/brocante\/wp-json\/wp\/v2\/product\/3453","targetHints":{"allow":["GET"]}}],"collection":[{"href":"https:\/\/legrenierdelatour.be\/brocante\/wp-json\/wp\/v2\/product"}],"about":[{"href":"https:\/\/legrenierdelatour.be\/brocante\/wp-json\/wp\/v2\/types\/product"}],"replies":[{"embeddable":true,"href":"https:\/\/legrenierdelatour.be\/brocante\/wp-json\/wp\/v2\/comments?post=3453"}],"wp:featuredmedia":[{"embeddable":true,"href":"https:\/\/legrenierdelatour.be\/brocante\/wp-json\/wp\/v2\/media\/3439"}],"wp:attachment":[{"href":"https:\/\/legrenierdelatour.be\/brocante\/wp-json\/wp\/v2\/media?parent=3453"}],"wp:term":[{"taxonomy":"product_brand","embeddable":true,"href":"https:\/\/legrenierdelatour.be\/brocante\/wp-json\/wp\/v2\/product_brand?post=3453"},{"taxonomy":"product_cat","embeddable":true,"href":"https:\/\/legrenierdelatour.be\/brocante\/wp-json\/wp\/v2\/product_cat?post=3453"},{"taxonomy":"product_tag","embeddable":true,"href":"https:\/\/legrenierdelatour.be\/brocante\/wp-json\/wp\/v2\/product_tag?post=3453"}],"curies":[{"name":"wp","href":"https:\/\/api.w.org\/{rel}","templated":true}]}}