{"id":3450,"date":"2022-11-09T21:16:54","date_gmt":"2022-11-09T20:16:54","guid":{"rendered":"https:\/\/legrenierdelatour.be\/brocante\/?post_type=product&#038;p=3450"},"modified":"2022-11-09T21:18:20","modified_gmt":"2022-11-09T20:18:20","slug":"assiette-plan-de-diekirch-villeroy-et-boch","status":"publish","type":"product","link":"https:\/\/legrenierdelatour.be\/brocante\/produit\/assiette-plan-de-diekirch-villeroy-et-boch\/","title":{"rendered":"Assiette Plan de Diekirch Villeroy et Boch"},"content":{"rendered":"<p>Belle assiette (23,5 cm de diam\u00e8tre) avec une repr\u00e9sentation du \u00ab\u00a0Plan de Diekirch dessin\u00e9 par Valerius 1803\u00a0\u00bb. Cette assiette a \u00e9t\u00e9 produite par Villeroy et Boch et offerte par la Ville de Diekirch, sans doute dans les ann\u00e9es 1950-60.<\/p>\n<div>R\u00e9f 14.88<\/div>\n","protected":false},"excerpt":{"rendered":"<p>Belle assiette (23,5 cm de diam\u00e8tre) avec une repr\u00e9sentation du \u00ab\u00a0Plan de Diekirch dessin\u00e9 par Valerius 1803\u00a0\u00bb. Cette assiette a \u00e9t\u00e9 produite par Villeroy et Boch et offerte par la Ville de Diekirch, sans doute dans les ann\u00e9es 1950-60. R\u00e9f 14.88<\/p>\n","protected":false},"featured_media":3427,"comment_status":"open","ping_status":"closed","template":"","meta":{"neve_meta_sidebar":"","neve_meta_container":"","neve_meta_enable_content_width":"off","neve_meta_content_width":100,"neve_meta_title_alignment":"","neve_meta_author_avatar":"","neve_post_elements_order":"","neve_meta_disable_header":"","neve_meta_disable_footer":"","neve_meta_disable_title":""},"product_brand":[],"product_cat":[16,165,30,166,29],"product_tag":[19,83,32],"class_list":{"0":"post-3450","1":"product","2":"type-product","3":"status-publish","4":"has-post-thumbnail","6":"product_cat-ceramique","7":"product_cat-luxembourg","8":"product_cat-luxemburgensia","9":"product_cat-luxemburgensia-luxemburgensia","10":"product_cat-villeroy-boch","11":"product_tag-faience","12":"product_tag-luxemburgensia","13":"product_tag-villeroy-et-boch","15":"first","16":"instock","17":"shipping-taxable","18":"purchasable","19":"product-type-simple"},"_links":{"self":[{"href":"https:\/\/legrenierdelatour.be\/brocante\/wp-json\/wp\/v2\/product\/3450","targetHints":{"allow":["GET"]}}],"collection":[{"href":"https:\/\/legrenierdelatour.be\/brocante\/wp-json\/wp\/v2\/product"}],"about":[{"href":"https:\/\/legrenierdelatour.be\/brocante\/wp-json\/wp\/v2\/types\/product"}],"replies":[{"embeddable":true,"href":"https:\/\/legrenierdelatour.be\/brocante\/wp-json\/wp\/v2\/comments?post=3450"}],"wp:featuredmedia":[{"embeddable":true,"href":"https:\/\/legrenierdelatour.be\/brocante\/wp-json\/wp\/v2\/media\/3427"}],"wp:attachment":[{"href":"https:\/\/legrenierdelatour.be\/brocante\/wp-json\/wp\/v2\/media?parent=3450"}],"wp:term":[{"taxonomy":"product_brand","embeddable":true,"href":"https:\/\/legrenierdelatour.be\/brocante\/wp-json\/wp\/v2\/product_brand?post=3450"},{"taxonomy":"product_cat","embeddable":true,"href":"https:\/\/legrenierdelatour.be\/brocante\/wp-json\/wp\/v2\/product_cat?post=3450"},{"taxonomy":"product_tag","embeddable":true,"href":"https:\/\/legrenierdelatour.be\/brocante\/wp-json\/wp\/v2\/product_tag?post=3450"}],"curies":[{"name":"wp","href":"https:\/\/api.w.org\/{rel}","templated":true}]}}