{"id":3448,"date":"2022-11-09T20:58:42","date_gmt":"2022-11-09T19:58:42","guid":{"rendered":"https:\/\/legrenierdelatour.be\/brocante\/?post_type=product&#038;p=3448"},"modified":"2026-03-14T17:40:05","modified_gmt":"2026-03-14T16:40:05","slug":"chope-de-biere-de-diekirch","status":"publish","type":"product","link":"https:\/\/legrenierdelatour.be\/brocante\/produit\/chope-de-biere-de-diekirch\/","title":{"rendered":"Chope de bi\u00e8re de Diekirch"},"content":{"rendered":"<p>Pichet en gr\u00e8s (10 cm de haut, 25 cl) sans doute produit en Allemagne pour la brasserie de Diekirch. Il est en parfait \u00e9tat.<\/p>\n<p>Deux exemplaires disponibles.<\/p>\n<div>R\u00e9f 14.87<\/div>\n","protected":false},"excerpt":{"rendered":"<p>Pichet en gr\u00e8s (10 cm de haut, 25 cl) sans doute produit en Allemagne pour la brasserie de Diekirch. Il est en parfait \u00e9tat. Deux exemplaires disponibles. R\u00e9f 14.87<\/p>\n","protected":false},"featured_media":3443,"comment_status":"open","ping_status":"closed","template":"","meta":{"neve_meta_sidebar":"","neve_meta_container":"","neve_meta_enable_content_width":"off","neve_meta_content_width":100,"neve_meta_title_alignment":"","neve_meta_author_avatar":"","neve_post_elements_order":"","neve_meta_disable_header":"","neve_meta_disable_footer":"","neve_meta_disable_title":""},"product_brand":[],"product_cat":[48,172,16,30,166],"product_tag":[113,83],"class_list":{"0":"post-3448","1":"product","2":"type-product","3":"status-publish","4":"has-post-thumbnail","6":"product_cat-allemagne","7":"product_cat-en-cuisine","8":"product_cat-ceramique","9":"product_cat-luxemburgensia","10":"product_cat-luxemburgensia-luxemburgensia","11":"product_tag-gres","12":"product_tag-luxemburgensia","14":"first","15":"instock","16":"shipping-taxable","17":"purchasable","18":"product-type-simple"},"_links":{"self":[{"href":"https:\/\/legrenierdelatour.be\/brocante\/wp-json\/wp\/v2\/product\/3448","targetHints":{"allow":["GET"]}}],"collection":[{"href":"https:\/\/legrenierdelatour.be\/brocante\/wp-json\/wp\/v2\/product"}],"about":[{"href":"https:\/\/legrenierdelatour.be\/brocante\/wp-json\/wp\/v2\/types\/product"}],"replies":[{"embeddable":true,"href":"https:\/\/legrenierdelatour.be\/brocante\/wp-json\/wp\/v2\/comments?post=3448"}],"wp:featuredmedia":[{"embeddable":true,"href":"https:\/\/legrenierdelatour.be\/brocante\/wp-json\/wp\/v2\/media\/3443"}],"wp:attachment":[{"href":"https:\/\/legrenierdelatour.be\/brocante\/wp-json\/wp\/v2\/media?parent=3448"}],"wp:term":[{"taxonomy":"product_brand","embeddable":true,"href":"https:\/\/legrenierdelatour.be\/brocante\/wp-json\/wp\/v2\/product_brand?post=3448"},{"taxonomy":"product_cat","embeddable":true,"href":"https:\/\/legrenierdelatour.be\/brocante\/wp-json\/wp\/v2\/product_cat?post=3448"},{"taxonomy":"product_tag","embeddable":true,"href":"https:\/\/legrenierdelatour.be\/brocante\/wp-json\/wp\/v2\/product_tag?post=3448"}],"curies":[{"name":"wp","href":"https:\/\/api.w.org\/{rel}","templated":true}]}}