{"id":3421,"date":"2022-11-02T17:41:36","date_gmt":"2022-11-02T16:41:36","guid":{"rendered":"https:\/\/legrenierdelatour.be\/brocante\/?post_type=product&#038;p=3421"},"modified":"2023-04-02T18:09:09","modified_gmt":"2023-04-02T16:09:09","slug":"4-tableaux-brodes-ronds-en-chene","status":"publish","type":"product","link":"https:\/\/legrenierdelatour.be\/brocante\/produit\/4-tableaux-brodes-ronds-en-chene\/","title":{"rendered":"2 tableaux brod\u00e9s ronds en ch\u00eane"},"content":{"rendered":"<p>Ensemble de 2 petits tableaux ronds (15,5 cm de diam\u00e8tre) avec repr\u00e9sentations de fleurs. Ils sont r\u00e9alis\u00e9s en broderie et ont un air vitage tr\u00e8s int\u00e9ressant. Ils sont en tr\u00e8s bon \u00e9tat.<\/p>\n<div>Ils sont vendus \u00e0 la pi\u00e8ce \u00e0 10\u20ac.<\/div>\n<div>R\u00e9f 14.85<\/div>\n","protected":false},"excerpt":{"rendered":"<p>Ensemble de 2 petits tableaux ronds (15,5 cm de diam\u00e8tre) avec repr\u00e9sentations de fleurs. Ils sont r\u00e9alis\u00e9s en broderie et ont un air vitage tr\u00e8s int\u00e9ressant. Ils sont en tr\u00e8s bon \u00e9tat. Ils sont vendus \u00e0 la pi\u00e8ce \u00e0 10\u20ac. R\u00e9f 14.85<\/p>\n","protected":false},"featured_media":3405,"comment_status":"open","ping_status":"closed","template":"","meta":{"neve_meta_sidebar":"","neve_meta_container":"","neve_meta_enable_content_width":"off","neve_meta_content_width":100,"neve_meta_title_alignment":"","neve_meta_author_avatar":"","neve_post_elements_order":"","neve_meta_disable_header":"","neve_meta_disable_footer":"","neve_meta_disable_title":""},"product_brand":[],"product_cat":[167],"product_tag":[79,28],"class_list":{"0":"post-3421","1":"product","2":"type-product","3":"status-publish","4":"has-post-thumbnail","6":"product_cat-peintures-et-sculptures","7":"product_tag-art","8":"product_tag-vintage","10":"first","11":"instock","12":"shipping-taxable","13":"purchasable","14":"product-type-simple"},"_links":{"self":[{"href":"https:\/\/legrenierdelatour.be\/brocante\/wp-json\/wp\/v2\/product\/3421","targetHints":{"allow":["GET"]}}],"collection":[{"href":"https:\/\/legrenierdelatour.be\/brocante\/wp-json\/wp\/v2\/product"}],"about":[{"href":"https:\/\/legrenierdelatour.be\/brocante\/wp-json\/wp\/v2\/types\/product"}],"replies":[{"embeddable":true,"href":"https:\/\/legrenierdelatour.be\/brocante\/wp-json\/wp\/v2\/comments?post=3421"}],"wp:featuredmedia":[{"embeddable":true,"href":"https:\/\/legrenierdelatour.be\/brocante\/wp-json\/wp\/v2\/media\/3405"}],"wp:attachment":[{"href":"https:\/\/legrenierdelatour.be\/brocante\/wp-json\/wp\/v2\/media?parent=3421"}],"wp:term":[{"taxonomy":"product_brand","embeddable":true,"href":"https:\/\/legrenierdelatour.be\/brocante\/wp-json\/wp\/v2\/product_brand?post=3421"},{"taxonomy":"product_cat","embeddable":true,"href":"https:\/\/legrenierdelatour.be\/brocante\/wp-json\/wp\/v2\/product_cat?post=3421"},{"taxonomy":"product_tag","embeddable":true,"href":"https:\/\/legrenierdelatour.be\/brocante\/wp-json\/wp\/v2\/product_tag?post=3421"}],"curies":[{"name":"wp","href":"https:\/\/api.w.org\/{rel}","templated":true}]}}