{"id":341,"date":"2022-02-15T14:49:15","date_gmt":"2022-02-15T13:49:15","guid":{"rendered":"https:\/\/legrenierdelatour.be\/brocante\/?post_type=product&#038;p=341"},"modified":"2022-03-12T17:30:49","modified_gmt":"2022-03-12T16:30:49","slug":"bonbonniere-551-chantal-hubert-bequet","status":"publish","type":"product","link":"https:\/\/legrenierdelatour.be\/brocante\/produit\/bonbonniere-551-chantal-hubert-bequet\/","title":{"rendered":"Bonbonni\u00e8re 551 \u00ab\u00a0Chantal\u00a0\u00bb Hubert Bequet"},"content":{"rendered":"<p>Jolie bonbonni\u00e8re (8 cm long) en fa\u00efence produite par Hubert Bequet Quaregnon, avec le dessin \u00ab\u00a0Chantal\u00a0\u00bb peint \u00e0 la main et sign\u00e9 de l&rsquo;artisan peintre \u00ab\u00a0H\u00a0\u00bb en dor\u00e9 dans le couvercle et sous la bonbonni\u00e8re. Le mod\u00e8le \u00ab\u00a0551\u00a0\u00bb est en creux ainsi que le cachet dor\u00e9. La bonbonni\u00e8re date probablement des ann\u00e9es 1960.<\/p>\n<p>R\u00e9f 6.70<\/p>\n","protected":false},"excerpt":{"rendered":"<p>Jolie bonbonni\u00e8re (8 cm long) en fa\u00efence produite par Hubert Bequet Quaregnon, avec le dessin \u00ab\u00a0Chantal\u00a0\u00bb peint \u00e0 la main et sign\u00e9 de l&rsquo;artisan peintre \u00ab\u00a0H\u00a0\u00bb en dor\u00e9 dans le couvercle et sous la bonbonni\u00e8re. Le mod\u00e8le \u00ab\u00a0551\u00a0\u00bb est en creux ainsi que le cachet dor\u00e9. La bonbonni\u00e8re date probablement des ann\u00e9es 1960. R\u00e9f 6.70<\/p>\n","protected":false},"featured_media":337,"comment_status":"open","ping_status":"closed","template":"","meta":{"neve_meta_sidebar":"","neve_meta_container":"","neve_meta_enable_content_width":"off","neve_meta_content_width":100,"neve_meta_title_alignment":"","neve_meta_author_avatar":"","neve_post_elements_order":"","neve_meta_disable_header":"","neve_meta_disable_footer":"","neve_meta_disable_title":""},"product_brand":[],"product_cat":[15,37,16,36],"product_tag":[40,19,38,39],"class_list":{"0":"post-341","1":"product","2":"type-product","3":"status-publish","4":"has-post-thumbnail","6":"product_cat-non-classe","7":"product_cat-belgique","8":"product_cat-ceramique","9":"product_cat-hubert-bequet","10":"product_tag-belgique","11":"product_tag-faience","12":"product_tag-hubert-bequet","13":"product_tag-quaregnon","15":"first","16":"instock","17":"shipping-taxable","18":"purchasable","19":"product-type-simple"},"_links":{"self":[{"href":"https:\/\/legrenierdelatour.be\/brocante\/wp-json\/wp\/v2\/product\/341","targetHints":{"allow":["GET"]}}],"collection":[{"href":"https:\/\/legrenierdelatour.be\/brocante\/wp-json\/wp\/v2\/product"}],"about":[{"href":"https:\/\/legrenierdelatour.be\/brocante\/wp-json\/wp\/v2\/types\/product"}],"replies":[{"embeddable":true,"href":"https:\/\/legrenierdelatour.be\/brocante\/wp-json\/wp\/v2\/comments?post=341"}],"wp:featuredmedia":[{"embeddable":true,"href":"https:\/\/legrenierdelatour.be\/brocante\/wp-json\/wp\/v2\/media\/337"}],"wp:attachment":[{"href":"https:\/\/legrenierdelatour.be\/brocante\/wp-json\/wp\/v2\/media?parent=341"}],"wp:term":[{"taxonomy":"product_brand","embeddable":true,"href":"https:\/\/legrenierdelatour.be\/brocante\/wp-json\/wp\/v2\/product_brand?post=341"},{"taxonomy":"product_cat","embeddable":true,"href":"https:\/\/legrenierdelatour.be\/brocante\/wp-json\/wp\/v2\/product_cat?post=341"},{"taxonomy":"product_tag","embeddable":true,"href":"https:\/\/legrenierdelatour.be\/brocante\/wp-json\/wp\/v2\/product_tag?post=341"}],"curies":[{"name":"wp","href":"https:\/\/api.w.org\/{rel}","templated":true}]}}