{"id":3397,"date":"2022-10-31T13:32:54","date_gmt":"2022-10-31T12:32:54","guid":{"rendered":"https:\/\/legrenierdelatour.be\/brocante\/?post_type=product&#038;p=3397"},"modified":"2022-10-31T13:32:54","modified_gmt":"2022-10-31T12:32:54","slug":"miroir-biseaute-annees-50","status":"publish","type":"product","link":"https:\/\/legrenierdelatour.be\/brocante\/produit\/miroir-biseaute-annees-50\/","title":{"rendered":"Miroir biseaut\u00e9 Ann\u00e9es 50"},"content":{"rendered":"<p>Beau miroir biseaut\u00e9 dans un cadre en bois de ch\u00eane sculpt\u00e9 (72&#215;48 cm au plus large). Le miroir est en bon \u00e9tat si ce n\u2019est quelques petits manques de tain d\u00fbs \u00e0 l\u2019\u00e2ge.<\/p>\n<div>R\u00e9f 14.75<\/div>\n","protected":false},"excerpt":{"rendered":"<p>Beau miroir biseaut\u00e9 dans un cadre en bois de ch\u00eane sculpt\u00e9 (72&#215;48 cm au plus large). Le miroir est en bon \u00e9tat si ce n\u2019est quelques petits manques de tain d\u00fbs \u00e0 l\u2019\u00e2ge. R\u00e9f 14.75<\/p>\n","protected":false},"featured_media":3373,"comment_status":"open","ping_status":"closed","template":"","meta":{"neve_meta_sidebar":"","neve_meta_container":"","neve_meta_enable_content_width":"off","neve_meta_content_width":100,"neve_meta_title_alignment":"","neve_meta_author_avatar":"","neve_post_elements_order":"","neve_meta_disable_header":"","neve_meta_disable_footer":"","neve_meta_disable_title":""},"product_brand":[],"product_cat":[23,85],"product_tag":[86,84,28],"class_list":{"0":"post-3397","1":"product","2":"type-product","3":"status-publish","4":"has-post-thumbnail","6":"product_cat-mobilier","7":"product_cat-miroir","8":"product_tag-miroir","9":"product_tag-mobilier","10":"product_tag-vintage","12":"first","13":"instock","14":"shipping-taxable","15":"purchasable","16":"product-type-simple"},"_links":{"self":[{"href":"https:\/\/legrenierdelatour.be\/brocante\/wp-json\/wp\/v2\/product\/3397","targetHints":{"allow":["GET"]}}],"collection":[{"href":"https:\/\/legrenierdelatour.be\/brocante\/wp-json\/wp\/v2\/product"}],"about":[{"href":"https:\/\/legrenierdelatour.be\/brocante\/wp-json\/wp\/v2\/types\/product"}],"replies":[{"embeddable":true,"href":"https:\/\/legrenierdelatour.be\/brocante\/wp-json\/wp\/v2\/comments?post=3397"}],"wp:featuredmedia":[{"embeddable":true,"href":"https:\/\/legrenierdelatour.be\/brocante\/wp-json\/wp\/v2\/media\/3373"}],"wp:attachment":[{"href":"https:\/\/legrenierdelatour.be\/brocante\/wp-json\/wp\/v2\/media?parent=3397"}],"wp:term":[{"taxonomy":"product_brand","embeddable":true,"href":"https:\/\/legrenierdelatour.be\/brocante\/wp-json\/wp\/v2\/product_brand?post=3397"},{"taxonomy":"product_cat","embeddable":true,"href":"https:\/\/legrenierdelatour.be\/brocante\/wp-json\/wp\/v2\/product_cat?post=3397"},{"taxonomy":"product_tag","embeddable":true,"href":"https:\/\/legrenierdelatour.be\/brocante\/wp-json\/wp\/v2\/product_tag?post=3397"}],"curies":[{"name":"wp","href":"https:\/\/api.w.org\/{rel}","templated":true}]}}