{"id":3396,"date":"2022-10-31T13:09:26","date_gmt":"2022-10-31T12:09:26","guid":{"rendered":"https:\/\/legrenierdelatour.be\/brocante\/?post_type=product&#038;p=3396"},"modified":"2022-10-31T13:09:27","modified_gmt":"2022-10-31T12:09:27","slug":"diplome-de-la-croix-rouge-de-belgique-1956","status":"publish","type":"product","link":"https:\/\/legrenierdelatour.be\/brocante\/produit\/diplome-de-la-croix-rouge-de-belgique-1956\/","title":{"rendered":"Dipl\u00f4me de la Croix Rouge de Belgique 1956"},"content":{"rendered":"<p>Certificat (23,5 x 30,5 cm hors cadre) de don de sang d\u00e9livr\u00e9 par la Croix Rouge de Belgique et sign\u00e9 par le Prince Fr\u00e9d\u00e9ric de M\u00e9rode en 1956. Le dipl\u00f4me est en bon \u00e9tat si ce n\u2019est queques taches d\u00fbes \u00e0 l\u2019humidit\u00e9.<\/p>\n<div>R\u00e9f 14.74<\/div>\n","protected":false},"excerpt":{"rendered":"<p>Certificat (23,5 x 30,5 cm hors cadre) de don de sang d\u00e9livr\u00e9 par la Croix Rouge de Belgique et sign\u00e9 par le Prince Fr\u00e9d\u00e9ric de M\u00e9rode en 1956. Le dipl\u00f4me est en bon \u00e9tat si ce n\u2019est queques taches d\u00fbes \u00e0 l\u2019humidit\u00e9. R\u00e9f 14.74<\/p>\n","protected":false},"featured_media":3375,"comment_status":"open","ping_status":"closed","template":"","meta":{"neve_meta_sidebar":"","neve_meta_container":"","neve_meta_enable_content_width":"off","neve_meta_content_width":100,"neve_meta_title_alignment":"","neve_meta_author_avatar":"","neve_post_elements_order":"","neve_meta_disable_header":"","neve_meta_disable_footer":"","neve_meta_disable_title":""},"product_brand":[],"product_cat":[173,167,34],"product_tag":[79,40],"class_list":{"0":"post-3396","1":"product","2":"type-product","3":"status-publish","4":"has-post-thumbnail","6":"product_cat-objets-de-publicite","7":"product_cat-peintures-et-sculptures","8":"product_cat-religiosa","9":"product_tag-art","10":"product_tag-belgique","12":"first","13":"instock","14":"shipping-taxable","15":"purchasable","16":"product-type-simple"},"_links":{"self":[{"href":"https:\/\/legrenierdelatour.be\/brocante\/wp-json\/wp\/v2\/product\/3396","targetHints":{"allow":["GET"]}}],"collection":[{"href":"https:\/\/legrenierdelatour.be\/brocante\/wp-json\/wp\/v2\/product"}],"about":[{"href":"https:\/\/legrenierdelatour.be\/brocante\/wp-json\/wp\/v2\/types\/product"}],"replies":[{"embeddable":true,"href":"https:\/\/legrenierdelatour.be\/brocante\/wp-json\/wp\/v2\/comments?post=3396"}],"wp:featuredmedia":[{"embeddable":true,"href":"https:\/\/legrenierdelatour.be\/brocante\/wp-json\/wp\/v2\/media\/3375"}],"wp:attachment":[{"href":"https:\/\/legrenierdelatour.be\/brocante\/wp-json\/wp\/v2\/media?parent=3396"}],"wp:term":[{"taxonomy":"product_brand","embeddable":true,"href":"https:\/\/legrenierdelatour.be\/brocante\/wp-json\/wp\/v2\/product_brand?post=3396"},{"taxonomy":"product_cat","embeddable":true,"href":"https:\/\/legrenierdelatour.be\/brocante\/wp-json\/wp\/v2\/product_cat?post=3396"},{"taxonomy":"product_tag","embeddable":true,"href":"https:\/\/legrenierdelatour.be\/brocante\/wp-json\/wp\/v2\/product_tag?post=3396"}],"curies":[{"name":"wp","href":"https:\/\/api.w.org\/{rel}","templated":true}]}}