{"id":3395,"date":"2022-10-31T12:56:50","date_gmt":"2022-10-31T11:56:50","guid":{"rendered":"https:\/\/legrenierdelatour.be\/brocante\/?post_type=product&#038;p=3395"},"modified":"2022-10-31T12:56:50","modified_gmt":"2022-10-31T11:56:50","slug":"peinture-a-lhuile-bouquet-fin-du-19e-siecle","status":"publish","type":"product","link":"https:\/\/legrenierdelatour.be\/brocante\/produit\/peinture-a-lhuile-bouquet-fin-du-19e-siecle\/","title":{"rendered":"Peinture \u00e0 l&rsquo;huile Bouquet fin du 19\u00e8 si\u00e8cle"},"content":{"rendered":"<p>Nature morte \u00e0 l\u2019huile sur toile (40x30cm) sign\u00e9e D\u2026. (non lisible), datant de la fin du 19\u00e8-d\u00e9but du 20\u00e8 si\u00e8cle. Cette printure \u00e0 l\u2019huile repr\u00e9sentant un bouquet de fleurs est en tr\u00e8s bon \u00e9tat.<\/p>\n<div>R\u00e9f 14.73<\/div>\n","protected":false},"excerpt":{"rendered":"<p>Nature morte \u00e0 l\u2019huile sur toile (40x30cm) sign\u00e9e D\u2026. (non lisible), datant de la fin du 19\u00e8-d\u00e9but du 20\u00e8 si\u00e8cle. Cette printure \u00e0 l\u2019huile repr\u00e9sentant un bouquet de fleurs est en tr\u00e8s bon \u00e9tat. R\u00e9f 14.73<\/p>\n","protected":false},"featured_media":3377,"comment_status":"open","ping_status":"closed","template":"","meta":{"neve_meta_sidebar":"","neve_meta_container":"","neve_meta_enable_content_width":"off","neve_meta_content_width":100,"neve_meta_title_alignment":"","neve_meta_author_avatar":"","neve_post_elements_order":"","neve_meta_disable_header":"","neve_meta_disable_footer":"","neve_meta_disable_title":""},"product_brand":[],"product_cat":[167],"product_tag":[79],"class_list":{"0":"post-3395","1":"product","2":"type-product","3":"status-publish","4":"has-post-thumbnail","6":"product_cat-peintures-et-sculptures","7":"product_tag-art","9":"first","10":"instock","11":"shipping-taxable","12":"purchasable","13":"product-type-simple"},"_links":{"self":[{"href":"https:\/\/legrenierdelatour.be\/brocante\/wp-json\/wp\/v2\/product\/3395","targetHints":{"allow":["GET"]}}],"collection":[{"href":"https:\/\/legrenierdelatour.be\/brocante\/wp-json\/wp\/v2\/product"}],"about":[{"href":"https:\/\/legrenierdelatour.be\/brocante\/wp-json\/wp\/v2\/types\/product"}],"replies":[{"embeddable":true,"href":"https:\/\/legrenierdelatour.be\/brocante\/wp-json\/wp\/v2\/comments?post=3395"}],"wp:featuredmedia":[{"embeddable":true,"href":"https:\/\/legrenierdelatour.be\/brocante\/wp-json\/wp\/v2\/media\/3377"}],"wp:attachment":[{"href":"https:\/\/legrenierdelatour.be\/brocante\/wp-json\/wp\/v2\/media?parent=3395"}],"wp:term":[{"taxonomy":"product_brand","embeddable":true,"href":"https:\/\/legrenierdelatour.be\/brocante\/wp-json\/wp\/v2\/product_brand?post=3395"},{"taxonomy":"product_cat","embeddable":true,"href":"https:\/\/legrenierdelatour.be\/brocante\/wp-json\/wp\/v2\/product_cat?post=3395"},{"taxonomy":"product_tag","embeddable":true,"href":"https:\/\/legrenierdelatour.be\/brocante\/wp-json\/wp\/v2\/product_tag?post=3395"}],"curies":[{"name":"wp","href":"https:\/\/api.w.org\/{rel}","templated":true}]}}