{"id":3363,"date":"2022-10-27T17:29:45","date_gmt":"2022-10-27T15:29:45","guid":{"rendered":"https:\/\/legrenierdelatour.be\/brocante\/?post_type=product&#038;p=3363"},"modified":"2022-10-27T17:29:45","modified_gmt":"2022-10-27T15:29:45","slug":"assiette-carrefour-amitie-daubange","status":"publish","type":"product","link":"https:\/\/legrenierdelatour.be\/brocante\/produit\/assiette-carrefour-amitie-daubange\/","title":{"rendered":"Assiette Carrefour-Amiti\u00e9 d&rsquo;Aubange"},"content":{"rendered":"<p>Assiette en fa\u00efence (23,5 cm de diam\u00e8tre) \u00e9dit\u00e9e \u00e0 l\u2019occasion du 15\u00e8 anniversaire de \u00ab\u00a0Carrefour-Amiti\u00e9\u00a0\u00bb en 1987, num\u00e9rot\u00e9e 37. Elle repr\u00e9sente Les arbres vcentenaires d\u2019aubagne, d\u2019apr\u00e8s un dessin de R.Nizet. Elle a \u00e9t\u00e9 produite par Villeroy et Boch Luxembourg et est en tr\u00e8s bon \u00e9tat.<\/p>\n<div>R\u00e9f 14.65<\/div>\n","protected":false},"excerpt":{"rendered":"<p>Assiette en fa\u00efence (23,5 cm de diam\u00e8tre) \u00e9dit\u00e9e \u00e0 l\u2019occasion du 15\u00e8 anniversaire de \u00ab\u00a0Carrefour-Amiti\u00e9\u00a0\u00bb en 1987, num\u00e9rot\u00e9e 37. Elle repr\u00e9sente Les arbres vcentenaires d\u2019aubagne, d\u2019apr\u00e8s un dessin de R.Nizet. Elle a \u00e9t\u00e9 produite par Villeroy et Boch Luxembourg et est en tr\u00e8s bon \u00e9tat. R\u00e9f 14.65<\/p>\n","protected":false},"featured_media":3357,"comment_status":"open","ping_status":"closed","template":"","meta":{"neve_meta_sidebar":"","neve_meta_container":"","neve_meta_enable_content_width":"off","neve_meta_content_width":100,"neve_meta_title_alignment":"","neve_meta_author_avatar":"","neve_post_elements_order":"","neve_meta_disable_header":"","neve_meta_disable_footer":"","neve_meta_disable_title":""},"product_brand":[],"product_cat":[16,165,30,31,29],"product_tag":[19,112,32],"class_list":{"0":"post-3363","1":"product","2":"type-product","3":"status-publish","4":"has-post-thumbnail","6":"product_cat-ceramique","7":"product_cat-luxembourg","8":"product_cat-luxemburgensia","9":"product_cat-pays-darlon","10":"product_cat-villeroy-boch","11":"product_tag-faience","12":"product_tag-pays-darlon","13":"product_tag-villeroy-et-boch","15":"first","16":"instock","17":"shipping-taxable","18":"purchasable","19":"product-type-simple"},"_links":{"self":[{"href":"https:\/\/legrenierdelatour.be\/brocante\/wp-json\/wp\/v2\/product\/3363","targetHints":{"allow":["GET"]}}],"collection":[{"href":"https:\/\/legrenierdelatour.be\/brocante\/wp-json\/wp\/v2\/product"}],"about":[{"href":"https:\/\/legrenierdelatour.be\/brocante\/wp-json\/wp\/v2\/types\/product"}],"replies":[{"embeddable":true,"href":"https:\/\/legrenierdelatour.be\/brocante\/wp-json\/wp\/v2\/comments?post=3363"}],"wp:featuredmedia":[{"embeddable":true,"href":"https:\/\/legrenierdelatour.be\/brocante\/wp-json\/wp\/v2\/media\/3357"}],"wp:attachment":[{"href":"https:\/\/legrenierdelatour.be\/brocante\/wp-json\/wp\/v2\/media?parent=3363"}],"wp:term":[{"taxonomy":"product_brand","embeddable":true,"href":"https:\/\/legrenierdelatour.be\/brocante\/wp-json\/wp\/v2\/product_brand?post=3363"},{"taxonomy":"product_cat","embeddable":true,"href":"https:\/\/legrenierdelatour.be\/brocante\/wp-json\/wp\/v2\/product_cat?post=3363"},{"taxonomy":"product_tag","embeddable":true,"href":"https:\/\/legrenierdelatour.be\/brocante\/wp-json\/wp\/v2\/product_tag?post=3363"}],"curies":[{"name":"wp","href":"https:\/\/api.w.org\/{rel}","templated":true}]}}