{"id":3335,"date":"2022-10-26T08:55:57","date_gmt":"2022-10-26T06:55:57","guid":{"rendered":"https:\/\/legrenierdelatour.be\/brocante\/?post_type=product&#038;p=3335"},"modified":"2022-10-26T08:55:57","modified_gmt":"2022-10-26T06:55:57","slug":"cadre-oval-bombe-vierge-artilux","status":"publish","type":"product","link":"https:\/\/legrenierdelatour.be\/brocante\/produit\/cadre-oval-bombe-vierge-artilux\/","title":{"rendered":"Cadre oval bomb\u00e9 Vierge Artilux"},"content":{"rendered":"<p>Cadre avec verre bomb\u00e9 (23 cm de haut sans accroche) avec une repr\u00e9sentation de la Vierge de profil. Cet objet de d\u00e9votion produit dans les ann\u00e9es 1950-60 est en parfait \u00e9tat et a \u00e9t\u00e9 produit par la soci\u00e9t\u00e9 Artilux.<\/p>\n<div>R\u00e9f 14.55<\/div>\n","protected":false},"excerpt":{"rendered":"<p>Cadre avec verre bomb\u00e9 (23 cm de haut sans accroche) avec une repr\u00e9sentation de la Vierge de profil. Cet objet de d\u00e9votion produit dans les ann\u00e9es 1950-60 est en parfait \u00e9tat et a \u00e9t\u00e9 produit par la soci\u00e9t\u00e9 Artilux. R\u00e9f 14.55<\/p>\n","protected":false},"featured_media":3326,"comment_status":"open","ping_status":"closed","template":"","meta":{"neve_meta_sidebar":"","neve_meta_container":"","neve_meta_enable_content_width":"off","neve_meta_content_width":100,"neve_meta_title_alignment":"","neve_meta_author_avatar":"","neve_post_elements_order":"","neve_meta_disable_header":"","neve_meta_disable_footer":"","neve_meta_disable_title":""},"product_brand":[],"product_cat":[167,34],"product_tag":[35,28],"class_list":{"0":"post-3335","1":"product","2":"type-product","3":"status-publish","4":"has-post-thumbnail","6":"product_cat-peintures-et-sculptures","7":"product_cat-religiosa","8":"product_tag-religion","9":"product_tag-vintage","11":"first","12":"instock","13":"shipping-taxable","14":"purchasable","15":"product-type-simple"},"_links":{"self":[{"href":"https:\/\/legrenierdelatour.be\/brocante\/wp-json\/wp\/v2\/product\/3335","targetHints":{"allow":["GET"]}}],"collection":[{"href":"https:\/\/legrenierdelatour.be\/brocante\/wp-json\/wp\/v2\/product"}],"about":[{"href":"https:\/\/legrenierdelatour.be\/brocante\/wp-json\/wp\/v2\/types\/product"}],"replies":[{"embeddable":true,"href":"https:\/\/legrenierdelatour.be\/brocante\/wp-json\/wp\/v2\/comments?post=3335"}],"wp:featuredmedia":[{"embeddable":true,"href":"https:\/\/legrenierdelatour.be\/brocante\/wp-json\/wp\/v2\/media\/3326"}],"wp:attachment":[{"href":"https:\/\/legrenierdelatour.be\/brocante\/wp-json\/wp\/v2\/media?parent=3335"}],"wp:term":[{"taxonomy":"product_brand","embeddable":true,"href":"https:\/\/legrenierdelatour.be\/brocante\/wp-json\/wp\/v2\/product_brand?post=3335"},{"taxonomy":"product_cat","embeddable":true,"href":"https:\/\/legrenierdelatour.be\/brocante\/wp-json\/wp\/v2\/product_cat?post=3335"},{"taxonomy":"product_tag","embeddable":true,"href":"https:\/\/legrenierdelatour.be\/brocante\/wp-json\/wp\/v2\/product_tag?post=3335"}],"curies":[{"name":"wp","href":"https:\/\/api.w.org\/{rel}","templated":true}]}}