{"id":3334,"date":"2022-10-25T17:56:20","date_gmt":"2022-10-25T15:56:20","guid":{"rendered":"https:\/\/legrenierdelatour.be\/brocante\/?post_type=product&#038;p=3334"},"modified":"2022-10-25T19:20:40","modified_gmt":"2022-10-25T17:20:40","slug":"assiette-napoleon-boch-keramis","status":"publish","type":"product","link":"https:\/\/legrenierdelatour.be\/brocante\/produit\/assiette-napoleon-boch-keramis\/","title":{"rendered":"Assiette Napol\u00e9on Boch K\u00e9ramis"},"content":{"rendered":"<p>Belle assiette Napol\u00e9on (22,5 cm de diam\u00e8tre) produite par Boch K\u00e9ramis sans doute \u00e0 la fin du 19\u00e8me si\u00e8cle. en effet, le cachet \u00e0 la banderole fut surtout utilis\u00e9 de 1850 \u00e0 1880. La gravure repr\u00e9sente la Bataille du Somo-Sierra en 1808, une bataille de Napol\u00e9on en Espagne. L\u2019assiette est en bon \u00e9tat, si ce n\u2019est quelques griffures d\u00fbes au syst\u00e8me d\u2019accroche ant\u00e9rieur (elle \u00e9tait visiblement suspendue en d\u00e9coration).<\/p>\n<div>R\u00e9f 14.54<\/div>\n","protected":false},"excerpt":{"rendered":"<p>Belle assiette Napol\u00e9on (22,5 cm de diam\u00e8tre) produite par Boch K\u00e9ramis sans doute \u00e0 la fin du 19\u00e8me si\u00e8cle. en effet, le cachet \u00e0 la banderole fut surtout utilis\u00e9 de 1850 \u00e0 1880. La gravure repr\u00e9sente la Bataille du Somo-Sierra en 1808, une bataille de Napol\u00e9on en Espagne. L\u2019assiette est en bon \u00e9tat, si ce&hellip;&nbsp;<a href=\"https:\/\/legrenierdelatour.be\/brocante\/produit\/assiette-napoleon-boch-keramis\/\" class=\"\" rel=\"bookmark\">Lire la suite &raquo;<span class=\"screen-reader-text\">Assiette Napol\u00e9on Boch K\u00e9ramis<\/span><\/a><\/p>\n","protected":false},"featured_media":3320,"comment_status":"open","ping_status":"closed","template":"","meta":{"neve_meta_sidebar":"","neve_meta_container":"","neve_meta_enable_content_width":"off","neve_meta_content_width":100,"neve_meta_title_alignment":"","neve_meta_author_avatar":"","neve_post_elements_order":"","neve_meta_disable_header":"","neve_meta_disable_footer":"","neve_meta_disable_title":""},"product_brand":[],"product_cat":[37,175,16],"product_tag":[40,20,19],"class_list":{"0":"post-3334","1":"product","2":"type-product","3":"status-publish","4":"has-post-thumbnail","6":"product_cat-belgique","7":"product_cat-boch","8":"product_cat-ceramique","9":"product_tag-belgique","10":"product_tag-boch","11":"product_tag-faience","13":"first","14":"instock","15":"shipping-taxable","16":"purchasable","17":"product-type-simple"},"_links":{"self":[{"href":"https:\/\/legrenierdelatour.be\/brocante\/wp-json\/wp\/v2\/product\/3334","targetHints":{"allow":["GET"]}}],"collection":[{"href":"https:\/\/legrenierdelatour.be\/brocante\/wp-json\/wp\/v2\/product"}],"about":[{"href":"https:\/\/legrenierdelatour.be\/brocante\/wp-json\/wp\/v2\/types\/product"}],"replies":[{"embeddable":true,"href":"https:\/\/legrenierdelatour.be\/brocante\/wp-json\/wp\/v2\/comments?post=3334"}],"wp:featuredmedia":[{"embeddable":true,"href":"https:\/\/legrenierdelatour.be\/brocante\/wp-json\/wp\/v2\/media\/3320"}],"wp:attachment":[{"href":"https:\/\/legrenierdelatour.be\/brocante\/wp-json\/wp\/v2\/media?parent=3334"}],"wp:term":[{"taxonomy":"product_brand","embeddable":true,"href":"https:\/\/legrenierdelatour.be\/brocante\/wp-json\/wp\/v2\/product_brand?post=3334"},{"taxonomy":"product_cat","embeddable":true,"href":"https:\/\/legrenierdelatour.be\/brocante\/wp-json\/wp\/v2\/product_cat?post=3334"},{"taxonomy":"product_tag","embeddable":true,"href":"https:\/\/legrenierdelatour.be\/brocante\/wp-json\/wp\/v2\/product_tag?post=3334"}],"curies":[{"name":"wp","href":"https:\/\/api.w.org\/{rel}","templated":true}]}}