{"id":3311,"date":"2022-10-25T17:25:51","date_gmt":"2022-10-25T15:25:51","guid":{"rendered":"https:\/\/legrenierdelatour.be\/brocante\/?post_type=product&#038;p=3311"},"modified":"2024-06-22T09:21:29","modified_gmt":"2024-06-22T07:21:29","slug":"pot-a-tabac-gres-westerwald","status":"publish","type":"product","link":"https:\/\/legrenierdelatour.be\/brocante\/produit\/pot-a-tabac-gres-westerwald\/","title":{"rendered":"Pot \u00e0 tabac gr\u00e8s Westerwald, 1760"},"content":{"rendered":"<p>Pot \u00e0 tabac (18 cm de haut sans couvercle, 0,5 L) en gr\u00e8s \u00e9maill\u00e9, avec deux repr\u00e9sentations de sc\u00e8nes de genre li\u00e9es au tabac. Il est en tr\u00e8s bon \u00e9tat, porte le num\u00e9ro 1760, et a sans doute \u00e9t\u00e9 produit par la manufacture Marzi &amp; Remy dans le Westerwald en Allemagne, dans la premi\u00e8re moiti\u00e9 du XX\u00e8me si\u00e8cle.<\/p>\n<p>Deux exemplaires disponibles<\/p>\n<p>R\u00e9f 14.52<\/p>\n","protected":false},"excerpt":{"rendered":"<p>Pot \u00e0 tabac (18 cm de haut sans couvercle, 0,5 L) en gr\u00e8s \u00e9maill\u00e9, avec deux repr\u00e9sentations de sc\u00e8nes de genre li\u00e9es au tabac. Il est en tr\u00e8s bon \u00e9tat, porte le num\u00e9ro 1760, et a sans doute \u00e9t\u00e9 produit par la manufacture Marzi &amp; Remy dans le Westerwald en Allemagne, dans la premi\u00e8re moiti\u00e9&hellip;&nbsp;<a href=\"https:\/\/legrenierdelatour.be\/brocante\/produit\/pot-a-tabac-gres-westerwald\/\" class=\"\" rel=\"bookmark\">Lire la suite &raquo;<span class=\"screen-reader-text\">Pot \u00e0 tabac gr\u00e8s Westerwald, 1760<\/span><\/a><\/p>\n","protected":false},"featured_media":3324,"comment_status":"open","ping_status":"closed","template":"","meta":{"neve_meta_sidebar":"","neve_meta_container":"","neve_meta_enable_content_width":"off","neve_meta_content_width":100,"neve_meta_title_alignment":"","neve_meta_author_avatar":"","neve_post_elements_order":"","neve_meta_disable_header":"","neve_meta_disable_footer":"","neve_meta_disable_title":""},"product_brand":[],"product_cat":[48,183,16],"product_tag":[121,113],"class_list":{"0":"post-3311","1":"product","2":"type-product","3":"status-publish","4":"has-post-thumbnail","6":"product_cat-allemagne","7":"product_cat-bureau-et-fumoir","8":"product_cat-ceramique","9":"product_tag-fumoir","10":"product_tag-gres","12":"first","13":"instock","14":"shipping-taxable","15":"purchasable","16":"product-type-simple"},"_links":{"self":[{"href":"https:\/\/legrenierdelatour.be\/brocante\/wp-json\/wp\/v2\/product\/3311","targetHints":{"allow":["GET"]}}],"collection":[{"href":"https:\/\/legrenierdelatour.be\/brocante\/wp-json\/wp\/v2\/product"}],"about":[{"href":"https:\/\/legrenierdelatour.be\/brocante\/wp-json\/wp\/v2\/types\/product"}],"replies":[{"embeddable":true,"href":"https:\/\/legrenierdelatour.be\/brocante\/wp-json\/wp\/v2\/comments?post=3311"}],"wp:featuredmedia":[{"embeddable":true,"href":"https:\/\/legrenierdelatour.be\/brocante\/wp-json\/wp\/v2\/media\/3324"}],"wp:attachment":[{"href":"https:\/\/legrenierdelatour.be\/brocante\/wp-json\/wp\/v2\/media?parent=3311"}],"wp:term":[{"taxonomy":"product_brand","embeddable":true,"href":"https:\/\/legrenierdelatour.be\/brocante\/wp-json\/wp\/v2\/product_brand?post=3311"},{"taxonomy":"product_cat","embeddable":true,"href":"https:\/\/legrenierdelatour.be\/brocante\/wp-json\/wp\/v2\/product_cat?post=3311"},{"taxonomy":"product_tag","embeddable":true,"href":"https:\/\/legrenierdelatour.be\/brocante\/wp-json\/wp\/v2\/product_tag?post=3311"}],"curies":[{"name":"wp","href":"https:\/\/api.w.org\/{rel}","templated":true}]}}