{"id":3306,"date":"2022-10-20T16:41:50","date_gmt":"2022-10-20T14:41:50","guid":{"rendered":"https:\/\/legrenierdelatour.be\/brocante\/?post_type=product&#038;p=3306"},"modified":"2022-10-20T16:41:51","modified_gmt":"2022-10-20T14:41:51","slug":"buste-en-platre-de-don-bosco-pab","status":"publish","type":"product","link":"https:\/\/legrenierdelatour.be\/brocante\/produit\/buste-en-platre-de-don-bosco-pab\/","title":{"rendered":"Buste en pl\u00e2tre de Don Bosco PAB"},"content":{"rendered":"<p>Buste en pl\u00e2tre de Don Bosco (1815-1888) en pl\u00e2tre peint de peinture dor\u00e9e. Ce buste ab\u00eem\u00e9 \u00e0 quelques endroits est produit par la firme P.A.B (Plastic Art Belgium succursale du dernier statuaire belge en activit\u00e9 Vandervliet-Haenecour). Ce buste date sans doute des ann\u00e9es 1950. Un singulier bout de m\u00e9tal est coul\u00e9 dans la base du buste. Il n&rsquo;a pas pu \u00eatre d\u00e9chiffr\u00e9.<\/p>\n<div>R\u00e9f 14.46<\/div>\n","protected":false},"excerpt":{"rendered":"<p>Buste en pl\u00e2tre de Don Bosco (1815-1888) en pl\u00e2tre peint de peinture dor\u00e9e. Ce buste ab\u00eem\u00e9 \u00e0 quelques endroits est produit par la firme P.A.B (Plastic Art Belgium succursale du dernier statuaire belge en activit\u00e9 Vandervliet-Haenecour). Ce buste date sans doute des ann\u00e9es 1950. Un singulier bout de m\u00e9tal est coul\u00e9 dans la base du&hellip;&nbsp;<a href=\"https:\/\/legrenierdelatour.be\/brocante\/produit\/buste-en-platre-de-don-bosco-pab\/\" class=\"\" rel=\"bookmark\">Lire la suite &raquo;<span class=\"screen-reader-text\">Buste en pl\u00e2tre de Don Bosco PAB<\/span><\/a><\/p>\n","protected":false},"featured_media":3285,"comment_status":"open","ping_status":"closed","template":"","meta":{"neve_meta_sidebar":"","neve_meta_container":"","neve_meta_enable_content_width":"off","neve_meta_content_width":100,"neve_meta_title_alignment":"","neve_meta_author_avatar":"","neve_post_elements_order":"","neve_meta_disable_header":"","neve_meta_disable_footer":"","neve_meta_disable_title":""},"product_brand":[],"product_cat":[37,16,167,34],"product_tag":[79,40,35],"class_list":{"0":"post-3306","1":"product","2":"type-product","3":"status-publish","4":"has-post-thumbnail","6":"product_cat-belgique","7":"product_cat-ceramique","8":"product_cat-peintures-et-sculptures","9":"product_cat-religiosa","10":"product_tag-art","11":"product_tag-belgique","12":"product_tag-religion","14":"first","15":"instock","16":"shipping-taxable","17":"purchasable","18":"product-type-simple"},"_links":{"self":[{"href":"https:\/\/legrenierdelatour.be\/brocante\/wp-json\/wp\/v2\/product\/3306","targetHints":{"allow":["GET"]}}],"collection":[{"href":"https:\/\/legrenierdelatour.be\/brocante\/wp-json\/wp\/v2\/product"}],"about":[{"href":"https:\/\/legrenierdelatour.be\/brocante\/wp-json\/wp\/v2\/types\/product"}],"replies":[{"embeddable":true,"href":"https:\/\/legrenierdelatour.be\/brocante\/wp-json\/wp\/v2\/comments?post=3306"}],"wp:featuredmedia":[{"embeddable":true,"href":"https:\/\/legrenierdelatour.be\/brocante\/wp-json\/wp\/v2\/media\/3285"}],"wp:attachment":[{"href":"https:\/\/legrenierdelatour.be\/brocante\/wp-json\/wp\/v2\/media?parent=3306"}],"wp:term":[{"taxonomy":"product_brand","embeddable":true,"href":"https:\/\/legrenierdelatour.be\/brocante\/wp-json\/wp\/v2\/product_brand?post=3306"},{"taxonomy":"product_cat","embeddable":true,"href":"https:\/\/legrenierdelatour.be\/brocante\/wp-json\/wp\/v2\/product_cat?post=3306"},{"taxonomy":"product_tag","embeddable":true,"href":"https:\/\/legrenierdelatour.be\/brocante\/wp-json\/wp\/v2\/product_tag?post=3306"}],"curies":[{"name":"wp","href":"https:\/\/api.w.org\/{rel}","templated":true}]}}